{"id":1093,"date":"2021-11-13T20:54:57","date_gmt":"2021-11-14T03:54:57","guid":{"rendered":"https:\/\/www.sunsetcity.ca\/?page_id=1093"},"modified":"2023-09-15T10:33:56","modified_gmt":"2023-09-15T17:33:56","slug":"shipping","status":"publish","type":"page","link":"https:\/\/sunsetcity.co\/fr\/expedition\/","title":{"rendered":"Politique d&#039;exp\u00e9dition"},"content":{"rendered":"<p><a href=\"https:\/\/www.sunsetcity.ca\/order-tracking\/\" target=\"_blank\" rel=\"noopener\">Estimateur d&#039;exp\u00e9dition \/ suivi des commandes<\/a><\/p>\n<p><strong><em>VEUILLEZ ASSURER DE V\u00c9RIFIER VOTRE ADRESSE DE LIVRAISON AUX \u00c9TATS-UNIS OU AU CANADA, Y COMPRIS LES NUM\u00c9ROS D&#039;UNIT\u00c9, LE CAS \u00c9CH\u00c9ANT, AVANT DE TERMINER VOTRE COMMANDE. <\/em><\/strong><em>Nous ne sommes pas responsables des colis livr\u00e9s de mani\u00e8re incorrecte ou perdus en raison d&#039;informations d&#039;exp\u00e9dition incorrectes ou incompl\u00e8tes fournies par un client. Aucun remboursement ne sera effectu\u00e9 si des parties de l&#039;adresse sont incorrectes. De plus, si votre adresse est mal saisie, les exp\u00e9diteurs peuvent facturer la correction de l&#039;adresse ou nous renvoyer le colis, ce qui est extr\u00eamement co\u00fbteux. Si l&#039;adresse incorrecte est votre erreur, les frais vous seront factur\u00e9s. Les frais d&#039;exp\u00e9dition ne sont pas remboursables.<\/em><\/p>\n\t\t\t\t<img loading=\"lazy\" decoding=\"async\" src=\"https:\/\/www.sunsetcity.ca\/wp-content\/uploads\/2022\/08\/1-4-Bus.-Days-1-600x600.png\" alt=\"coucher de soleilville+champignons+exp\u00e9dition\" itemprop=\"image\" height=\"600\" width=\"600\" title=\"Sunsetcity+champignons+exp\u00e9dition+coffre-fort\" onerror=\"this.style.display='none'\"  \/>\n\t<p><strong>Depuis le 22 f\u00e9vrier 2023, TOUTES les commandes sont en cours. Nous changeons r\u00e9guli\u00e8rement de syst\u00e8me d&#039;exp\u00e9dition\/d&#039;emballage pour garantir que votre commande arrive en toute s\u00e9curit\u00e9 \u00e0 votre adresse de livraison. Cependant, dans le cas o\u00f9 votre commande serait perdue, nous proposons un remplacement complet gratuit, sans poser de questions.<\/strong><\/p>\n<p>&nbsp;<\/p>\n<p>un)\u00a0<b data-stringify-type=\"bold\">La commande aupr\u00e8s de Sunset City se fait aux risques et p\u00e9rils du client.<\/b> Le client s&#039;engage \u00e0 \u00eatre responsable du respect des lois de son propre pays. Par cons\u00e9quent, l&#039;acheteur s&#039;engage dans toutes les situations \u00e0 ne d\u00e9poser aucune action en justice\/r\u00e9clamation envers notre site Internet, notre soci\u00e9t\u00e9 et toute personne travaillant pour notre soci\u00e9t\u00e9. Au Canada, nous op\u00e9rons dans une zone grise, mais notre province (Colombie-Britannique) a r\u00e9cemment re\u00e7u <a href=\"https:\/\/news.gov.bc.ca\/releases\/2022MMHA0029-000850\" target=\"_blank\" rel=\"noopener\">exemption pour possession<\/a> selon le gouvernement de la Colombie-Britannique.<\/p>\n<p>&nbsp;<\/p>\n<p>b) Nous veillons \u00e0 ce que <b data-stringify-type=\"bold\">toutes les commandes pay\u00e9es seront envoy\u00e9es et emball\u00e9es de mani\u00e8re s\u00e9curis\u00e9e et discr\u00e8te<\/b>. Nous utilisons les services d&#039;exp\u00e9dition acc\u00e9l\u00e9r\u00e9e ou express de Postes Canada pour toutes les commandes, sauf indication contraire.<\/p>\n<p>&nbsp;<\/p>\n<p>c) Nous exp\u00e9dions uniquement aux personnes qui se trouvent au-dessus du <strong>\u00e2ge de 19+<\/strong><\/p>\n<p>&nbsp;<\/p>\n<p>d) Satisfaction garantie, nous veillons \u00e0 ce que vos produits r\u00e9pondent \u00e0 vos attentes. Cependant, nous ne sommes pas responsables en cas d&#039;utilisation incorrecte. Si vous avez des questions concernant un produit, veuillez envoyer un courriel \u00e0 admin@sunsetcity.ca<\/p>\n<p>&nbsp;<\/p>\n<p>e) Le paiement de votre commande appara\u00eetra sous la forme \u00ab SSC *sq* \u00bb sur le relev\u00e9 bancaire de votre carte de cr\u00e9dit\/d\u00e9bit.<\/p>\n\t<p><a href=\"https:\/\/www.sunsetcity.ca\/wp-content\/uploads\/2022\/07\/Blue-and-Purple-Gradient-Good-Order-Process-Infographic-1.png\" data-rel=\"lightbox-image-0\" data-rl_title=\"\" data-rl_caption=\"\" title=\"\" target=\"_blank\" rel=\"noopener\"><img loading=\"lazy\" decoding=\"async\" src=\"https:\/\/www.sunsetcity.ca\/wp-content\/uploads\/2022\/07\/Blue-and-Purple-Gradient-Good-Order-Process-Infographic-1-410x1024.png\" alt=\"coucher de soleilville+magie+champignons+exp\u00e9dition\" width=\"410\" height=\"1024\" \/><\/a><\/p>","protected":false},"excerpt":{"rendered":"<p>Estimateur d&#039;exp\u00e9dition \/ suivi des commandes VEUILLEZ VOUS ASSURER DE V\u00c9RIFIER VOTRE ADRESSE DE LIVRAISON AUX \u00c9TATS-UNIS ou AU CANADA, Y COMPRIS LES NUM\u00c9ROS D&#039;UNIT\u00c9, LE CAS \u00c9CH\u00c9ANT, AVANT DE TERMINER VOTRE COMMANDE. Nous ne sommes pas responsables des colis livr\u00e9s de mani\u00e8re incorrecte ou perdus en raison d&#039;informations d&#039;exp\u00e9dition incorrectes ou incompl\u00e8tes fournies par un client. Aucun remboursement ne sera effectu\u00e9 si une partie de\u2026<\/p>\n<p class=\"read-more\"> <a class=\"\" href=\"https:\/\/sunsetcity.co\/fr\/expedition\/\"> <span class=\"screen-reader-text\">Politique d&#039;exp\u00e9dition<\/span> Lire la suite \u00bb<\/a><\/p>","protected":false},"author":1,"featured_media":0,"parent":0,"menu_order":0,"comment_status":"closed","ping_status":"closed","template":"","meta":{"site-sidebar-layout":"default","site-content-layout":"default","ast-global-header-display":"","ast-main-header-display":"","ast-hfb-above-header-display":"","ast-hfb-below-header-display":"","ast-hfb-mobile-header-display":"","site-post-title":"","ast-breadcrumbs-content":"","ast-featured-img":"","footer-sml-layout":"","theme-transparent-header-meta":"","adv-header-id-meta":"","stick-header-meta":"","header-above-stick-meta":"","header-main-stick-meta":"","header-below-stick-meta":"","footnotes":""},"class_list":["post-1093","page","type-page","status-publish","hentry"],"_links":{"self":[{"href":"https:\/\/sunsetcity.co\/fr\/wp-json\/wp\/v2\/pages\/1093","targetHints":{"allow":["GET"]}}],"collection":[{"href":"https:\/\/sunsetcity.co\/fr\/wp-json\/wp\/v2\/pages"}],"about":[{"href":"https:\/\/sunsetcity.co\/fr\/wp-json\/wp\/v2\/types\/page"}],"author":[{"embeddable":true,"href":"https:\/\/sunsetcity.co\/fr\/wp-json\/wp\/v2\/users\/1"}],"replies":[{"embeddable":true,"href":"https:\/\/sunsetcity.co\/fr\/wp-json\/wp\/v2\/comments?post=1093"}],"version-history":[{"count":0,"href":"https:\/\/sunsetcity.co\/fr\/wp-json\/wp\/v2\/pages\/1093\/revisions"}],"wp:attachment":[{"href":"https:\/\/sunsetcity.co\/fr\/wp-json\/wp\/v2\/media?parent=1093"}],"curies":[{"name":"wp","href":"https:\/\/api.w.org\/{rel}","templated":true}]}}