{"id":29,"date":"2020-03-19T14:58:22","date_gmt":"2020-03-19T14:58:22","guid":{"rendered":"https:\/\/www.sunsetcity.ca\/about\/"},"modified":"2024-01-05T10:19:54","modified_gmt":"2024-01-05T17:19:54","slug":"social","status":"publish","type":"page","link":"https:\/\/sunsetcity.co\/fr\/sociale\/","title":{"rendered":"Sociale"},"content":{"rendered":"<p>&nbsp;<\/p>\nVoir cette publication sur Instagram\n<p>&nbsp;<\/p>\n<p><a href=\"https:\/\/www.instagram.com\/p\/CVeRnfZJwHB\/?utm_source=ig_embed&amp;utm_campaign=loading\" target=\"_blank\" rel=\"noopener\">Un post partag\u00e9 par Sunset City \ud83c\udf44 (@sunsetcityshroom)<\/a><\/p>\n\n\n<blockquote data-instgrm-captioned=\"\" data-instgrm-permalink=\"https:\/\/www.instagram.com\/p\/CVWoSfiLJmh\/?utm_source=ig_embed&amp;utm_campaign=loading\" data-instgrm-version=\"14\">\n<p>&nbsp;<\/p>\nVoir cette publication sur Instagram\n<p>&nbsp;<\/p>\n<p><a href=\"https:\/\/www.instagram.com\/p\/CVWoSfiLJmh\/?utm_source=ig_embed&amp;utm_campaign=loading\" target=\"_blank\" rel=\"noopener\">Un post partag\u00e9 par Sunset City \ud83c\udf44 (@sunsetcityshroom)<\/a><\/p>\n<\/blockquote>\n\n\t<p>Nos meilleures ventes :<\/p>\n<p>&nbsp;<\/p>\n<div class=\"woocommerce columns-4\"><ul class=\"products columns-4\">\n<li class=\"product type-product post-1478 status-publish first instock product_cat-lsd product_tag-acid product_tag-lsd product_tag-lysergamides product_tag-psychedelics has-post-thumbnail shipping-taxable purchasable product-type-variable\">\n\t<a href=\"https:\/\/sunsetcity.co\/fr\/produit\/lsd110ug\/\" class=\"woocommerce-LoopProduct-link woocommerce-loop-product__link\"><img loading=\"lazy\" decoding=\"async\" width=\"300\" height=\"300\" src=\"https:\/\/sunsetcity.co\/wp-content\/uploads\/2022\/01\/20220120_000951-scaled-300x300.jpg\" class=\"attachment-woocommerce_thumbnail size-woocommerce_thumbnail\" alt=\"LSD (test\u00e9 en laboratoire)\" srcset=\"https:\/\/sunsetcity.co\/wp-content\/uploads\/2022\/01\/20220120_000951-scaled-300x300.jpg 300w, https:\/\/sunsetcity.co\/wp-content\/uploads\/2022\/01\/20220120_000951-scaled-100x100.jpg 100w, https:\/\/sunsetcity.co\/wp-content\/uploads\/2022\/01\/20220120_000951-150x150.jpg 150w, https:\/\/sunsetcity.co\/wp-content\/uploads\/2022\/01\/20220120_000951-600x600.jpg 600w\" sizes=\"auto, (max-width: 300px) 100vw, 300px\" \/><h2 class=\"woocommerce-loop-product__title\">LSD (test\u00e9 en laboratoire)<\/h2><div class=\"star-rating\"><span style=\"width:0%\" data-no-translation=\"\" data-trp-gettext=\"\">Note <strong class=\"rating\">0<\/strong> sur 5<\/span><\/div>\n\t<span class=\"price\"><span class=\"woocommerce-Price-amount amount\" aria-hidden=\"true\"><bdi><span class=\"woocommerce-Price-currencySymbol\">&#36;<\/span>55.00<\/bdi><\/span> <span aria-hidden=\"true\">\u00a0\u2013\u00a0<\/span> <span class=\"woocommerce-Price-amount amount\" aria-hidden=\"true\"><bdi><span class=\"woocommerce-Price-currencySymbol\">&#36;<\/span>129.00<\/bdi><\/span><span class=\"screen-reader-text\" data-no-translation=\"\" data-trp-gettext=\"\">Plage de prix\u00a0: &#36;55.00 \u00e0 &#36;129.00<\/span><\/span>\n<\/a><a href=\"https:\/\/sunsetcity.co\/fr\/produit\/lsd110ug\/\" aria-describedby=\"woocommerce_loop_add_to_cart_link_describedby_1478\" data-quantity=\"1\" class=\"button product_type_variable add_to_cart_button\" data-product_id=\"1478\" data-product_sku=\"LSD110TAB\" aria-label=\"S\u00e9lectionner les options pour \u201cLSD (Lab Tested)\u201d\" rel=\"nofollow\" data-no-translation=\"\" data-trp-gettext=\"\" data-no-translation-aria-label=\"\">Choix des options<\/a>\t<span id=\"woocommerce_loop_add_to_cart_link_describedby_1478\" class=\"screen-reader-text\">\n\t\tCe produit a plusieurs variantes. Les options peuvent \u00eatre choisies sur la page produit\t<\/span>\n<\/li>\n<li class=\"product type-product post-573 status-publish instock product_cat-shroom product_tag-bc-magic-mushrooms product_tag-cubensis product_tag-golden-teacher product_tag-gt product_tag-magic-mushroom product_tag-magic-mushrooms product_tag-magic-shrooms has-post-thumbnail shipping-taxable purchasable product-type-variable has-default-attributes\">\n\t<a href=\"https:\/\/sunsetcity.co\/fr\/produit\/champignons-magiques-du-professeur-dor\/\" class=\"woocommerce-LoopProduct-link woocommerce-loop-product__link\"><img loading=\"lazy\" decoding=\"async\" width=\"300\" height=\"300\" src=\"https:\/\/sunsetcity.co\/wp-content\/uploads\/2021\/10\/bc-golden-teacher-magic_mushrooms.jpg\" class=\"attachment-woocommerce_thumbnail size-woocommerce_thumbnail\" alt=\"vancouver+magie+champignons\" srcset=\"https:\/\/sunsetcity.co\/wp-content\/uploads\/2021\/10\/bc-golden-teacher-magic_mushrooms.jpg 300w, https:\/\/sunsetcity.co\/wp-content\/uploads\/2021\/10\/bc-golden-teacher-magic_mushrooms-100x100.jpg 100w, https:\/\/sunsetcity.co\/wp-content\/uploads\/2021\/10\/bc-golden-teacher-magic_mushrooms-150x150.jpg 150w\" sizes=\"auto, (max-width: 300px) 100vw, 300px\" \/><h2 class=\"woocommerce-loop-product__title\">Champignon professeur d&#039;or 2.0<\/h2><div class=\"star-rating\"><span style=\"width:0%\" data-no-translation=\"\" data-trp-gettext=\"\">Note <strong class=\"rating\">0<\/strong> sur 5<\/span><\/div>\n\t<span class=\"price\"><span class=\"woocommerce-Price-amount amount\" aria-hidden=\"true\"><bdi><span class=\"woocommerce-Price-currencySymbol\">&#36;<\/span>32.00<\/bdi><\/span> <span aria-hidden=\"true\">\u00a0\u2013\u00a0<\/span> <span class=\"woocommerce-Price-amount amount\" aria-hidden=\"true\"><bdi><span class=\"woocommerce-Price-currencySymbol\">&#36;<\/span>160.00<\/bdi><\/span><span class=\"screen-reader-text\" data-no-translation=\"\" data-trp-gettext=\"\">Plage de prix\u00a0: &#36;32.00 \u00e0 &#36;160.00<\/span><\/span>\n<\/a><a href=\"https:\/\/sunsetcity.co\/fr\/produit\/champignons-magiques-du-professeur-dor\/\" aria-describedby=\"woocommerce_loop_add_to_cart_link_describedby_573\" data-quantity=\"1\" class=\"button product_type_variable add_to_cart_button\" data-product_id=\"573\" data-product_sku=\"SHRWGTGTR\" aria-label=\"S\u00e9lectionner les options pour \u201cGolden Teacher Mushroom 2.0\u201d\" rel=\"nofollow\" data-no-translation=\"\" data-trp-gettext=\"\" data-no-translation-aria-label=\"\">Choix des options<\/a>\t<span id=\"woocommerce_loop_add_to_cart_link_describedby_573\" class=\"screen-reader-text\">\n\t\tCe produit a plusieurs variantes. Les options peuvent \u00eatre choisies sur la page produit\t<\/span>\n<\/li>\n<li class=\"product type-product post-1602 status-publish instock product_cat-shroom product_tag-envy product_tag-pe-magic-mushroom product_tag-penis product_tag-penis-envy product_tag-penis-envy-magic-mushroom-strain product_tag-penis-envy-magic-mushrooms product_tag-penis-envy-mushroom product_tag-penis-envy-mushroom-strain product_tag-penis-envy-mushrooms product_tag-penis-envy-potency product_tag-penis-envy-shroom product_tag-penisenvy has-post-thumbnail featured shipping-taxable purchasable product-type-variable has-default-attributes\">\n\t<a href=\"https:\/\/sunsetcity.co\/fr\/produit\/souche-de-champignon-magique-denvie-de-penis\/\" class=\"woocommerce-LoopProduct-link woocommerce-loop-product__link\"><img loading=\"lazy\" decoding=\"async\" width=\"300\" height=\"300\" src=\"https:\/\/sunsetcity.co\/wp-content\/uploads\/2022\/02\/IMG_20220201_210636433-300x300.jpg\" class=\"attachment-woocommerce_thumbnail size-woocommerce_thumbnail\" alt=\"p\u00e9nis-envie-magie-champignon\" srcset=\"https:\/\/sunsetcity.co\/wp-content\/uploads\/2022\/02\/IMG_20220201_210636433-300x300.jpg 300w, https:\/\/sunsetcity.co\/wp-content\/uploads\/2022\/02\/IMG_20220201_210636433-100x100.jpg 100w, https:\/\/sunsetcity.co\/wp-content\/uploads\/2022\/02\/IMG_20220201_210636433-150x150.jpg 150w, https:\/\/sunsetcity.co\/wp-content\/uploads\/2022\/02\/IMG_20220201_210636433-600x600.jpg 600w\" sizes=\"auto, (max-width: 300px) 100vw, 300px\" \/><h2 class=\"woocommerce-loop-product__title\">Champignon envie de p\u00e9nis<\/h2><div class=\"star-rating\"><span style=\"width:0%\" data-no-translation=\"\" data-trp-gettext=\"\">Note <strong class=\"rating\">0<\/strong> sur 5<\/span><\/div>\n\t<span class=\"price\"><span class=\"woocommerce-Price-amount amount\" aria-hidden=\"true\"><bdi><span class=\"woocommerce-Price-currencySymbol\">&#36;<\/span>44.00<\/bdi><\/span> <span aria-hidden=\"true\">\u00a0\u2013\u00a0<\/span> <span class=\"woocommerce-Price-amount amount\" aria-hidden=\"true\"><bdi><span class=\"woocommerce-Price-currencySymbol\">&#36;<\/span>255.00<\/bdi><\/span><span class=\"screen-reader-text\" data-no-translation=\"\" data-trp-gettext=\"\">Plage de prix\u00a0: &#36;44.00 \u00e0 &#36;255.00<\/span><\/span>\n<\/a><a href=\"https:\/\/sunsetcity.co\/fr\/produit\/souche-de-champignon-magique-denvie-de-penis\/\" aria-describedby=\"woocommerce_loop_add_to_cart_link_describedby_1602\" data-quantity=\"1\" class=\"button product_type_variable add_to_cart_button\" data-product_id=\"1602\" data-product_sku=\"SHRWGSPE\" aria-label=\"S\u00e9lectionner les options pour \u201cPenis Envy Mushroom\u201d\" rel=\"nofollow\" data-no-translation=\"\" data-trp-gettext=\"\" data-no-translation-aria-label=\"\">Choix des options<\/a>\t<span id=\"woocommerce_loop_add_to_cart_link_describedby_1602\" class=\"screen-reader-text\">\n\t\tCe produit a plusieurs variantes. Les options peuvent \u00eatre choisies sur la page produit\t<\/span>\n<\/li>\n<li class=\"product type-product post-1532 status-publish last instock product_cat-bundle product_cat-shroom product_tag-bc-magic-mushrooms product_tag-cubensis product_tag-golden-teacher product_tag-gt product_tag-magic-mushroom product_tag-magic-mushrooms product_tag-magic-shrooms has-post-thumbnail shipping-taxable purchasable product-type-variable has-default-attributes\">\n\t<a href=\"https:\/\/sunsetcity.co\/fr\/produit\/choix-des-aventuriers-a-duree-limitee\/\" class=\"woocommerce-LoopProduct-link woocommerce-loop-product__link\"><img loading=\"lazy\" decoding=\"async\" width=\"300\" height=\"300\" src=\"https:\/\/sunsetcity.co\/wp-content\/uploads\/2022\/01\/20220114_155305-scaled-300x300.jpg\" class=\"attachment-woocommerce_thumbnail size-woocommerce_thumbnail\" alt=\"Ambitious Adventurer&#039;s Choice (Limited Time)\" srcset=\"https:\/\/sunsetcity.co\/wp-content\/uploads\/2022\/01\/20220114_155305-scaled-300x300.jpg 300w, https:\/\/sunsetcity.co\/wp-content\/uploads\/2022\/01\/20220114_155305-scaled-100x100.jpg 100w, https:\/\/sunsetcity.co\/wp-content\/uploads\/2022\/01\/20220114_155305-150x150.jpg 150w, https:\/\/sunsetcity.co\/wp-content\/uploads\/2022\/01\/20220114_155305-600x600.jpg 600w\" sizes=\"auto, (max-width: 300px) 100vw, 300px\" \/><h2 class=\"woocommerce-loop-product__title\">Choix de l&#039;aventurier ambitieux (dur\u00e9e limit\u00e9e)<\/h2><div class=\"star-rating\"><span style=\"width:0%\" data-no-translation=\"\" data-trp-gettext=\"\">Note <strong class=\"rating\">0<\/strong> sur 5<\/span><\/div>\n\t<span class=\"price\"><span class=\"woocommerce-Price-amount amount\" aria-hidden=\"true\"><bdi><span class=\"woocommerce-Price-currencySymbol\">&#36;<\/span>30.00<\/bdi><\/span> <span aria-hidden=\"true\">\u00a0\u2013\u00a0<\/span> <span class=\"woocommerce-Price-amount amount\" aria-hidden=\"true\"><bdi><span class=\"woocommerce-Price-currencySymbol\">&#36;<\/span>165.00<\/bdi><\/span><span class=\"screen-reader-text\" data-no-translation=\"\" data-trp-gettext=\"\">Plage de prix\u00a0: &#36;30.00 \u00e0 &#36;165.00<\/span><\/span>\n<\/a><a href=\"https:\/\/sunsetcity.co\/fr\/produit\/choix-des-aventuriers-a-duree-limitee\/\" aria-describedby=\"woocommerce_loop_add_to_cart_link_describedby_1532\" data-quantity=\"1\" class=\"button product_type_variable add_to_cart_button\" data-product_id=\"1532\" data-product_sku=\"SHRWGTADV\" aria-label=\"S\u00e9lectionner les options pour \u201cAmbitious Adventurer&#039;s Choice (Limited Time)\u201d\" rel=\"nofollow\" data-no-translation=\"\" data-trp-gettext=\"\" data-no-translation-aria-label=\"\">Choix des options<\/a>\t<span id=\"woocommerce_loop_add_to_cart_link_describedby_1532\" class=\"screen-reader-text\">\n\t\tCe produit a plusieurs variantes. Les options peuvent \u00eatre choisies sur la page produit\t<\/span>\n<\/li>\n<li class=\"product type-product post-4453 status-publish first outofstock product_cat-usmushies product_tag-tidalwave has-post-thumbnail shipping-taxable purchasable product-type-variable has-default-attributes\">\n\t<a href=\"https:\/\/sunsetcity.co\/fr\/produit\/champignon-raz-de-maree-etats-unis-seulement-quantite-limitee\/\" class=\"woocommerce-LoopProduct-link woocommerce-loop-product__link\"><img loading=\"lazy\" decoding=\"async\" width=\"300\" height=\"300\" src=\"https:\/\/sunsetcity.co\/wp-content\/uploads\/2023\/01\/Screenshot_2024-03-22__10_36_PM-300x300.png\" class=\"attachment-woocommerce_thumbnail size-woocommerce_thumbnail\" alt=\"raz-de-mar\u00e9e-usa\" srcset=\"https:\/\/sunsetcity.co\/wp-content\/uploads\/2023\/01\/Screenshot_2024-03-22__10_36_PM-300x300.png 300w, https:\/\/sunsetcity.co\/wp-content\/uploads\/2023\/01\/Screenshot_2024-03-22__10_36_PM-150x150.png 150w, https:\/\/sunsetcity.co\/wp-content\/uploads\/2023\/01\/Screenshot_2024-03-22__10_36_PM-12x12.png 12w, https:\/\/sunsetcity.co\/wp-content\/uploads\/2023\/01\/Screenshot_2024-03-22__10_36_PM-600x597.png 600w, https:\/\/sunsetcity.co\/wp-content\/uploads\/2023\/01\/Screenshot_2024-03-22__10_36_PM-100x100.png 100w\" sizes=\"auto, (max-width: 300px) 100vw, 300px\" \/><h2 class=\"woocommerce-loop-product__title\">Champignon Tidalwave (exp\u00e9dition express) - Exp\u00e9dition aux \u00c9tats-Unis \u2013 Quantit\u00e9 limit\u00e9e<\/h2><div class=\"star-rating\"><span style=\"width:0%\" data-no-translation=\"\" data-trp-gettext=\"\">Note <strong class=\"rating\">0<\/strong> sur 5<\/span><\/div>\n\t<span class=\"price\"><span class=\"woocommerce-Price-amount amount\" aria-hidden=\"true\"><bdi><span class=\"woocommerce-Price-currencySymbol\">&#36;<\/span>155.00<\/bdi><\/span> <span aria-hidden=\"true\">\u00a0\u2013\u00a0<\/span> <span class=\"woocommerce-Price-amount amount\" aria-hidden=\"true\"><bdi><span class=\"woocommerce-Price-currencySymbol\">&#36;<\/span>199.00<\/bdi><\/span><span class=\"screen-reader-text\" data-no-translation=\"\" data-trp-gettext=\"\">Plage de prix\u00a0: &#36;155.00 \u00e0 &#36;199.00<\/span><\/span>\n<\/a><a href=\"https:\/\/sunsetcity.co\/fr\/produit\/champignon-raz-de-maree-etats-unis-seulement-quantite-limitee\/\" aria-describedby=\"woocommerce_loop_add_to_cart_link_describedby_4453\" data-quantity=\"1\" class=\"button product_type_variable\" data-product_id=\"4453\" data-product_sku=\"SHRWGTZST-1-1\" aria-label=\"S\u00e9lectionner les options pour \u201cTidalwave Mushroom (Express Shipping)- USA Shipping - Limited Quantity\u201d\" rel=\"nofollow\" data-no-translation=\"\" data-trp-gettext=\"\" data-no-translation-aria-label=\"\">Choix des options<\/a>\t<span id=\"woocommerce_loop_add_to_cart_link_describedby_4453\" class=\"screen-reader-text\">\n\t\tCe produit a plusieurs variantes. Les options peuvent \u00eatre choisies sur la page produit\t<\/span>\n<\/li>\n<li class=\"product type-product post-2531 status-publish outofstock product_cat-shroom product_tag-capsules product_tag-magic-mushroom-pills product_tag-magic-mushrooms-capsules product_tag-magic-shroom-capsules product_tag-microdose product_tag-microdosing product_tag-pills product_tag-pure-microdose-capsules product_tag-tidalwave-mushroom-strain product_tag-tmt-microdose-capsules product_tag-toronto-microdose-capsules product_tag-toronto-microdosing-capsules product_tag-vancouver-microdose-capsules product_tag-vancouver-microdosing-capsules has-post-thumbnail sale featured shipping-taxable purchasable product-type-variable has-default-attributes\">\n\t<a href=\"https:\/\/sunsetcity.co\/fr\/produit\/capsules-microdoses-pures-tmt-fabriquees-a-vancouver\/\" class=\"woocommerce-LoopProduct-link woocommerce-loop-product__link\">\n\t<span class=\"onsale\" data-no-translation=\"\" data-trp-gettext=\"\">Vente!<\/span>\n\t<img loading=\"lazy\" decoding=\"async\" width=\"300\" height=\"300\" src=\"https:\/\/sunsetcity.co\/wp-content\/uploads\/2022\/03\/tmt-300x300.jpg\" class=\"attachment-woocommerce_thumbnail size-woocommerce_thumbnail\" alt=\"tmt+microdose+magie+champignon\" srcset=\"https:\/\/sunsetcity.co\/wp-content\/uploads\/2022\/03\/tmt-300x300.jpg 300w, https:\/\/sunsetcity.co\/wp-content\/uploads\/2022\/03\/tmt-150x150.jpg 150w, https:\/\/sunsetcity.co\/wp-content\/uploads\/2022\/03\/tmt-100x100.jpg 100w, https:\/\/sunsetcity.co\/wp-content\/uploads\/2022\/03\/tmt-600x600.jpg 600w\" sizes=\"auto, (max-width: 300px) 100vw, 300px\" \/><h2 class=\"woocommerce-loop-product__title\">Capsules microdoses TMT \u2013 100% Psilocybine<\/h2><div class=\"star-rating\"><span style=\"width:0%\" data-no-translation=\"\" data-trp-gettext=\"\">Note <strong class=\"rating\">0<\/strong> sur 5<\/span><\/div>\n\t<span class=\"price\"><span class=\"woocommerce-Price-amount amount\" aria-hidden=\"true\"><bdi><span class=\"woocommerce-Price-currencySymbol\">&#36;<\/span>75.00<\/bdi><\/span> <span aria-hidden=\"true\">\u00a0\u2013\u00a0<\/span> <span class=\"woocommerce-Price-amount amount\" aria-hidden=\"true\"><bdi><span class=\"woocommerce-Price-currencySymbol\">&#36;<\/span>300.00<\/bdi><\/span><span class=\"screen-reader-text\" data-no-translation=\"\" data-trp-gettext=\"\">Plage de prix\u00a0: &#36;75.00 \u00e0 &#36;300.00<\/span><\/span>\n<\/a><a href=\"https:\/\/sunsetcity.co\/fr\/produit\/capsules-microdoses-pures-tmt-fabriquees-a-vancouver\/\" aria-describedby=\"woocommerce_loop_add_to_cart_link_describedby_2531\" data-quantity=\"1\" class=\"button product_type_variable\" data-product_id=\"2531\" data-product_sku=\"\" aria-label=\"S\u00e9lectionner les options pour \u201cTMT Microdose Capsules - 100% Psilocybin\u201d\" rel=\"nofollow\" data-no-translation=\"\" data-trp-gettext=\"\" data-no-translation-aria-label=\"\">Choix des options<\/a>\t<span id=\"woocommerce_loop_add_to_cart_link_describedby_2531\" class=\"screen-reader-text\">\n\t\tCe produit a plusieurs variantes. Les options peuvent \u00eatre choisies sur la page produit\t<\/span>\n<\/li>\n<li class=\"product type-product post-10858 status-publish outofstock product_cat-usmushies has-post-thumbnail featured shipping-taxable purchasable product-type-variable has-default-attributes\">\n\t<a href=\"https:\/\/sunsetcity.co\/fr\/produit\/champignon-raz-de-maree-etats-unis-seulement-quantite-limitee\/\" class=\"woocommerce-LoopProduct-link woocommerce-loop-product__link\"><img loading=\"lazy\" decoding=\"async\" width=\"300\" height=\"300\" src=\"https:\/\/sunsetcity.co\/wp-content\/uploads\/2024\/03\/Screenshot_2024-03-16__1_58_PM-300x300.png\" class=\"attachment-woocommerce_thumbnail size-woocommerce_thumbnail\" alt=\"Champignon membre Gold (exp\u00e9dition US Express)\" srcset=\"https:\/\/sunsetcity.co\/wp-content\/uploads\/2024\/03\/Screenshot_2024-03-16__1_58_PM-300x300.png 300w, https:\/\/sunsetcity.co\/wp-content\/uploads\/2024\/03\/Screenshot_2024-03-16__1_58_PM-150x150.png 150w, https:\/\/sunsetcity.co\/wp-content\/uploads\/2024\/03\/Screenshot_2024-03-16__1_58_PM-13x12.png 13w, https:\/\/sunsetcity.co\/wp-content\/uploads\/2024\/03\/Screenshot_2024-03-16__1_58_PM-100x100.png 100w\" sizes=\"auto, (max-width: 300px) 100vw, 300px\" \/><h2 class=\"woocommerce-loop-product__title\">Champignon membre Gold (exp\u00e9dition US Express)<\/h2><div class=\"star-rating\"><span style=\"width:0%\" data-no-translation=\"\" data-trp-gettext=\"\">Note <strong class=\"rating\">0<\/strong> sur 5<\/span><\/div>\n\t<span class=\"price\"><span class=\"woocommerce-Price-amount amount\" aria-hidden=\"true\"><bdi><span class=\"woocommerce-Price-currencySymbol\">&#36;<\/span>129.00<\/bdi><\/span> <span aria-hidden=\"true\">\u00a0\u2013\u00a0<\/span> <span class=\"woocommerce-Price-amount amount\" aria-hidden=\"true\"><bdi><span class=\"woocommerce-Price-currencySymbol\">&#36;<\/span>189.00<\/bdi><\/span><span class=\"screen-reader-text\" data-no-translation=\"\" data-trp-gettext=\"\">Plage de prix\u00a0: &#36;129.00 \u00e0 &#36;189.00<\/span><\/span>\n<\/a><a href=\"https:\/\/sunsetcity.co\/fr\/produit\/champignon-raz-de-maree-etats-unis-seulement-quantite-limitee\/\" aria-describedby=\"woocommerce_loop_add_to_cart_link_describedby_10858\" data-quantity=\"1\" class=\"button product_type_variable\" data-product_id=\"10858\" data-product_sku=\"SHRWGTZST-1-1-3\" aria-label=\"S\u00e9lectionner les options pour \u201cGold Member Mushroom (US Express Shipping)\u201d\" rel=\"nofollow\" data-no-translation=\"\" data-trp-gettext=\"\" data-no-translation-aria-label=\"\">Choix des options<\/a>\t<span id=\"woocommerce_loop_add_to_cart_link_describedby_10858\" class=\"screen-reader-text\">\n\t\tCe produit a plusieurs variantes. Les options peuvent \u00eatre choisies sur la page produit\t<\/span>\n<\/li>\n<li class=\"product type-product post-578 status-publish last instock product_cat-shroom product_tag-magic-mushroom product_tag-shroom product_tag-trinity product_tag-trinity-magic-mushroom product_tag-trinity-magic-shroom product_tag-trinity-mushroom-strain product_tag-trinity-mushrooms product_tag-trinity-shroom product_tag-trinity-strain has-post-thumbnail featured shipping-taxable purchasable product-type-variable has-default-attributes\">\n\t<a href=\"https:\/\/sunsetcity.co\/fr\/produit\/prime-aux-champignons-magiques-de-la-trinite\/\" class=\"woocommerce-LoopProduct-link woocommerce-loop-product__link\"><img loading=\"lazy\" decoding=\"async\" width=\"300\" height=\"291\" src=\"https:\/\/sunsetcity.co\/wp-content\/uploads\/2021\/10\/trinitymagicmushroom-removebg-preview-300x291.png\" class=\"attachment-woocommerce_thumbnail size-woocommerce_thumbnail\" alt=\"trinit\u00e9+magie+souche de champignons\" \/><h2 class=\"woocommerce-loop-product__title\">Trinit\u00e9 (Premium)<\/h2><div class=\"star-rating\" role=\"img\" aria-label=\"Note 5.00 sur 5\" data-no-translation-aria-label=\"\"><span style=\"width:100%\" data-no-translation=\"\" data-trp-gettext=\"\">Note <strong class=\"rating\">5.00<\/strong> sur 5<\/span><\/div>\n\t<span class=\"price\"><span class=\"woocommerce-Price-amount amount\" aria-hidden=\"true\"><bdi><span class=\"woocommerce-Price-currencySymbol\">&#36;<\/span>40.00<\/bdi><\/span> <span aria-hidden=\"true\">\u00a0\u2013\u00a0<\/span> <span class=\"woocommerce-Price-amount amount\" aria-hidden=\"true\"><bdi><span class=\"woocommerce-Price-currencySymbol\">&#36;<\/span>185.00<\/bdi><\/span><span class=\"screen-reader-text\" data-no-translation=\"\" data-trp-gettext=\"\">Plage de prix\u00a0: &#36;40.00 \u00e0 &#36;185.00<\/span><\/span>\n<\/a><a href=\"https:\/\/sunsetcity.co\/fr\/produit\/prime-aux-champignons-magiques-de-la-trinite\/\" aria-describedby=\"woocommerce_loop_add_to_cart_link_describedby_578\" data-quantity=\"1\" class=\"button product_type_variable add_to_cart_button\" data-product_id=\"578\" data-product_sku=\"SHRWGTTRN\" aria-label=\"S\u00e9lectionner les options pour \u201cTrinity (Premium)\u201d\" rel=\"nofollow\" data-no-translation=\"\" data-trp-gettext=\"\" data-no-translation-aria-label=\"\">Choix des options<\/a>\t<span id=\"woocommerce_loop_add_to_cart_link_describedby_578\" class=\"screen-reader-text\">\n\t\tCe produit a plusieurs variantes. Les options peuvent \u00eatre choisies sur la page produit\t<\/span>\n<\/li>\n<\/ul>\n<\/div>","protected":false},"excerpt":{"rendered":"<p>&nbsp; Voir cette publication sur Instagram Une publication partag\u00e9e par Sunset City \ud83c\udf44 (@sunsetcityshroom) Voir cette publication sur Instagram Une publication partag\u00e9e par Sunset City \ud83c\udf44 (@sunsetcityshroom) Nos meilleures ventes : &nbsp;<\/p>","protected":false},"author":1,"featured_media":0,"parent":0,"menu_order":0,"comment_status":"closed","ping_status":"closed","template":"","meta":{"site-sidebar-layout":"no-sidebar","site-content-layout":"page-builder","ast-global-header-display":"","ast-main-header-display":"","ast-hfb-above-header-display":"","ast-hfb-below-header-display":"","ast-hfb-mobile-header-display":"","site-post-title":"disabled","ast-breadcrumbs-content":"","ast-featured-img":"disabled","footer-sml-layout":"","theme-transparent-header-meta":"enabled","adv-header-id-meta":"","stick-header-meta":"","header-above-stick-meta":"","header-main-stick-meta":"","header-below-stick-meta":"","footnotes":""},"class_list":["post-29","page","type-page","status-publish","hentry"],"_links":{"self":[{"href":"https:\/\/sunsetcity.co\/fr\/wp-json\/wp\/v2\/pages\/29","targetHints":{"allow":["GET"]}}],"collection":[{"href":"https:\/\/sunsetcity.co\/fr\/wp-json\/wp\/v2\/pages"}],"about":[{"href":"https:\/\/sunsetcity.co\/fr\/wp-json\/wp\/v2\/types\/page"}],"author":[{"embeddable":true,"href":"https:\/\/sunsetcity.co\/fr\/wp-json\/wp\/v2\/users\/1"}],"replies":[{"embeddable":true,"href":"https:\/\/sunsetcity.co\/fr\/wp-json\/wp\/v2\/comments?post=29"}],"version-history":[{"count":1,"href":"https:\/\/sunsetcity.co\/fr\/wp-json\/wp\/v2\/pages\/29\/revisions"}],"predecessor-version":[{"id":9110,"href":"https:\/\/sunsetcity.co\/fr\/wp-json\/wp\/v2\/pages\/29\/revisions\/9110"}],"wp:attachment":[{"href":"https:\/\/sunsetcity.co\/fr\/wp-json\/wp\/v2\/media?parent=29"}],"curies":[{"name":"wp","href":"https:\/\/api.w.org\/{rel}","templated":true}]}}