{"id":3411,"date":"2022-07-29T02:50:12","date_gmt":"2022-07-29T09:50:12","guid":{"rendered":"https:\/\/www.sunsetcity.ca\/?page_id=3411"},"modified":"2023-11-19T10:44:19","modified_gmt":"2023-11-19T17:44:19","slug":"order-tracking","status":"publish","type":"page","link":"https:\/\/sunsetcity.co\/fr\/suivi-de-commande\/","title":{"rendered":"Suivi de commande"},"content":{"rendered":"<!DOCTYPE html>\n        <html lang=\"en-UK\">\n        <head>\n            <meta charset=\"utf-8\"\/>\n            <title>Estimateur d\u2019exp\u00e9dition de champignons magiques de Sunset City<\/title>\n    <style type=\"text\/css\">\n    \/* General Styles *\/\n* {\n    box-sizing: border-box;\n}\nlabel{\n    color: black;\n}\nbody {\n    background-color: #f8f8f8;\n    margin: 0;\n}\nh1 {\n    text-align: center;\n    margin-top: 40px;\n}\nform {\n    max-width: 400px;\n    margin: 0 auto;\n    padding: 20px;\n    background-color: #fff;\n    border-radius: 10px;\n    box-shadow: 0 0 10px rgba(0, 0, 0, 0.2);\n}\nlabel {\n    display: block;\n    margin-bottom: 10px;\n}\nselect,\ninput[type=\"text\"] {\n    display: block;\n    width: 100%;\n    padding: 10px;\n    margin-bottom: 10px;\n    border: 1px solid #ccc;\n    border-radius: 5px;\n    font-size: 16px;\n}\nbutton[type=\"button\"] {\n    display: block;\n    width: 100%;\n    padding: 10px;\n    background-color: #FFA500;\n    color: #fff;\n    border: none;\n    border-radius: 5px;\n    font-size: 16px;\n    cursor: pointer;\n}\nbutton[type=\"button\"]:hover {\n    background-color: #3e8e41;\n}\ninput[type=\"text\"][readonly] {\n    cursor: not-allowed;\n    background-color: #f0f0f0;\n}\n\/* Media Queries *\/\n@media (max-width: 767px) {\n    form {\n        padding: 10px;\n    }\n}\n    <\/style>\n<html>\n<head>\n\t<title>Estimateur du d\u00e9lai d&#039;exp\u00e9dition au Canada<\/title>\n<\/head>\n<body id=\"format\">\n\t<h1>Estimateur du d\u00e9lai d&#039;exp\u00e9dition<\/h1>\n\t<form action=\"\">\n\t\t<label for=\"province\">Province:<\/label>\n\t\t<select id=\"province\" name=\"province\">\n\t\t\t<option value=\"Alberta\">Alberta<\/option>\n\t\t\t<option value=\"British Columbia\">Colombie britannique<\/option>\n\t\t\t<option value=\"Manitoba\">Manitoba<\/option>\n\t\t\t<option value=\"New Brunswick\">Nouveau-Brunswick<\/option>\n\t\t\t<option value=\"Newfoundland and Labrador\">Terre-Neuve-et-Labrador<\/option>\n\t\t\t<option value=\"Northwest Territories\">Territoires du nord-ouest<\/option>\n\t\t\t<option value=\"Nova Scotia\">Nouvelle-\u00c9cosse<\/option>\n\t\t\t<option value=\"Nunavut\">Nunavut<\/option>\n\t\t\t<option value=\"Ontario\">Ontario<\/option>\n\t\t\t<option value=\"Prince Edward Island\">\u00cele-du-Prince-\u00c9douard<\/option>\n\t\t\t<option value=\"Quebec\">Qu\u00e9bec<\/option>\n\t\t\t<option value=\"Saskatchewan\">Saskatchewan<\/option>\n\t\t\t<option value=\"Yukon\">Yukon<\/option>\n\t\t<\/select><br \/>\n\t\t<label for=\"shipping-method\">Mode de livraison:<\/label>\n\t\t<select id=\"shipping-method\" name=\"shipping-method\">\n\t\t\t<option value=\"standard\">Standard<\/option>\n\t\t\t<option value=\"expedited\">acc\u00e9l\u00e9r\u00e9<\/option>\n\t\t<\/select><br \/>\n\t\t<button type=\"button\" onclick=\"calculate()\">Calculer<\/button><br \/><br \/>\n    <label for=\"delivery-date\">Date de livraison estim\u00e9e:<\/label>\n<input type=\"text\" id=\"delivery-date\" name=\"delivery-date\" readonly>\n\t<input type=\"hidden\" name=\"trp-form-language\" value=\"fr\"\/><\/form>\n<\/body>\n<\/html>\n\t<ul>\n<li>Si vous passez une commande avant 11h00, heure normale du Pacifique (PST) un jour ouvrable (du lundi au vendredi), votre commande sera exp\u00e9di\u00e9e le m\u00eame jour. Cependant, si vous passez une commande apr\u00e8s 11h00 PST, elle sera exp\u00e9di\u00e9e le jour ouvrable suivant.<\/li>\n<li>Si vous passez commande un week-end, elle sera exp\u00e9di\u00e9e le lundi suivant (sauf s&#039;il s&#039;agit d&#039;un jour f\u00e9ri\u00e9).<\/li>\n<\/ul>\n<p>Pour suivre votre commande, veuillez saisir votre num\u00e9ro de commande et votre e-mail dans la case ci-dessous. Votre num\u00e9ro de commande vous a \u00e9t\u00e9 communiqu\u00e9 dans votre e-mail de confirmation de commande. N&#039;h\u00e9sitez pas \u00e0 nous contacter si vous avez besoin d&#039;aide ou si votre commande est retard\u00e9e.<\/p>\n<\/head><\/html>","protected":false},"excerpt":{"rendered":"<p>Estimateur d&#039;exp\u00e9dition de champignons magiques de Sunset City Canada Estimateur de temps d&#039;exp\u00e9dition Estimateur de temps d&#039;exp\u00e9dition Province : AlbertaColombie-BritanniqueManitobaNouveau-BrunswickTerre-Neuve-et-LabradorTerritoires du Nord-OuestNouvelle-\u00c9cosseNunavutOntario\u00cele-du-Prince-\u00c9douardQu\u00e9becSaskatchewanYukon M\u00e9thode d&#039;exp\u00e9dition : StandardExp\u00e9dit\u00e9 Calculer la date de livraison estim\u00e9e : Si vous passez une commande avant 11 h 00, heure normale du Pacifique (PST) sur un jour ouvrable (du lundi au vendredi), votre commande sera exp\u00e9di\u00e9e le\u2026<\/p>\n<p class=\"read-more\"> <a class=\"\" href=\"https:\/\/sunsetcity.co\/fr\/suivi-de-commande\/\"> <span class=\"screen-reader-text\">Suivi de commande<\/span> Lire la suite \u00bb<\/a><\/p>","protected":false},"author":1,"featured_media":0,"parent":0,"menu_order":0,"comment_status":"closed","ping_status":"closed","template":"","meta":{"site-sidebar-layout":"default","site-content-layout":"default","ast-global-header-display":"","ast-main-header-display":"","ast-hfb-above-header-display":"","ast-hfb-below-header-display":"","ast-hfb-mobile-header-display":"","site-post-title":"","ast-breadcrumbs-content":"","ast-featured-img":"","footer-sml-layout":"","theme-transparent-header-meta":"","adv-header-id-meta":"","stick-header-meta":"","header-above-stick-meta":"","header-main-stick-meta":"","header-below-stick-meta":"","footnotes":""},"class_list":["post-3411","page","type-page","status-publish","hentry"],"_links":{"self":[{"href":"https:\/\/sunsetcity.co\/fr\/wp-json\/wp\/v2\/pages\/3411","targetHints":{"allow":["GET"]}}],"collection":[{"href":"https:\/\/sunsetcity.co\/fr\/wp-json\/wp\/v2\/pages"}],"about":[{"href":"https:\/\/sunsetcity.co\/fr\/wp-json\/wp\/v2\/types\/page"}],"author":[{"embeddable":true,"href":"https:\/\/sunsetcity.co\/fr\/wp-json\/wp\/v2\/users\/1"}],"replies":[{"embeddable":true,"href":"https:\/\/sunsetcity.co\/fr\/wp-json\/wp\/v2\/comments?post=3411"}],"version-history":[{"count":1,"href":"https:\/\/sunsetcity.co\/fr\/wp-json\/wp\/v2\/pages\/3411\/revisions"}],"predecessor-version":[{"id":8072,"href":"https:\/\/sunsetcity.co\/fr\/wp-json\/wp\/v2\/pages\/3411\/revisions\/8072"}],"wp:attachment":[{"href":"https:\/\/sunsetcity.co\/fr\/wp-json\/wp\/v2\/media?parent=3411"}],"curies":[{"name":"wp","href":"https:\/\/api.w.org\/{rel}","templated":true}]}}