{"id":3432,"date":"2022-07-29T11:48:57","date_gmt":"2022-07-29T18:48:57","guid":{"rendered":"https:\/\/www.sunsetcity.ca\/?page_id=3432"},"modified":"2022-07-29T11:49:50","modified_gmt":"2022-07-29T18:49:50","slug":"code-of-conduct","status":"publish","type":"page","link":"https:\/\/sunsetcity.co\/fr\/code-de-conduite\/","title":{"rendered":"Conduite de conduite"},"content":{"rendered":"<h2>\n\t\tCode de conduite\n\t<\/h2>\n\t<h1>NOTRE COMMUNAUT\u00c9<\/h1>\nLes membres de la communaut\u00e9 et des entreprises de Sunset City sont <b>ouvert, attentionn\u00e9 et respectueux<\/b>. Les comportements qui renforcent ces valeurs contribuent \u00e0 un environnement positif et comprennent\u00a0:\n<ul>\n<li data-block-key=\"1cief\"><b>\u00catre ouvert.<\/b>\u00a0Les membres de la communaut\u00e9 sont ouverts \u00e0 la collaboration.<\/li>\n<li data-block-key=\"6lk4k\"><b>Se concentrer sur ce qui est le mieux pour la communaut\u00e9.<\/b>\u00a0Nous respectons les processus \u00e9tablis dans la communaut\u00e9 et nous travaillons en leur sein.<\/li>\n<li data-block-key=\"2f34u\"><b>Reconna\u00eetre le temps et les efforts.<\/b> Nous respectons les efforts b\u00e9n\u00e9voles qui impr\u00e8gnent la communaut\u00e9 psychonautique. Nous sommes attentifs aux efforts des autres, en gardant \u00e0 l&#039;esprit que souvent le travail a \u00e9t\u00e9 r\u00e9alis\u00e9 simplement pour le bien de la communaut\u00e9.<\/li>\n<li data-block-key=\"c1ksl\"><b>\u00catre respectueux des diff\u00e9rents points de vue et exp\u00e9riences.<\/b>\u00a0Nous sommes r\u00e9ceptifs aux commentaires et critiques constructifs, car les exp\u00e9riences et les comp\u00e9tences des autres membres contribuent \u00e0 l&#039;ensemble de nos efforts.<\/li>\n<li data-block-key=\"c2vq4\"><b>Faire preuve d&#039;empathie envers les autres membres de la communaut\u00e9.<\/b>\u00a0Nous sommes attentifs dans nos communications, que ce soit en personne ou en ligne, et nous faisons preuve de tact lorsque nous abordons des points de vue divergents.<\/li>\n<li data-block-key=\"1afsg\"><b>\u00catre pr\u00e9venant.<\/b>\u00a0Les membres de la communaut\u00e9 sont attentifs \u00e0 leurs pairs et \u00e0 leurs clients.<\/li>\n<li data-block-key=\"mtr1\"><b>\u00catre respectueux.<\/b>\u00a0Nous sommes respectueux des autres, de leurs positions, de leurs comp\u00e9tences, de leurs engagements et de leurs efforts.<\/li>\n<li data-block-key=\"561v0\"><b>Accepter gracieusement les critiques constructives.<\/b>\u00a0Lorsque nous ne sommes pas d\u2019accord, nous soulevons nos probl\u00e8mes avec courtoisie.<\/li>\n<li data-block-key=\"370ui\"><b>Utiliser un langage accueillant et inclusif.<\/b>\u00a0Nous acceptons tous ceux qui souhaitent participer \u00e0 nos activit\u00e9s, en favorisant un environnement o\u00f9 tout le monde peut participer et o\u00f9 chacun peut faire une diff\u00e9rence.<\/li>\n<\/ul>","protected":false},"excerpt":{"rendered":"<p>Code de conduite NOTRE COMMUNAUT\u00c9 Les membres de la communaut\u00e9 et des entreprises de Sunset City sont ouverts, pr\u00e9venants et respectueux. Les comportements qui renforcent ces valeurs contribuent \u00e0 un environnement positif et comprennent : \u00catre ouvert. Les membres de la communaut\u00e9 sont ouverts \u00e0 la collaboration. Se concentrer sur ce qui est le mieux pour la communaut\u00e9. Nous respectons les processus \u00e9nonc\u00e9s dans le\u2026<\/p>\n<p class=\"read-more\"> <a class=\"\" href=\"https:\/\/sunsetcity.co\/fr\/code-de-conduite\/\"> <span class=\"screen-reader-text\">Conduite de conduite<\/span> Lire la suite \u00bb<\/a><\/p>","protected":false},"author":1,"featured_media":0,"parent":0,"menu_order":0,"comment_status":"closed","ping_status":"closed","template":"","meta":{"site-sidebar-layout":"default","site-content-layout":"default","ast-global-header-display":"","ast-main-header-display":"","ast-hfb-above-header-display":"","ast-hfb-below-header-display":"","ast-hfb-mobile-header-display":"","site-post-title":"","ast-breadcrumbs-content":"","ast-featured-img":"","footer-sml-layout":"","theme-transparent-header-meta":"","adv-header-id-meta":"","stick-header-meta":"","header-above-stick-meta":"","header-main-stick-meta":"","header-below-stick-meta":"","footnotes":""},"class_list":["post-3432","page","type-page","status-publish","hentry"],"_links":{"self":[{"href":"https:\/\/sunsetcity.co\/fr\/wp-json\/wp\/v2\/pages\/3432","targetHints":{"allow":["GET"]}}],"collection":[{"href":"https:\/\/sunsetcity.co\/fr\/wp-json\/wp\/v2\/pages"}],"about":[{"href":"https:\/\/sunsetcity.co\/fr\/wp-json\/wp\/v2\/types\/page"}],"author":[{"embeddable":true,"href":"https:\/\/sunsetcity.co\/fr\/wp-json\/wp\/v2\/users\/1"}],"replies":[{"embeddable":true,"href":"https:\/\/sunsetcity.co\/fr\/wp-json\/wp\/v2\/comments?post=3432"}],"version-history":[{"count":0,"href":"https:\/\/sunsetcity.co\/fr\/wp-json\/wp\/v2\/pages\/3432\/revisions"}],"wp:attachment":[{"href":"https:\/\/sunsetcity.co\/fr\/wp-json\/wp\/v2\/media?parent=3432"}],"curies":[{"name":"wp","href":"https:\/\/api.w.org\/{rel}","templated":true}]}}