{"id":38,"date":"2020-03-19T15:16:08","date_gmt":"2020-03-19T15:16:08","guid":{"rendered":"https:\/\/www.sunsetcity.ca\/home\/"},"modified":"2025-10-14T10:02:44","modified_gmt":"2025-10-14T17:02:44","slug":"home","status":"publish","type":"page","link":"https:\/\/sunsetcity.co\/fr\/","title":{"rendered":"Maison"},"content":{"rendered":"\u2b50\u2b50\u2b50\u2b50\u2b50 bas\u00e9 sur 266 commandes v\u00e9rifi\u00e9es\n  <!--<a href=\"https:\/\/snip.ly\/0c0ss5\" target=\"_blank\" rel=\"noopener\">View Here<\/a>-->\n  <font size=\"-1\">\n    <i>\u00ab\u00a0Sunset City est un acteur tr\u00e8s appr\u00e9ci\u00e9 dans le domaine des nootropiques \u00e0 Vancouver.\u00a0\u00bb<\/i> \u2013 Entreprises de la Colombie-Britannique\n  <\/font> \n\t <font size=\"+2\">Salut <img decoding=\"async\" role=\"img\" draggable=\"false\" src=\"https:\/\/s.w.org\/images\/core\/emoji\/14.0.0\/svg\/1f44b.svg\" alt=\"\ud83d\udc4b\" \/>. <br \/>Bienvenue \u00e0 Sunset City ! <\/font>\n\t<p>&nbsp;<\/p>\n<p>&nbsp;<\/p>\n<p>&nbsp;<\/p>\n<p>&nbsp;<\/p>\n<p>&nbsp;<\/p>\n\t\t\t<a href=\"http:\/\/sunsetcity.co\/fr\/shop\/\" target=\"_self\">\n\t\t\t\t\t\t\tChampignons Magiques\n\t\t\t\t\t<\/a>\n\t\t\t\t<img decoding=\"async\" src=\"https:\/\/www.sunsetcity.ca\/wp-content\/uploads\/2022\/06\/chrome_At460yosCH.webp\" alt=\"coucher de soleil+champignons+revue\" itemprop=\"image\" title=\"coucher de soleil+champignons+revue\" onerror=\"this.style.display='none'\"  \/>\n\t\t\t\t<img decoding=\"async\" src=\"https:\/\/www.sunsetcity.ca\/wp-content\/uploads\/2023\/01\/general___Sunset_City_-_Discord8.png\" alt=\"g\u00e9n\u00e9ral___Sunset_City_-_Discord8\" itemprop=\"image\" title=\"g\u00e9n\u00e9ral___Sunset_City_-_Discord8\" onerror=\"this.style.display='none'\"  \/>\n\t\t\t\t<img decoding=\"async\" src=\"https:\/\/www.sunsetcity.ca\/wp-content\/uploads\/2023\/09\/foto_no_exif__1_-removebg-preview.png\" alt=\"foto_no_exif__1_-removebg-preview\" itemprop=\"image\" title=\"foto_no_exif__1_-removebg-preview\" onerror=\"this.style.display='none'\"  \/>\n\t\t\t\t<a href=\"https:\/\/www.sunsetcity.ca\/rl_gallery\/reviews\/\" target=\"_self\" itemprop=\"url\" rel=\"noopener\">\n\t\t\t\t<img decoding=\"async\" src=\"https:\/\/www.sunsetcity.ca\/wp-content\/uploads\/2024\/07\/Sunset_City_\ud83c\udf44\ud83c\uddfa\ud83c\uddf2\ud83c\udde8\ud83c\udde6_on_Instagram__\ud83d\udc49_Verified_Sunset_City_Customer_Review_\ud83c\udf44_Thank_you_for_supporting_us_and_we_will_always_be_there_for_you__Any_questions_you_have__feel&#8230;-2-min.png\" alt=\"Sunset_City_\ud83c\udf44\ud83c\uddfa\ud83c\uddf2\ud83c\udde8\ud83c\udde6_on_Instagram__\ud83d\udc49_Verified_Sunset_City_Customer_Review_\ud83c\udf44_Thank_you_for_supporting_us_and_we_will_always_be_there_for_you__Any_questions_you_have__feel\u2026 (2)-min\" itemprop=\"image\" title=\"Sunset_City_\ud83c\udf44\ud83c\uddfa\ud83c\uddf2\ud83c\udde8\ud83c\udde6_on_Instagram__\ud83d\udc49_Verified_Sunset_City_Customer_Review_\ud83c\udf44_Thank_you_for_supporting_us_and_we_will_always_be_there_for_you__Any_questions_you_have__feel\u2026 (2)-min\" onerror=\"this.style.display='none'\"  \/>\n\t\t\t\t<\/a>\n\t\t\t\t<a href=\"https:\/\/www.sunsetcity.ca\/rl_gallery\/reviews\/\" target=\"_self\" itemprop=\"url\" rel=\"noopener\">\n\t\t\t\t<img decoding=\"async\" src=\"https:\/\/www.sunsetcity.ca\/wp-content\/uploads\/2024\/07\/review-1-min.png\" alt=\"r\u00e9vision (1)-min\" itemprop=\"image\" title=\"r\u00e9vision (1)-min\" onerror=\"this.style.display='none'\"  \/>\n\t\t\t\t<\/a>\n\t\t\t\t<img decoding=\"async\" src=\"https:\/\/sunsetcity.co\/wp-content\/plugins\/bb-plugin\/img\/pixel.png\" alt=\"\" itemprop=\"image\" onerror=\"this.style.display='none'\"  \/>\n\t<div class=\"rl-gallery-container rl-loading\" id=\"rl-gallery-container-1\" data-gallery_id=\"4491\"> <h4 class=\"rl-gallery-title\">Avis des clients:<\/h4> <div class=\"rl-gallery rl-basicmasonry-gallery rl-hover-effect-1\" id=\"rl-gallery-1\" data-gallery_no=\"1\"> <div class=\"rl-gutter-sizer\"><\/div><div class=\"rl-grid-sizer\"><\/div> <div class=\"rl-gallery-item rl-gallery-item-width-4\" > <div class=\"rl-gallery-item-content\"> <a href=\"https:\/\/sunsetcity.co\/wp-content\/uploads\/2023\/01\/chronicawellness_\u2022_Instagram_photos_and_videos-2.png\" title=\"\" data-rl_title=\"\" class=\"rl-gallery-link\" data-rl_caption=\"\" data-rel=\"norl\" data-rl_><img loading=\"lazy\" decoding=\"async\" src=\"https:\/\/sunsetcity.co\/wp-content\/uploads\/2023\/01\/chronicawellness_\u2022_Instagram_photos_and_videos-2-300x138.png\" width=\"300\" height=\"138\" alt=\"\"\/><\/a> <\/div> <\/div> <div class=\"rl-gallery-item\" > <div class=\"rl-gallery-item-content\"> <a href=\"https:\/\/sunsetcity.co\/wp-content\/uploads\/2023\/01\/general___Sunset_City_-_Discord8.png\" title=\"\" data-rl_title=\"\" class=\"rl-gallery-link\" data-rl_caption=\"\" data-rel=\"norl\" data-rl_><img loading=\"lazy\" decoding=\"async\" src=\"https:\/\/sunsetcity.co\/wp-content\/uploads\/2023\/01\/general___Sunset_City_-_Discord8-300x180.png\" width=\"300\" height=\"180\" alt=\"\"\/><\/a> <\/div> <\/div> <div class=\"rl-gallery-item\" > <div class=\"rl-gallery-item-content\"> <a href=\"https:\/\/sunsetcity.co\/wp-content\/uploads\/2023\/01\/sunsetcity_mushrooms.jpeg\" title=\"\" data-rl_title=\"\" class=\"rl-gallery-link\" data-rl_caption=\"\" data-rel=\"norl\" data-rl_><img loading=\"lazy\" decoding=\"async\" src=\"https:\/\/sunsetcity.co\/wp-content\/uploads\/2023\/01\/sunsetcity_mushrooms-300x300.jpeg\" width=\"300\" height=\"300\" alt=\"\"\/><\/a> <\/div> <\/div> <div class=\"rl-gallery-item\" > <div class=\"rl-gallery-item-content\"> <a href=\"https:\/\/sunsetcity.co\/wp-content\/uploads\/2023\/01\/general___Sunset_City_-_Discord6-1.png\" title=\"\" data-rl_title=\"\" class=\"rl-gallery-link\" data-rl_caption=\"\" data-rel=\"norl\" data-rl_><img loading=\"lazy\" decoding=\"async\" src=\"https:\/\/sunsetcity.co\/wp-content\/uploads\/2023\/01\/general___Sunset_City_-_Discord6-1-300x143.png\" width=\"300\" height=\"143\" alt=\"\"\/><\/a> <\/div> <\/div> <div class=\"rl-gallery-item\" > <div class=\"rl-gallery-item-content\"> <a href=\"https:\/\/sunsetcity.co\/wp-content\/uploads\/2022\/03\/300169947_598802961820629_2693454070622029860_n.jpg\" title=\"\" data-rl_title=\"\" class=\"rl-gallery-link\" data-rl_caption=\"\" data-rel=\"norl\" data-rl_><img loading=\"lazy\" decoding=\"async\" src=\"https:\/\/sunsetcity.co\/wp-content\/uploads\/2022\/03\/300169947_598802961820629_2693454070622029860_n-300x232.jpg\" width=\"300\" height=\"232\" alt=\"microdosage+caps+vancouver\"\/><\/a> <\/div> <\/div> <div class=\"rl-gallery-item\" > <div class=\"rl-gallery-item-content\"> <a href=\"https:\/\/sunsetcity.co\/wp-content\/uploads\/2023\/01\/general___Sunset_City_-_Discord7-1.png\" title=\"\" data-rl_title=\"\" class=\"rl-gallery-link\" data-rl_caption=\"\" data-rel=\"norl\" data-rl_><img loading=\"lazy\" decoding=\"async\" src=\"https:\/\/sunsetcity.co\/wp-content\/uploads\/2023\/01\/general___Sunset_City_-_Discord7-1-300x133.png\" width=\"300\" height=\"133\" alt=\"\"\/><\/a> <\/div> <\/div> <div class=\"rl-gallery-item\" > <div class=\"rl-gallery-item-content\"> <a href=\"https:\/\/sunsetcity.co\/wp-content\/uploads\/2023\/01\/general___Sunset_City_-_Discord4-1.png\" title=\"\" data-rl_title=\"\" class=\"rl-gallery-link\" data-rl_caption=\"\" data-rel=\"norl\" data-rl_><img loading=\"lazy\" decoding=\"async\" src=\"https:\/\/sunsetcity.co\/wp-content\/uploads\/2023\/01\/general___Sunset_City_-_Discord4-1-300x124.png\" width=\"300\" height=\"124\" alt=\"\"\/><\/a> <\/div> <\/div> <div class=\"rl-gallery-item\" > <div class=\"rl-gallery-item-content\"> <a href=\"https:\/\/sunsetcity.co\/wp-content\/uploads\/2023\/01\/general___Sunset_City_-_Discord3-1.png\" title=\"\" data-rl_title=\"\" class=\"rl-gallery-link\" data-rl_caption=\"\" data-rel=\"norl\" data-rl_><img loading=\"lazy\" decoding=\"async\" src=\"https:\/\/sunsetcity.co\/wp-content\/uploads\/2023\/01\/general___Sunset_City_-_Discord3-1-300x139.png\" width=\"300\" height=\"139\" alt=\"\"\/><\/a> <\/div> <\/div> <div class=\"rl-gallery-item\" > <div class=\"rl-gallery-item-content\"> <a href=\"https:\/\/sunsetcity.co\/wp-content\/uploads\/2023\/01\/general___Sunset_City_-_Discord2-1.png\" title=\"\" data-rl_title=\"\" class=\"rl-gallery-link\" data-rl_caption=\"\" data-rel=\"norl\" data-rl_><img loading=\"lazy\" decoding=\"async\" src=\"https:\/\/sunsetcity.co\/wp-content\/uploads\/2023\/01\/general___Sunset_City_-_Discord2-1-300x204.png\" width=\"300\" height=\"204\" alt=\"\"\/><\/a> <\/div> <\/div> <div class=\"rl-gallery-item\" > <div class=\"rl-gallery-item-content\"> <a href=\"https:\/\/sunsetcity.co\/wp-content\/uploads\/2023\/01\/general___Sunset_City_-_Discord-2.png\" title=\"\" data-rl_title=\"\" class=\"rl-gallery-link\" data-rl_caption=\"\" data-rel=\"norl\" data-rl_><img loading=\"lazy\" decoding=\"async\" src=\"https:\/\/sunsetcity.co\/wp-content\/uploads\/2023\/01\/general___Sunset_City_-_Discord-2-300x177.png\" width=\"300\" height=\"177\" alt=\"\"\/><\/a> <\/div> <\/div> <div class=\"rl-gallery-item\" > <div class=\"rl-gallery-item-content\"> <a href=\"https:\/\/sunsetcity.co\/wp-content\/uploads\/2024\/07\/rhe_on_Instagram__harvest_\ud83e\udd29__goldenteacher-e1721860796720.png\" title=\"\" data-rl_title=\"\" class=\"rl-gallery-link\" data-rl_caption=\"\" data-rel=\"norl\" data-rl_><img loading=\"lazy\" decoding=\"async\" src=\"https:\/\/sunsetcity.co\/wp-content\/uploads\/2024\/07\/rhe_on_Instagram__harvest_\ud83e\udd29__goldenteacher-e1721860796720-300x155.png\" width=\"300\" height=\"155\" alt=\"\"\/><\/a> <\/div> <\/div> <div class=\"rl-gallery-item\" > <div class=\"rl-gallery-item-content\"> <a href=\"https:\/\/sunsetcity.co\/wp-content\/uploads\/2022\/03\/goczp8fky98a1-e1672433339853.jpeg\" title=\"\" data-rl_title=\"\" class=\"rl-gallery-link\" data-rl_caption=\"\" data-rel=\"norl\" data-rl_><img loading=\"lazy\" decoding=\"async\" src=\"https:\/\/sunsetcity.co\/wp-content\/uploads\/2022\/03\/goczp8fky98a1-e1672433339853-225x300.jpeg\" width=\"225\" height=\"300\" alt=\"\"\/><\/a> <\/div> <\/div> <\/div> <div class=\"rl-gallery-description\">Avis clients\u261d\ufe0f<\/div> <\/div>\n\n\t\t\t<a href=\"https:\/\/sunsetcity.ca\/shop\" target=\"_self\" rel=\"noopener\">\n\t\t\t\t\t\t\t\ud83d\udc65 Rejoignez notre communaut\u00e9 de plus de 650 clients satisfaits et b\u00e9n\u00e9ficiez d&#039;un service fiable, discret et convivial avec une assistance par chat en direct \ud83d\udcac <br \/><br \/>\ud83d\udce6 \ud83d\udecd\ufe0f Commencez vos achats d\u00e8s aujourd&#039;hui et d\u00e9couvrez pourquoi nos clients reviennent sans cesse ! \ud83d\ude4c\n\t\t\t\t\t<\/a>\n\t\t\t\t<img decoding=\"async\" src=\"https:\/\/www.sunsetcity.ca\/wp-content\/uploads\/2021\/12\/bd_kortlogodk_64px_61c63cc2de842.png\" alt=\"bd_kortlogodk_64px_61c63cc2de842\" itemprop=\"image\" title=\"bd_kortlogodk_64px_61c63cc2de842\" onerror=\"this.style.display='none'\"  \/>","protected":false},"excerpt":{"rendered":"<p>\u2b50\u2b50\u2b50\u2b50\u2b50 bas\u00e9 sur 266 commandes v\u00e9rifi\u00e9es \u00ab\u00a0Sunset City est un acteur tr\u00e8s appr\u00e9ci\u00e9 dans le secteur des nootropiques de Vancouver.\u00a0\u00bb \u2013 BC Business Bonjour. Bienvenue \u00e0 Sunset City ! EXPLOREZ LES PRODUITS \ud83d\udc65 Rejoignez notre communaut\u00e9 de plus de 650 clients satisfaits et b\u00e9n\u00e9ficiez d&#039;un service fiable, discret et convivial avec une assistance par chat en direct \ud83d\udcac \ud83d\udce6\u2026<\/p>\n<p class=\"read-more\"> <a class=\"\" href=\"https:\/\/sunsetcity.co\/fr\/\"> <span class=\"screen-reader-text\">Maison<\/span> Lire la suite \u00bb<\/a><\/p>","protected":false},"author":1,"featured_media":0,"parent":0,"menu_order":0,"comment_status":"closed","ping_status":"closed","template":"","meta":{"site-sidebar-layout":"no-sidebar","site-content-layout":"page-builder","ast-global-header-display":"","ast-main-header-display":"","ast-hfb-above-header-display":"","ast-hfb-below-header-display":"","ast-hfb-mobile-header-display":"","site-post-title":"disabled","ast-breadcrumbs-content":"","ast-featured-img":"disabled","footer-sml-layout":"","theme-transparent-header-meta":"enabled","adv-header-id-meta":"","stick-header-meta":"","header-above-stick-meta":"","header-main-stick-meta":"","header-below-stick-meta":"","footnotes":""},"class_list":["post-38","page","type-page","status-publish","hentry"],"_links":{"self":[{"href":"https:\/\/sunsetcity.co\/fr\/wp-json\/wp\/v2\/pages\/38","targetHints":{"allow":["GET"]}}],"collection":[{"href":"https:\/\/sunsetcity.co\/fr\/wp-json\/wp\/v2\/pages"}],"about":[{"href":"https:\/\/sunsetcity.co\/fr\/wp-json\/wp\/v2\/types\/page"}],"author":[{"embeddable":true,"href":"https:\/\/sunsetcity.co\/fr\/wp-json\/wp\/v2\/users\/1"}],"replies":[{"embeddable":true,"href":"https:\/\/sunsetcity.co\/fr\/wp-json\/wp\/v2\/comments?post=38"}],"version-history":[{"count":10,"href":"https:\/\/sunsetcity.co\/fr\/wp-json\/wp\/v2\/pages\/38\/revisions"}],"predecessor-version":[{"id":18819,"href":"https:\/\/sunsetcity.co\/fr\/wp-json\/wp\/v2\/pages\/38\/revisions\/18819"}],"wp:attachment":[{"href":"https:\/\/sunsetcity.co\/fr\/wp-json\/wp\/v2\/media?parent=38"}],"curies":[{"name":"wp","href":"https:\/\/api.w.org\/{rel}","templated":true}]}}