{"id":4396,"date":"2023-01-23T15:24:49","date_gmt":"2023-01-23T22:24:49","guid":{"rendered":"https:\/\/www.sunsetcity.ca\/?page_id=4396"},"modified":"2024-01-14T16:23:17","modified_gmt":"2024-01-14T23:23:17","slug":"buymagicmushroomssunsetcity","status":"publish","type":"page","link":"https:\/\/sunsetcity.co\/fr\/acheter-des-champignons-magiques-coucher-de-soleil-ville\/","title":{"rendered":"Comment commander des champignons magiques \u00e0 Sunset City"},"content":{"rendered":"<img loading=\"lazy\" decoding=\"async\" src=\"https:\/\/www.sunsetcity.ca\/wp-content\/uploads\/2023\/10\/shopping-sunset-city-mushrooms-600x338.png\" alt=\"shopping-coucher de soleil-ville-champignons\" itemprop=\"image\" height=\"338\" width=\"600\" title=\"shopping-coucher de soleil-ville-champignons\" onerror=\"this.style.display='none'\"  \/>\n<h2>\n\t\t<img decoding=\"async\" role=\"img\" draggable=\"false\" src=\"https:\/\/s.w.org\/images\/core\/emoji\/14.0.0\/svg\/1f449.svg\" alt=\"\ud83d\udc49\" \/>Vous vous demandez comment commander une livraison de champignons ? <br \/><img decoding=\"async\" role=\"img\" draggable=\"false\" src=\"https:\/\/s.w.org\/images\/core\/emoji\/14.0.0\/svg\/1f449.svg\" alt=\"\ud83d\udc49\" \/>\u00cates-vous \u00e0 la recherche d\u2019une source fiable de champignons cultiv\u00e9s biologiquement avec amour et soin ? <br \/><img decoding=\"async\" role=\"img\" draggable=\"false\" src=\"https:\/\/s.w.org\/images\/core\/emoji\/14.0.0\/svg\/1f449.svg\" alt=\"\ud83d\udc49\" \/>Vous cherchez \u00e0 changer de vie ?\n\t<\/h2>\n\tSi vous avez r\u00e9pondu OUI aux 3 r\u00e9ponses, alors nous vous souhaitons la bienvenue \u00e0 Sunset City Mushrooms\u00a0!\n<br \/>\n<a href=\"https:\/\/discord.gg\/FC8pvqaeNY\" target=\"_blank\" rel=\"noopener\">Communaut\u00e9 de champignons<\/a> \u2013 Chat de groupe Discord pour en savoir plus sur les psych\u00e9d\u00e9liques\n\t<iframe loading=\"lazy\" title=\"Guide de commande de Sunset City\" src=\"https:\/\/player.vimeo.com\/video\/885032975?dnt=1&amp;app_id=122963\" width=\"500\" height=\"652\" frameborder=\"0\" allow=\"autoplay; fullscreen; picture-in-picture\"><\/iframe>\n<p>Cliquez sur <img decoding=\"async\" src=\"https:\/\/www.sunsetcity.ca\/wp-content\/uploads\/2023\/11\/istockphoto-1598891324-612x612-1-e1700113154293.jpeg\" \/> ci-dessus pour voir la vid\u00e9o en plein \u00e9cran<\/p>\n\t<hr \/>\n<p>Le processus est en fait assez simple. Si c&#039;est la premi\u00e8re fois que vous achetez des champignons en ligne pour livraison, alors ce guide vous expliquera tout ce que vous devez savoir pour commencer chez Sunset City !<\/p>\n<h4>\u00c9tape 1 : Parcourez notre catalogue de produits de champignons magiques \/ produits microdoses\n<p>Pour consulter l&#039;int\u00e9gralit\u00e9 de notre catalogue de produits, visitez notre&nbsp;<a href=\"https:\/\/www.sunsetcity.ca\/shop\/\" target=\"_blank\" rel=\"noopener\">page de la boutique.<\/a>&nbsp;Sur cette page, tous les produits quelle que soit leur cat\u00e9gorie sont visibles. Vous pouvez \u00e9galement consulter certaines de nos pages de cat\u00e9gories de produits telles que\u00a0:<\/p>\n<ul>\n\t<li>&nbsp;<u><a href=\"https:\/\/www.sunsetcity.ca\/product\/lsd-110ug\/\" target=\"_blank\" rel=\"noopener\">LSD<\/a><\/u><\/li>\n\t<li>&nbsp;<u><a href=\"https:\/\/www.sunsetcity.ca\/shop\/?swoof=1&amp;product_cat=bundle\" target=\"_blank\" rel=\"noopener\">Offres group\u00e9es<\/a><\/u><\/li>\n\t<li>&nbsp;<u><a href=\"https:\/\/www.sunsetcity.ca\/shop\/?swoof=1&amp;product_cat=shroom\" target=\"_blank\" rel=\"noopener\">Champignon Magique (Champignons Psilocybine)<\/a><\/u><\/li>\n\t<li>&nbsp;<u><a href=\"https:\/\/www.sunsetcity.ca\/shop\/?swoof=1&amp;product_cat=magic-mixes\" target=\"_blank\" rel=\"noopener\">M\u00e9langes magiques<\/a><\/u><\/li>\n\t<li>&nbsp;<u><a href=\"https:\/\/www.sunsetcity.ca\/shop\/?swoof=1&amp;product_cat=magic-cultures\" target=\"_blank\" rel=\"noopener\">Cultures magiques<\/a><\/u><\/li>\n\t<li>&nbsp;<u><a href=\"https:\/\/www.sunsetcity.ca\/shop\/?swoof=1&amp;product_cat=growing-magic-mushroom\" target=\"_blank\" rel=\"noopener\">Cultiver des champignons magiques<\/a><\/u><\/li>\n\t<li>&nbsp;<u><a href=\"https:\/\/www.sunsetcity.ca\/product\/coca-leaf-cafe-tea-vancouver\/\" target=\"_blank\" rel=\"noopener\">Th\u00e9 au caf\u00e9 aux feuilles de coca<\/a><\/u><\/li>\n<\/ul>\n<hr \/>\n\t\t\t\t<img loading=\"lazy\" decoding=\"async\" src=\"https:\/\/www.sunsetcity.ca\/wp-content\/uploads\/2023\/01\/Screen-Shot-2023-01-23-at-2.10.56-PM.jpg\" alt=\"acheter+des+champignons+magiques\" itemprop=\"image\" height=\"891\" width=\"558\" title=\"coucher de soleil + ville + champignons\" onerror=\"this.style.display='none'\"  \/>\n\t<hr \/>\n<\/h4><h4>\u00c9tape 2\u00a0: affichez les produits souhait\u00e9s et ajoutez-les au panier<\/h4>\n<p>Dans la capture d&#039;\u00e9cran ci-dessus, vous verrez une liste de produits sur les pages de cat\u00e9gories. En outre, vous pouvez \u00e9galement filtrer par prix ou afficher d&#039;autres sous-cat\u00e9gories en s\u00e9lectionnant les produits souhait\u00e9s.<\/p>\n<p>Pour voir un produit et tous ses d\u00e9tails, cliquez simplement sur la photo du produit ou sur le titre du produit. Vous serez ensuite redirig\u00e9 vers une page produit, comme indiqu\u00e9 ci-dessous\u00a0:<\/p>\n<p>&nbsp;<\/p>\n\t\t\t\t<img loading=\"lazy\" decoding=\"async\" src=\"https:\/\/www.sunsetcity.ca\/wp-content\/uploads\/2023\/01\/Screen-Shot-2023-01-23-at-2.20.41-PM.jpg\" alt=\"p\u00e9nis+envie+champignon\" itemprop=\"image\" height=\"853\" width=\"545\" title=\"envie de p\u00e9nis + champignon\" onerror=\"this.style.display='none'\"  \/>\n\t<hr \/>\n<p>Une fois sur la page du produit, vous pouvez voir toutes les images du produit, ainsi qu&#039;une br\u00e8ve description, une description compl\u00e8te, des avis et bien plus encore. Vous pouvez \u00e9galement ajouter le produit \u00e0 votre panier en cliquant simplement sur le bouton \u00ab Ajouter au panier \u00bb \u00e0 c\u00f4t\u00e9 du s\u00e9lecteur de quantit\u00e9.<\/p>\n<p>Si vous souhaitez obtenir plus d&#039;un produit de ce produit, vous pouvez en choisir autant que vous le souhaitez en augmentant le s\u00e9lecteur de quantit\u00e9 de produit.<\/p>\n<p>3,5 g, 7 g, 14 g ou 28 g sont les quantit\u00e9s disponibles typiques pour les champignons s\u00e9ch\u00e9s.&nbsp;<\/p>\n<p>Apr\u00e8s avoir s\u00e9lectionn\u00e9 vos options de variables, vous pouvez ensuite continuer en cliquant sur le bouton Ajouter au panier. Si vous souhaitez acheter d&#039;autres produits, r\u00e9p\u00e9tez ces \u00e9tapes et ajoutez-les \u00e9galement \u00e0 votre panier.<\/p>\n<hr \/>\n\t<h4>\u00c9tape 3\u00a0:\u00a0V\u00e9rification<\/h4>\n<p>Maintenant que vous avez ajout\u00e9 tous les produits souhait\u00e9s dans votre panier, vous devez maintenant passer \u00e0 la page de paiement. Pour v\u00e9rifier votre panier et proc\u00e9der au paiement.<\/p>\n<p>Une fois que vous avez survol\u00e9 votre panier, cliquez sur le bouton \u00ab\u00a0Commander\u00a0\u00bb pour continuer.<\/p>\n<p>Vous serez maintenant redirig\u00e9 vers la page de paiement. Sur cette page, vous devrez saisir vos informations personnelles afin que nous puissions d\u00e9terminer o\u00f9 livrer votre colis. Nous avons \u00e9galement des options pour ajouter un code promo sur la page de paiement, toutes pr\u00e9sent\u00e9es ci-dessous\u00a0:<\/p>\n\t\t\t\t<img loading=\"lazy\" decoding=\"async\" src=\"https:\/\/www.sunsetcity.ca\/wp-content\/uploads\/2023\/01\/Screen-Shot-2023-01-23-at-2.21.06-PM.jpg\" alt=\"coucher de soleil+ville+champignons+commande\" itemprop=\"image\" height=\"840\" width=\"510\" title=\"coucher de soleil+ville+champignons+commande\" onerror=\"this.style.display='none'\"  \/>\n\t<h4>\u00c9tape 4 : Paiement par carte de cr\u00e9dit ou ETF (Canada\/USA)\n<hr \/>\n<p>Paiements par carte de cr\u00e9dit\/d\u00e9bit\u00a0: Vous recevrez des instructions de paiement envoy\u00e9es \u00e0 votre e-mail avec un bouton de demande de paiement. Cet e-mail est envoy\u00e9 dans les 10 minutes suivant la commande. Si vous ne recevez pas d&#039;e-mail de demande de paiement, veuillez envoyer un e-mail <a href=\"mailto:admin@sunsetcity.ca\">admin@sunsetcity.ca<\/a>&nbsp;pour une aide suppl\u00e9mentaire.<\/p>\n\t<hr \/>\n<p>Virement \u00e9lectronique (Canada). Vous devrez transf\u00e9rer votre argent via votre banque en utilisant les informations suivantes :<\/p>\n<p>Question\u00a0: Num\u00e9ro de commande<\/p>\n<p>Mot de passe\u00a0: coucher de soleil (num\u00e9ro de commande) ***supprimez le ( ) lors de la saisie du mot de passe***<\/p>\n<hr \/>\n<p>Votre commande sera exp\u00e9di\u00e9e d\u00e8s r\u00e9ception de votre paiement.<\/p>\n<p>**IMPORTANT\u00a0: Assurez-vous que toutes vos ADRESSES DE LIVRAISON ET DE FACTURATION et votre courrier \u00e9lectronique sont corrects avant de soumettre la commande. Si vous avez fait une erreur lors du paiement, veuillez envoyer un courriel imm\u00e9diatement \u00e0 admin@sunsetcity.ca. Nous ne sommes pas responsables des commandes envoy\u00e9es \u00e0 une adresse de livraison mal saisie.<\/p>\n<hr \/> \n\t\t\t\t<img decoding=\"async\" src=\"https:\/\/www.sunsetcity.ca\/wp-content\/uploads\/2023\/01\/Step-3.gif\" alt=\"coucher de soleil+ville+paiement\" itemprop=\"image\" title=\"coucher de soleil+ville+paiement\" onerror=\"this.style.display='none'\"  \/>\n\t<p>Penticton\u00a0: Une visite au c\u00e9l\u00e8bre Penticton Peach Festival, une c\u00e9l\u00e9bration du patrimoine agricole de la ville et des p\u00eaches locales, avec de la musique live, des vendeurs de nourriture et des activit\u00e9s amusantes pour toute la famille.<\/p>\n<p>Tumbler Ridge\u00a0: une randonn\u00e9e panoramique \u00e0 travers le pittoresque g\u00e9oparc mondial de Tumbler Ridge, un parc class\u00e9 par l&#039;UNESCO pr\u00e9sentant des formations g\u00e9ologiques et une faune \u00e0 couper le souffle.<\/p>\n<p>Pemberton\u00a0: Une exp\u00e9rience de v\u00e9lo de montagne palpitante au Pemberton Bike Park, offrant des sentiers pour les cyclistes de tous niveaux et une vue imprenable sur les montagnes environnantes.<\/p>\n<p>Fernie\u00a0: Une aventure de ski ou de snowboard \u00e0 Fernie Alpine Resort, une destination de ski de renomm\u00e9e mondiale connue pour son terrain difficile et ses paysages \u00e9poustouflants.<\/p>\n<p>Hope\u00a0: Une visite au Hope Slide, un glissement de terrain massif survenu en 1965 et qui est aujourd&#039;hui une destination de randonn\u00e9e populaire offrant une vue panoramique sur la vall\u00e9e environnante.<\/p>\n<p>Sooke\u00a0: une excursion panoramique en bateau vers le parc r\u00e9gional voisin de Sooke Potholes, pr\u00e9sentant des formations g\u00e9ologiques uniques et des possibilit\u00e9s de randonn\u00e9e, de baignade et de p\u00eache.<\/p>\n<p>Ladysmith\u00a0: Une promenade dans la charmante vieille ville de Ladysmith, un quartier historique abritant des b\u00e2timents patrimoniaux magnifiquement pr\u00e9serv\u00e9s, des galeries d&#039;art et des boutiques locales.<\/p>\n<p>Lac Cowichan\u00a0: Une excursion paisible en kayak sur le lac Cowichan, entour\u00e9 de paysages \u00e0 couper le souffle et offrant des possibilit\u00e9s de p\u00eache et d&#039;observation des oiseaux.<\/p>\n<p>Lumby\u00a0: une visite au festival annuel Lumby Days, une c\u00e9l\u00e9bration du patrimoine de la ville et de la communaut\u00e9 locale, avec de la musique live, des vendeurs de nourriture et des activit\u00e9s familiales.<\/p>\n<p>Masset\u00a0: une excursion d&#039;observation des baleines dans les \u00eeles voisines de Haida Gwaii, connues pour leur population de baleines florissante et leur beaut\u00e9 naturelle \u00e9poustouflante.<\/p>\n<p>McBride\u00a0: une randonn\u00e9e panoramique \u00e0 travers le terrain accident\u00e9 des montagnes Monashee voisines, offrant des vues \u00e0 couper le souffle et des possibilit\u00e9s d&#039;observation de la faune.<\/p>\n<p>Golden\u00a0: Une route panoramique \u00e0 travers le c\u00e9l\u00e8bre col Rogers, une route historique \u00e0 travers les montagnes Selkirk offrant des vues imprenables et des possibilit\u00e9s de randonn\u00e9e et de camping.<\/p>\n<p>Invermere\u00a0: Une visite au c\u00e9l\u00e8bre march\u00e9 fermier d&#039;Invermere, proposant des produits locaux, des produits artisanaux et de la musique live dans un cadre communautaire dynamique.<\/p>\n<p>Kamloops : Une visite au parc faunique de Kamloops, mettant en valeur les esp\u00e8ces sauvages indig\u00e8nes et offrant des exp\u00e9riences interactives et des opportunit\u00e9s \u00e9ducatives.<\/p>\n<p>Kimberley\u00a0: Une aventure de ski ou de snowboard \u00e0 la Kimberley Alpine Resort, offrant une vari\u00e9t\u00e9 de terrains pour les riders de tous niveaux et des vues imprenables sur les montagnes environnantes.<\/p>\n<p>Keremeos\u00a0: visite des colonnes de Keremeos, formations g\u00e9ologiques uniques form\u00e9es par une activit\u00e9 volcanique ancienne et d\u00e9sormais une destination de randonn\u00e9e populaire.<\/p>\n<p>Baie de Kootenay\u00a0: une excursion panoramique en bateau sur le lac Kootenay, offrant des possibilit\u00e9s de p\u00eache, d&#039;observation des oiseaux et d&#039;exploration de la beaut\u00e9 naturelle \u00e9poustouflante de la r\u00e9gion.<\/p>\n<p>Lillooet\u00a0: une route panoramique \u00e0 travers le pittoresque canyon de la rivi\u00e8re Lillooet, pr\u00e9sentant un terrain accident\u00e9 et une vue imprenable sur les montagnes environnantes.<\/p>\n<p>Lions Bay\u00a0: une randonn\u00e9e panoramique \u00e0 travers la montagne Stawamus Chief situ\u00e9e \u00e0 proximit\u00e9, offrant un terrain difficile et une vue imprenable sur le littoral environnant.<\/p>\n<p>Lytton\u00a0: Une visite de la r\u00e9serve historique de la Premi\u00e8re Nation de Lytton, offrant des opportunit\u00e9s d&#039;en apprendre davantage sur la culture et l&#039;histoire autochtones locales.<\/p>\n<p>Nakusp\u00a0: une excursion pittoresque aux sources chaudes de Halcyon Hot Springs, offrant des sources chaudes naturelles relaxantes et une vue imprenable sur les montagnes environnantes.<\/p>\n<p>New Denver\u00a0: une visite au mus\u00e9e de New Denver, pr\u00e9sentant la riche histoire et le patrimoine de la r\u00e9gion et offrant des opportunit\u00e9s \u00e9ducatives aux visiteurs.<\/p>\n<p>Osoyoos\u00a0: visite du Centre du d\u00e9sert d&#039;Osoyoos, mettant en valeur l&#039;\u00e9cosyst\u00e8me unique du d\u00e9sert environnant et proposant des activit\u00e9s \u00e9ducatives.<\/p>\n<\/h4>","protected":false},"excerpt":{"rendered":"<p>Vous vous demandez comment commander une livraison de champignons ? \u00cates-vous \u00e0 la recherche d\u2019une source fiable de champignons cultiv\u00e9s de mani\u00e8re biologique avec amour et soin\u00a0? Vous cherchez \u00e0 changer de vie ? Si vous avez r\u00e9pondu OUI aux 3 r\u00e9ponses, alors nous vous souhaitons la bienvenue \u00e0 Sunset City Mushrooms\u00a0! Communaut\u00e9 Champignon \u2013 Discussion de groupe Discord pour en savoir plus sur\u2026<\/p>\n<p class=\"read-more\"> <a class=\"\" href=\"https:\/\/sunsetcity.co\/fr\/acheter-des-champignons-magiques-coucher-de-soleil-ville\/\"> <span class=\"screen-reader-text\">Comment commander des champignons magiques \u00e0 Sunset City<\/span> Lire la suite \u00bb<\/a><\/p>","protected":false},"author":1,"featured_media":0,"parent":0,"menu_order":0,"comment_status":"closed","ping_status":"closed","template":"","meta":{"site-sidebar-layout":"default","site-content-layout":"default","ast-global-header-display":"","ast-main-header-display":"","ast-hfb-above-header-display":"","ast-hfb-below-header-display":"","ast-hfb-mobile-header-display":"","site-post-title":"","ast-breadcrumbs-content":"","ast-featured-img":"","footer-sml-layout":"","theme-transparent-header-meta":"","adv-header-id-meta":"","stick-header-meta":"","header-above-stick-meta":"","header-main-stick-meta":"","header-below-stick-meta":"","footnotes":""},"class_list":["post-4396","page","type-page","status-publish","hentry"],"_links":{"self":[{"href":"https:\/\/sunsetcity.co\/fr\/wp-json\/wp\/v2\/pages\/4396","targetHints":{"allow":["GET"]}}],"collection":[{"href":"https:\/\/sunsetcity.co\/fr\/wp-json\/wp\/v2\/pages"}],"about":[{"href":"https:\/\/sunsetcity.co\/fr\/wp-json\/wp\/v2\/types\/page"}],"author":[{"embeddable":true,"href":"https:\/\/sunsetcity.co\/fr\/wp-json\/wp\/v2\/users\/1"}],"replies":[{"embeddable":true,"href":"https:\/\/sunsetcity.co\/fr\/wp-json\/wp\/v2\/comments?post=4396"}],"version-history":[{"count":2,"href":"https:\/\/sunsetcity.co\/fr\/wp-json\/wp\/v2\/pages\/4396\/revisions"}],"predecessor-version":[{"id":9305,"href":"https:\/\/sunsetcity.co\/fr\/wp-json\/wp\/v2\/pages\/4396\/revisions\/9305"}],"wp:attachment":[{"href":"https:\/\/sunsetcity.co\/fr\/wp-json\/wp\/v2\/media?parent=4396"}],"curies":[{"name":"wp","href":"https:\/\/api.w.org\/{rel}","templated":true}]}}