{"id":4856,"date":"2023-02-21T01:37:46","date_gmt":"2023-02-21T08:37:46","guid":{"rendered":"https:\/\/www.sunsetcity.ca\/?page_id=4856"},"modified":"2023-02-21T01:47:36","modified_gmt":"2023-02-21T08:47:36","slug":"best-magic-mushrooms-for-visuals","status":"publish","type":"page","link":"https:\/\/sunsetcity.co\/fr\/meilleurs-champignons-magiques-pour-les-visuels\/","title":{"rendered":"Les meilleurs champignons magiques pour les visuels"},"content":{"rendered":"<h1>\n\t\tMeilleurs champignons magiques pour les visuels\n\t<\/h1>\n\t\t\t\t<img loading=\"lazy\" decoding=\"async\" src=\"https:\/\/www.sunsetcity.ca\/wp-content\/uploads\/2023\/02\/trippywater-300x300.png\" alt=\"trippy+champignons\" itemprop=\"image\" height=\"300\" width=\"300\" title=\"trippy+champignons\" onerror=\"this.style.display='none'\"  \/>\n\tSalutations aux passionn\u00e9s de mycologie ! \n<br \/><br \/>\nQuand j&#039;\u00e9tais jeune, je me demandais si les champignons magiques pouvaient am\u00e9liorer l&#039;exp\u00e9rience visuelle. Outre ses propri\u00e9t\u00e9s am\u00e9liorant la vie, telles que la diminution des sympt\u00f4mes de d\u00e9pression et des niveaux d&#039;anxi\u00e9t\u00e9 via <a href=\"https:\/\/en.wikipedia.org\/wiki\/Psilocybin_therapy\" target=\"_blank\" rel=\"noopener\">th\u00e9rapie \u00e0 la psilocybine<\/a>, on peut se demander quels sont les meilleurs champignons magiques pour les visuels. N\u00e9anmoins, j\u2019ai vite r\u00e9alis\u00e9 que ces champignons mystiques avaient le pouvoir de modifier ma perception de la r\u00e9alit\u00e9, rendant souvent ma vision floue. Apr\u00e8s avoir men\u00e9 des recherches approfondies, j\u2019ai d\u00e9couvert que ces champignons magiques offrent des bienfaits incroyables aux artistes visuels et stimulent ma cr\u00e9ativit\u00e9. \n<br \/><br \/>\n<a href=\"https:\/\/effectindex.com\/effects\" target=\"_blank\" rel=\"noopener\">Indice d&#039;effet subjectif<\/a> \u2013 un ensemble d&#039;articles con\u00e7us pour servir de catalogue complet et de r\u00e9f\u00e9rence sur l&#039;\u00e9ventail des effets subjectifs pouvant survenir sous l&#039;influence de substances psychoactives et d&#039;autres techniques psychonautiques.\n\t<table>\n<thead>\n<tr>\n<th>Souche<\/th>\n<th>Effet visuel<\/th>\n<th>Acheter un lien<\/th>\n<\/tr>\n<\/thead>\n<tfoot>\n<tr>\n<td colspan=\"3\">**Les meilleurs champignons magiques pour les visuels sont subjectifs en fonction de la tol\u00e9rance de votre corps aux champignons magiques** Les r\u00e9sultats peuvent varier.<\/td>\n<\/tr>\n<\/tfoot>\n<tbody>\n<tr>\n<td>Professeur d&#039;or 2.0<\/td>\n<td>\u2b50\u2b50\u2b50<\/td>\n<td><a href=\"https:\/\/www.sunsetcity.ca\/product\/golden-teacher-magic-mushrooms\/\" target=\"_blank\" rel=\"noopener\">ACHETER MAINTENANT<\/a><\/td>\n<\/tr>\n<tr>\n<td>Trinit\u00e9 (Premium)<\/td>\n<td>\u2b50\u2b50\u2b50\u2b50<\/td>\n<td><a href=\"https:\/\/www.sunsetcity.ca\/product\/trinity-magic-mushroom-premium\/\" target=\"_blank\" rel=\"noopener\">ACHETER MAINTENANT<\/a><\/td>\n<\/tr>\n<tr>\n<td>Raz-de-mar\u00e9e<\/td>\n<td>\u2b50\u2b50\u2b50\u2b50\u2b50<\/td>\n<td><a href=\"https:\/\/www.sunsetcity.ca\/product\/tidalwave\/\" target=\"_blank\" rel=\"noopener\">ACHETER MAINTENANT<\/a><\/td>\n<\/tr>\n<tr>\n<td>Envie de p\u00e9nis<\/td>\n<td>\u2b50\u2b50\u2b50\u2b50\u2b50<\/td>\n<td><a href=\"https:\/\/www.sunsetcity.ca\/product\/penis-envy-magic-mushroom-strain\/\" target=\"_blank\" rel=\"noopener\">ACHETER MAINTENANT<\/a><\/td>\n<\/tr>\n<tr>\n<td>Mexicaine<\/td>\n<td>\u2b50\u2b50\u2b50<\/td>\n<td><a href=\"https:\/\/www.sunsetcity.ca\/product\/adventurers-choice-limited-time\/\" target=\"_blank\" rel=\"noopener\">ACHETER MAINTENANT<\/a><\/td>\n<\/tr>\n<tr>\n<td>Malabar<\/td>\n<td>\u2b50\u2b50<\/td>\n<td><a href=\"https:\/\/www.sunsetcity.ca\/product\/adventurers-choice-limited-time\/\" target=\"_blank\" rel=\"noopener\">ACHETER MAINTENANT<\/a><\/td>\n<\/tr>\n<tr>\n<td>Mckenna Cubensis<\/td>\n<td>\u2b50\u2b50\u2b50<\/td>\n<td><a href=\"https:\/\/www.sunsetcity.ca\/product\/mckenna-cubensis-magic-mushroom\/\" target=\"_blank\" rel=\"noopener\">ACHETER MAINTENANT<\/a><\/td>\n<\/tr>\n<tr>\n<td>\u00c9quateur<\/td>\n<td>\u2b50\u2b50\u2b50<\/td>\n<td><a href=\"https:\/\/www.sunsetcity.ca\/product\/golden-teacher-magic-mushrooms\/\" target=\"_blank\" rel=\"noopener\">ACHETER MAINTENANT<\/a><\/td>\n<\/tr>\n<tr>\n<td>B+<\/td>\n<td>\u2b50\u2b50<\/td>\n<td><a href=\"https:\/\/www.sunsetcity.ca\/product\/b\/\" target=\"_blank\" rel=\"noopener\">ACHETER MAINTENANT<\/a><\/td>\n<\/tr>\n<tr>\n<td>Albinos A++<\/td>\n<td>\u2b50\u2b50\u2b50<\/td>\n<td><a href=\"https:\/\/www.sunsetcity.ca\/product\/magic-mushroom-a\/\" target=\"_blank\" rel=\"noopener\">ACHETER MAINTENANT<\/a><\/td>\n<\/tr>\n<\/tbody>\n<\/table>\n\tDe nos jours, il existe d&#039;innombrables vari\u00e9t\u00e9s de champignons magiques parmi lesquelles choisir, allant des vari\u00e9t\u00e9s super puissantes d&#039;envie de p\u00e9nis aux vari\u00e9t\u00e9s plus subtiles telles que les professeurs dor\u00e9s avec ses effets plus doux. Si vous \u00eates curieux de savoir lesquels sont les meilleurs pour les effets visuels, continuez \u00e0 lire, mes amis\u00a0!\n<br \/><br \/>\nMaintenant, la r\u00e9ponse \u00e0 la question \u00ab\u00a0Quel est le meilleur champignon psych\u00e9d\u00e9lique pour les visuels\u00a0?\u00a0\u00bb Cela d\u00e9pend de ce que vous esp\u00e9rez retirer de votre voyage. Si vous recherchez une exp\u00e9rience puissante et intense qui vous laissera exalt\u00e9 et inspir\u00e9, alors je vous sugg\u00e8re d&#039;essayer Psilocybe cubensis ou Psilocybe semilanceata. Ces champignons sont utilis\u00e9s dans les rituels chamaniques depuis des milliers d\u2019ann\u00e9es et peuvent induire certaines des exp\u00e9riences visuelles les plus profondes connues de l\u2019homme.\n<br \/><br \/>\nLe principal ingr\u00e9dient actif de ces champignons magiques est la psilocybine, qui contient une concentration extr\u00eamement \u00e9lev\u00e9e de psilocine, le compos\u00e9 responsable de l\u2019effet \u00ab tripping \u00bb classique. Cela les rend id\u00e9aux pour cr\u00e9er des visions et des hallucinations fortes.\n\t\t\t\t<img decoding=\"async\" src=\"https:\/\/www.sunsetcity.ca\/wp-content\/uploads\/2022\/06\/psilocybinmushroomsymbol-300x254.png\" alt=\"psilocybinchampignonsymbole-300x254.png\" itemprop=\"image\" title=\"psilocybinchampignonsymbole-300x254.png\" onerror=\"this.style.display='none'\"  \/>\n\tCependant, il est crucial de prendre en compte votre sant\u00e9 mentale et physique lorsque vous consommez des champignons. Il existe des diff\u00e9rences individuelles dans la fa\u00e7on dont les gens y r\u00e9agissent, et votre sant\u00e9 peut jouer un r\u00f4le important. Si vous recherchez un peu d&#039;inspiration ou de d\u00e9tente pendant votre journ\u00e9e, vous feriez peut-\u00eatre mieux d&#039;opter pour quelque chose comme Panaeolus subbalteatus. Ce champignon ne contient que des traces de psilocine et produit \u00e0 la place un produit chimique unique appel\u00e9 panaeoloside A, ou PA.\n<br \/><br \/>\nSi c&#039;est votre premi\u00e8re fois, vous voudrez peut-\u00eatre faire preuve de prudence et commencer avec une faible dose de psych\u00e9d\u00e9liques pour trouver l&#039;\u00e9quilibre parfait qui vous convient. N&#039;oubliez pas que la puissance des champignons peut varier d&#039;un lot \u00e0 l&#039;autre.\n<br \/><br \/>\nExplorons maintenant les diff\u00e9rentes esp\u00e8ces, types et vari\u00e9t\u00e9s populaires qui vous offriront un voyage visuel. Vous pouvez trouver plusieurs de ces vari\u00e9t\u00e9s dans notre boutique, exp\u00e9di\u00e9es ici m\u00eame au Canada. Bonne chasse aux champignons, mes amis !","protected":false},"excerpt":{"rendered":"<p>Meilleurs champignons magiques pour les visuels Salutations aux passionn\u00e9s de mycologie\u00a0! Quand j&#039;\u00e9tais jeune, je me demandais si les champignons magiques pouvaient am\u00e9liorer l&#039;exp\u00e9rience visuelle. Outre ses propri\u00e9t\u00e9s b\u00e9n\u00e9fiques pour la vie, telles que la diminution des sympt\u00f4mes de d\u00e9pression et des niveaux d&#039;anxi\u00e9t\u00e9 gr\u00e2ce \u00e0 la th\u00e9rapie \u00e0 la psilocybine, on peut se demander quel est le meilleur champignon magique pour les visuels. N\u00e9anmoins, je bient\u00f4t\u2026<\/p>\n<p class=\"read-more\"> <a class=\"\" href=\"https:\/\/sunsetcity.co\/fr\/meilleurs-champignons-magiques-pour-les-visuels\/\"> <span class=\"screen-reader-text\">Les meilleurs champignons magiques pour les visuels<\/span> Lire la suite \u00bb<\/a><\/p>","protected":false},"author":1,"featured_media":0,"parent":0,"menu_order":0,"comment_status":"closed","ping_status":"closed","template":"","meta":{"site-sidebar-layout":"default","site-content-layout":"default","ast-global-header-display":"","ast-main-header-display":"","ast-hfb-above-header-display":"","ast-hfb-below-header-display":"","ast-hfb-mobile-header-display":"","site-post-title":"","ast-breadcrumbs-content":"","ast-featured-img":"","footer-sml-layout":"","theme-transparent-header-meta":"","adv-header-id-meta":"","stick-header-meta":"","header-above-stick-meta":"","header-main-stick-meta":"","header-below-stick-meta":"","footnotes":""},"class_list":["post-4856","page","type-page","status-publish","hentry"],"_links":{"self":[{"href":"https:\/\/sunsetcity.co\/fr\/wp-json\/wp\/v2\/pages\/4856","targetHints":{"allow":["GET"]}}],"collection":[{"href":"https:\/\/sunsetcity.co\/fr\/wp-json\/wp\/v2\/pages"}],"about":[{"href":"https:\/\/sunsetcity.co\/fr\/wp-json\/wp\/v2\/types\/page"}],"author":[{"embeddable":true,"href":"https:\/\/sunsetcity.co\/fr\/wp-json\/wp\/v2\/users\/1"}],"replies":[{"embeddable":true,"href":"https:\/\/sunsetcity.co\/fr\/wp-json\/wp\/v2\/comments?post=4856"}],"version-history":[{"count":0,"href":"https:\/\/sunsetcity.co\/fr\/wp-json\/wp\/v2\/pages\/4856\/revisions"}],"wp:attachment":[{"href":"https:\/\/sunsetcity.co\/fr\/wp-json\/wp\/v2\/media?parent=4856"}],"curies":[{"name":"wp","href":"https:\/\/api.w.org\/{rel}","templated":true}]}}