{"id":5231,"date":"2023-03-15T09:34:58","date_gmt":"2023-03-15T16:34:58","guid":{"rendered":"https:\/\/www.sunsetcity.ca\/?page_id=5231"},"modified":"2023-04-12T12:57:44","modified_gmt":"2023-04-12T19:57:44","slug":"microdosing-mushrooms","status":"publish","type":"page","link":"https:\/\/sunsetcity.co\/fr\/champignons-microdoses\/","title":{"rendered":"Guide du microdosage des champignons"},"content":{"rendered":"<table>\n  <thead>\n    <tr>\n      <th>Table des mati\u00e8res<\/th>\n    <\/tr>\n  <\/thead>\n  <tbody>\n    <tr>\n      <td><a href=\"#why-microdosing\">Pourquoi le microdosage ?<\/a><\/td>\n    <\/tr>\n    <tr>\n      <td><a href=\"#effects-of-microdosing\">Quels sont les effets du microdosage ?<\/a><\/td>\n    <\/tr>\n    <tr>\n      <td><a href=\"#how-microdosing-works\">Comment fonctionne le microdosage ?<\/a><\/td>\n    <\/tr>\n    <tr>\n      <td><a href=\"#how-much-to-take\">Quelle quantit\u00e9 dois-je prendre si je fais du microdosage ?<\/a><\/td>\n    <\/tr>\n  <\/tbody>\n<\/table>\n<style>\n  table {\n    border-collapse: collapse;\n    width: 100%;\n  }\n  th, td {\n    text-align: left;\n    padding: 8px;\n  }\n  th {\n    background-color: #8F33AB;\n    color: white;\n  }\n  tr:nth-child(even) {\n    background-color: #f2f2f2;\n  }\n  tr:nth-child(odd) {\n    background-color: #f2f2f2;\n  }\n  a {\n    text-decoration: none;\n    color: #333;\n  }\n  a:hover {\n    font-weight: bold;\n  }\n<\/style>\n\t\t\t\t<a href=\"\/fr\/www.sunsetcity.ca\/shop\/\" target=\"_self\" itemprop=\"url\" rel=\"noopener\">\n\t\t\t\t<img loading=\"lazy\" decoding=\"async\" src=\"https:\/\/www.sunsetcity.ca\/wp-content\/uploads\/2023\/03\/psychedelic-shrooms-300x169.jpg\" alt=\"champignons-psych\u00e9d\u00e9liques\" itemprop=\"image\" height=\"169\" width=\"300\" title=\"champignons-psych\u00e9d\u00e9liques\" onerror=\"this.style.display='none'\"  \/>\n\t\t\t\t<\/a>\n\t<style>\na {\n  color: #8F33AB!important;\n}\nh1 {\n  font-size: 25px!important;\n  font-weight: bold;\n  color: #!important;\n}\nh2 {\n  font-size: 25px!important;\n  font-weight: bold;\n   color: #8F33AB!important;\n}\n<\/style>\n<ol>\n    <li>\n        <h1>Microdosage 101<\/h1>\n    <\/li>\n<\/ol>\n<p><br \/><\/p>\n<p>Bonjour, fans et abonn\u00e9s ! Vous me connaissez peut-\u00eatre,&nbsp;<a href=\"https:\/\/penguinpetes.com\/\" target=\"_blank\" rel=\"noopener\">&quot;Pingouin&quot; Pete Trbovich<\/a>, de mes nombreuses productions sur le web, \u00e9tant notamment l&#039;un des blogueurs pionniers de l&#039;industrie nord-am\u00e9ricaine du cannabis. Je rejoindrai les gens formidables de Sunset City Shrooms pour commencer \u00e9galement \u00e0 parler des psych\u00e9d\u00e9liques. Allons-y !<\/p>\n<p><br \/><\/p>\nLorsqu\u2019il s\u2019agit d\u2019essayer des psych\u00e9d\u00e9liques, les nouveaux consommateurs peuvent \u00eatre un peu intimid\u00e9s. Vous avez d\u00e9j\u00e0 entendu parler de bad trips, et m\u00eame lors d&#039;un bon voyage, vous craignez d&#039;\u00eatre frapp\u00e9 d&#039;incapacit\u00e9 pendant de longues p\u00e9riodes. C&#039;est l\u00e0 qu&#039;intervient le \u00ab microdosage \u00bb. Les champignons psychoactifs contiennent une forte dose de compos\u00e9s hallucinog\u00e8nes, mais vous n&#039;\u00eates pas oblig\u00e9 de prendre la totalit\u00e9 de la dose en une seule fois. \n<br \/> <br \/><h1>\ud83d\udc49 Essayez notre <a href=\"https:\/\/www.sunsetcity.ca\/product\/tmt-pure-microdose-capsules-made-in-vancouver\/\" target=\"_blank\" rel=\"noopener\">Capsules microdoses de 250 mg<\/a> qui sont fabriqu\u00e9s \u00e0 partir de champignons psilocybine 100%, sans OGM et un moyen facile de microdoser.<\/h1> \n<p><br \/><\/p>\n<ol>\n    <li>\n        <h2 id=\"why-microdosing\">Pourquoi le microdosage ?<\/h2>\n    <\/li>\n<\/ol>\n<p><br \/><\/p>\n<p>Les psych\u00e9d\u00e9liques suscitent actuellement plus d\u2019int\u00e9r\u00eat pour leurs utilisations th\u00e9rapeutiques que r\u00e9cr\u00e9atives. La recherche a indiqu\u00e9 que les psych\u00e9d\u00e9liques ont des applications prometteuses dans le traitement des troubles li\u00e9s \u00e0 la toxicomanie tels que l&#039;alcool et le tabac, la d\u00e9pression, l&#039;anxi\u00e9t\u00e9 et les troubles de stress. Au-del\u00e0 de cela, l\u2019exp\u00e9rience psych\u00e9d\u00e9lique, lorsqu\u2019elle est g\u00e9r\u00e9e correctement, a le potentiel de nous offrir des perspectives qui changeront notre vie et nous donneront un nouvel aper\u00e7u de notre constitution psychologique.<\/p>\n<p><br \/><\/p>\n<p>Mais cela pr\u00e9sente un inconv\u00e9nient, car les psych\u00e9d\u00e9liques ont un pouvoir puissant. Bien qu\u2019ils soient sans danger au sens physique du terme, une dose trop \u00e9lev\u00e9e peut \u00eatre une exp\u00e9rience inconfortable. De plus, vous devez prendre rendez-vous pour planifier votre temps d&#039;arr\u00eat ; vous ne voulez pas conduire, travailler ou exercer une quelconque fonction responsable en \u00e9tant ivre de psych\u00e9d\u00e9liques jusqu&#039;\u00e0 ce qu&#039;ils disparaissent.<\/p>\n<p><br \/><\/p>\n<p>Le microdosage s\u2019est r\u00e9v\u00e9l\u00e9 \u00eatre une alternative efficace pour ceux qui souhaitent b\u00e9n\u00e9ficier des effets th\u00e9rapeutiques et minimiser les inconv\u00e9nients. Il est possible de prendre une dose si faible que vous ne ressentirez pas du tout les effets psychoactifs typiques, tout en b\u00e9n\u00e9ficiant des avantages. C\u2019est presque comme un m\u00e9dicament d\u2019ordonnance bienveillant sans effets secondaires.<\/p>\n<p><br \/><\/p>\n<ol start=\"2\">\n    <li>\n        <h2 id=\"effects-of-microdosing\">Quels sont les effets du microdosage<\/h2>\n    <\/li>\n<\/ol>\n<p><br \/><\/p>\n<p>Les utilisateurs qui aiment le microdosage de psych\u00e9d\u00e9liques rapportent des effets qui ressemblent davantage \u00e0 un bon ISRS ou une bonne tasse de caf\u00e9. Les effets les plus typiques rapport\u00e9s sont\u00a0:<\/p>\n<p><br \/><\/p>\n<ul>\n    <li>\n        <p>Meilleure humeur \u2013 les psych\u00e9d\u00e9liques vous remontent le moral comme presque rien d&#039;autre ne peut le faire<\/p>\n    <\/li>\n    <li>\n        <p>Fonction mentale am\u00e9lior\u00e9e \u2013 \u00e0 petites doses, les psych\u00e9d\u00e9liques peuvent am\u00e9liorer la cognition par diverses voies telles qu&#039;une neuroplasticit\u00e9 accrue ou un meilleur contr\u00f4le de la concentration<\/p>\n    <\/li>\n    <li>\n        <p>Am\u00e9lioration des niveaux d\u2019\u00e9nergie \u2013 ceci est g\u00e9n\u00e9ralement signal\u00e9 par les personnes souffrant de d\u00e9pression ou d\u2019autres troubles de l\u2019humeur<\/p>\n    <\/li>\n    <li>\n        <p>Cr\u00e9ativit\u00e9 am\u00e9lior\u00e9e \u2013 la l\u00e9gion de cr\u00e9atifs qui ne jurent que par les psych\u00e9d\u00e9liques en t\u00e9moigne<\/p>\n    <\/li>\n<\/ul>\n<p><br \/><\/p>\n<p>Les utilisateurs suffisamment exp\u00e9riment\u00e9s d\u00e9couvrent qu&#039;ils peuvent microdoser des psych\u00e9d\u00e9liques et vaquer \u00e0 leurs fonctions quotidiennes normales sans alt\u00e9ration, bien que les experts conseillent de ne pas conduire ni utiliser de machines lourdes. En g\u00e9n\u00e9ral, le microdosage peut entra\u00eener un sentiment accru de plaisir dans votre journ\u00e9e, un soulagement des traumatismes mentaux, un sommeil am\u00e9lior\u00e9 et une am\u00e9lioration g\u00e9n\u00e9rale de votre bien-\u00eatre.<\/p>\n<p><br \/><\/p>\n<ol start=\"3\">\n    <li>\n        <h2 id=\"how-microdosing-works\">Comment fonctionne le microdosage ?<\/h2>\n    <\/li>\n<\/ol>\n<p><br \/><\/p>\n<p>La recherche est encore largement ouverte (en partie gr\u00e2ce \u00e0 la longue histoire de la prohibition des drogues), mais nous avons une partie de la r\u00e9ponse. D\u2019une part, nous savons que le LSD a une structure mol\u00e9culaire qui ressemble beaucoup \u00e0 la s\u00e9rotonine. La s\u00e9rotonine est un neurotransmetteur important dans le corps humain, responsable de la r\u00e9gulation de l&#039;humeur, de l&#039;attention, du comportement et m\u00eame de certains processus biologiques. Le LSD s\u2019adapte \u00e0 nos r\u00e9cepteurs de s\u00e9rotonine comme une cl\u00e9 dans une serrure.<\/p>\n<p><br \/><\/p>\n<p>Cependant, \u00e0 partir de l\u00e0, nous \u00e9tudions toujours exactement ce qui se passe. Les psych\u00e9d\u00e9liques ont toute une liste d\u2019effets qui les rendent polyvalents pour un usage th\u00e9rapeutique. Une personne atteinte de trouble obsessionnel-compulsif peut voir sa pens\u00e9e \u00ab verrouill\u00e9e \u00bb et les psych\u00e9d\u00e9liques brisent ces barri\u00e8res mentales. Une personne anxieuse peut \u00e9galement b\u00e9n\u00e9ficier du microdosage, car les psych\u00e9d\u00e9liques aident \u00e0 apaiser les r\u00e9actions de peur. Les psych\u00e9d\u00e9liques ont le pouvoir de rel\u00e2cher les liens de l\u2019esprit, pour ainsi dire, nous permettant d\u2019explorer de nouvelles fa\u00e7ons de penser. C\u2019est pourquoi les premiers explorateurs des drogues psych\u00e9d\u00e9liques les qualifiaient de \u00ab stimulantes pour l\u2019esprit \u00bb.<\/p>\n<p><br \/><\/p>\n<p>Gr\u00e2ce \u00e0 la r\u00e9cente l\u00e9galisation du cannabis, nous disposons d\u2019un mod\u00e8le familier pour le m\u00eame m\u00e9canisme : les cannabino\u00efdes pr\u00e9sents dans la marijuana imitent les cannabino\u00efdes naturels que notre corps connecte \u00e0 notre syst\u00e8me endocannabino\u00efde. De la m\u00eame mani\u00e8re, le LSD et d\u2019autres substances psychoactives psych\u00e9d\u00e9liques se connectent aux r\u00e9cepteurs de notre corps.<\/p>\n<p><br \/><\/p>\n<p>Le microdosage fonctionne de la m\u00eame mani\u00e8re, mais r\u00e9duit le dosage suffisamment pour remarquer un effet ambiant, sans avoir une exp\u00e9rience \u00e9crasante. De m\u00eame, dans l\u2019industrie du cannabis, nous voyons arriver sur le march\u00e9 de nouveaux \u00ab cannabino\u00efdes alternatifs \u00bb, tels que le CBD, le delta 8 et le HHC. Certains d\u2019entre eux ont un effet bien plus doux que de fumer un joint de marijuana \u00e0 pleine puissance, avec exactement le m\u00eame r\u00e9sultat : vous ressentez une am\u00e9lioration de votre humeur ambiante tout en \u00e9tant toujours \u00ab pr\u00e9sent \u00bb et capable de fonctionner.<\/p>\n<p><br \/><\/p>\n<ol start=\"4\">\n    <li>\n        <h2 id=\"how-much-to-take\">Quelle quantit\u00e9 dois-je prendre si je fais du microdosage ?<\/h2>\n    <\/li>\n<\/ol>\n<p><br \/><\/p>\n<p>En r\u00e8gle g\u00e9n\u00e9rale, vous prendriez un dixi\u00e8me de la dose \u00ab normale \u00bb, qui est \u00ab la quantit\u00e9 habituelle que l\u2019on prendrait pour vivre un voyage complet \u00bb. La posologie id\u00e9ale peut varier d\u2019une personne \u00e0 l\u2019autre, en fonction de votre niveau de tol\u00e9rance, de votre IMC\/poids, de votre sexe, de votre \u00e2ge et de toute une s\u00e9rie de variables. Mais ce qui est bien avec les capsules microdoses, c&#039;est que vous pouvez exp\u00e9rimenter et en prendre juste un peu plus sans vous plonger dans le grand bain de l&#039;exp\u00e9rience.<\/p>\n<p><br \/><\/p>\n<p>Apr\u00e8s cela, sachez que le microdosage est effectu\u00e9 sp\u00e9cifiquement pour \u00e9viter les effets plus importants. Donc, si vous vous sentez d\u00e9sorient\u00e9, d\u00e9tach\u00e9 de la r\u00e9alit\u00e9 ou r\u00eaveur, c&#039;est le signe que vous en prenez trop d&#039;un coup.<\/p>\n<p><br \/><\/p>\n<p>Explorez et profitez-en! Vous pourriez bien lib\u00e9rer un potentiel non d\u00e9couvert en vous-m\u00eame.<\/p>\n<p><br \/><\/p>\n<p><br \/><\/p>","protected":false},"excerpt":{"rendered":"<p>Table des mati\u00e8res Pourquoi le microdosage ? Quels sont les effets du microdosage ? Comment fonctionne le microdosage ? Quelle quantit\u00e9 dois-je prendre si je fais du microdosage ? Microdosage 101 Bonjour, fans et abonn\u00e9s ! Vous me connaissez peut-\u00eatre, \u00ab Penguin \u00bb Pete Trbovich, pour mes nombreuses productions sur le web, \u00e9tant notamment l&#039;un des blogueurs pionniers du cannabis nord-am\u00e9ricain\u2026<\/p>\n<p class=\"read-more\"> <a class=\"\" href=\"https:\/\/sunsetcity.co\/fr\/champignons-microdoses\/\"> <span class=\"screen-reader-text\">Guide du microdosage des champignons<\/span> Lire la suite \u00bb<\/a><\/p>","protected":false},"author":1,"featured_media":0,"parent":0,"menu_order":0,"comment_status":"closed","ping_status":"closed","template":"","meta":{"site-sidebar-layout":"default","site-content-layout":"default","ast-global-header-display":"","ast-main-header-display":"","ast-hfb-above-header-display":"","ast-hfb-below-header-display":"","ast-hfb-mobile-header-display":"","site-post-title":"","ast-breadcrumbs-content":"","ast-featured-img":"","footer-sml-layout":"","theme-transparent-header-meta":"","adv-header-id-meta":"","stick-header-meta":"","header-above-stick-meta":"","header-main-stick-meta":"","header-below-stick-meta":"","footnotes":""},"class_list":["post-5231","page","type-page","status-publish","hentry"],"_links":{"self":[{"href":"https:\/\/sunsetcity.co\/fr\/wp-json\/wp\/v2\/pages\/5231","targetHints":{"allow":["GET"]}}],"collection":[{"href":"https:\/\/sunsetcity.co\/fr\/wp-json\/wp\/v2\/pages"}],"about":[{"href":"https:\/\/sunsetcity.co\/fr\/wp-json\/wp\/v2\/types\/page"}],"author":[{"embeddable":true,"href":"https:\/\/sunsetcity.co\/fr\/wp-json\/wp\/v2\/users\/1"}],"replies":[{"embeddable":true,"href":"https:\/\/sunsetcity.co\/fr\/wp-json\/wp\/v2\/comments?post=5231"}],"version-history":[{"count":0,"href":"https:\/\/sunsetcity.co\/fr\/wp-json\/wp\/v2\/pages\/5231\/revisions"}],"wp:attachment":[{"href":"https:\/\/sunsetcity.co\/fr\/wp-json\/wp\/v2\/media?parent=5231"}],"curies":[{"name":"wp","href":"https:\/\/api.w.org\/{rel}","templated":true}]}}