{"id":7,"date":"2021-08-25T06:37:26","date_gmt":"2021-08-25T13:37:26","guid":{"rendered":"https:\/\/www.sunsetcity.ca\/cart\/"},"modified":"2025-06-19T21:20:04","modified_gmt":"2025-06-20T04:20:04","slug":"cart","status":"publish","type":"page","link":"https:\/\/sunsetcity.co\/fr\/chariot\/","title":{"rendered":"Chariot"},"content":{"rendered":"<p>Les commandes suivies sont exp\u00e9di\u00e9es le jour m\u00eame avant 11 h PST ou le jour ouvrable suivant l&#039;heure limite \u2713<\/p>\n<p>Les prix et les paiements sont en dollars canadiens \u2713<\/p>\n\t\n\t<ul>\n<li>Paiement s\u00fbr et s\u00e9curis\u00e9 garanti<\/li>\n<li>Aucune indication de notre marque sur vos relev\u00e9s de carte de cr\u00e9dit<\/li>\n<\/ul>\n<p>100% Livraison garantie (remplacements gratuits ou remboursement si vous n&#039;\u00eates pas satisfait)<\/p>\n\t\t\t\t<img loading=\"lazy\" decoding=\"async\" src=\"https:\/\/sunsetcity.co\/wp-content\/uploads\/2023\/12\/Screenshot_20231222-104808-removebg-300x58.png\" alt=\"Paiements\" itemprop=\"image\" height=\"58\" width=\"300\" title=\"Paiements\" onerror=\"this.style.display='none'\"  \/>\n<a href=\"https:\/\/trust.reviews\/\" target=\"_blank\" rel=\"noopener\">Propuls\u00e9 par Trust.Reviews<\/a>","protected":false},"excerpt":{"rendered":"<p>Les commandes suivies sont exp\u00e9di\u00e9es le jour m\u00eame avant 11 h PST ou le jour ouvrable suivant l&#039;heure limite \u2713 Les prix et les paiements sont en dollars canadiens \u2713 Paiement s\u00fbr et s\u00e9curis\u00e9 garanti Aucune indication de notre marque sur vos relev\u00e9s de carte de cr\u00e9dit Livraison 100% garantie (remplacements ou remboursement gratuits si pas satisfait) Propuls\u00e9 par Trust.Reviews<\/p>","protected":false},"author":1,"featured_media":0,"parent":0,"menu_order":0,"comment_status":"closed","ping_status":"closed","template":"","meta":{"site-sidebar-layout":"no-sidebar","site-content-layout":"plain-container","ast-global-header-display":"","ast-main-header-display":"","ast-hfb-above-header-display":"","ast-hfb-below-header-display":"","ast-hfb-mobile-header-display":"","site-post-title":"disabled","ast-breadcrumbs-content":"","ast-featured-img":"","footer-sml-layout":"","theme-transparent-header-meta":"default","adv-header-id-meta":"","stick-header-meta":"","header-above-stick-meta":"","header-main-stick-meta":"","header-below-stick-meta":"","footnotes":""},"class_list":["post-7","page","type-page","status-publish","hentry"],"_links":{"self":[{"href":"https:\/\/sunsetcity.co\/fr\/wp-json\/wp\/v2\/pages\/7","targetHints":{"allow":["GET"]}}],"collection":[{"href":"https:\/\/sunsetcity.co\/fr\/wp-json\/wp\/v2\/pages"}],"about":[{"href":"https:\/\/sunsetcity.co\/fr\/wp-json\/wp\/v2\/types\/page"}],"author":[{"embeddable":true,"href":"https:\/\/sunsetcity.co\/fr\/wp-json\/wp\/v2\/users\/1"}],"replies":[{"embeddable":true,"href":"https:\/\/sunsetcity.co\/fr\/wp-json\/wp\/v2\/comments?post=7"}],"version-history":[{"count":5,"href":"https:\/\/sunsetcity.co\/fr\/wp-json\/wp\/v2\/pages\/7\/revisions"}],"predecessor-version":[{"id":18248,"href":"https:\/\/sunsetcity.co\/fr\/wp-json\/wp\/v2\/pages\/7\/revisions\/18248"}],"wp:attachment":[{"href":"https:\/\/sunsetcity.co\/fr\/wp-json\/wp\/v2\/media?parent=7"}],"curies":[{"name":"wp","href":"https:\/\/api.w.org\/{rel}","templated":true}]}}