{"id":727,"date":"2021-10-19T21:28:46","date_gmt":"2021-10-19T21:28:46","guid":{"rendered":"https:\/\/www.sunsetcity.ca\/?page_id=727"},"modified":"2023-03-14T20:29:04","modified_gmt":"2023-03-15T03:29:04","slug":"about","status":"publish","type":"page","link":"https:\/\/sunsetcity.co\/fr\/a-propos\/","title":{"rendered":"\u00c0 propos de nous"},"content":{"rendered":"<h3>\u00a0 \u00a0 \u00a0Nos principaux objectifs :<\/h3>\n<ul>\n<li>Fournir le <a href=\"https:\/\/www.sunsetcity.ca\/shipping\/\" target=\"_blank\" rel=\"noopener\">Canada \/ \u00c9tats-Unis<\/a> opportunit\u00e9s communautaires d\u2019apprendre et d\u2019explorer les avantages de <a href=\"https:\/\/www.sunsetcity.ca\/shop\/\" target=\"_blank\" rel=\"noopener\">psych\u00e9d\u00e9liques<\/a> avec acc\u00e8s \u00e0 des champignons s\u00fbrs et fiables.<\/li>\n<li>Nous croyons sinc\u00e8rement que les drogues ne sont pas intrins\u00e8quement mauvaises.<\/li>\n<li>Assurer davantage l\u2019\u00e9ducation et la sensibilisation \u00e0 <strong>pratiques s\u00e9curitaires en mati\u00e8re de drogues<\/strong> et leurs incroyables bienfaits curatifs pour l\u2019esprit, le corps et l\u2019esprit.<\/li>\n<\/ul>\n<blockquote><p>\u00ab Il n&#039;y a pas de bonnes ou de mauvaises drogues, c&#039;est la <strong>la relation humaine<\/strong> avec la drogue, c&#039;est mauvais. \u2013 <a href=\"https:\/\/en.wikipedia.org\/wiki\/Drew_Pinsky\" target=\"_blank\" rel=\"noopener\">Dr Drew Pinsky<\/a><\/p><\/blockquote>\n\t<a href=\"https:\/\/www.sunsetcity.ca\/enriquedesigns-2\/\" data-autoopen=\"true\" data-autoclose=\"true\" data-mutevideo=\"true\" data-playsinline=\"true\" >INTRODUCTION \u00e0 Sunset City<\/a>\n\t<iframe loading=\"lazy\" width=\"560\" height=\"315\" src=\"https:\/\/www.youtube-nocookie.com\/embed\/I38MzR-u0PU\" title=\"Lecteur vid\u00e9o YouTube\" frameborder=\"0\" allow=\"accelerometer; autoplay; clipboard-write; encrypted-media; gyroscope; picture-in-picture\" allowfullscreen><\/iframe>\n\t<body>\u00c9TAPE 1\u00a0: PROPAGATION\u00a0: <br \/> Cultivez des champignons \u00e0 psilocybine \u00c9TAPE 2\u00a0: R\u00c9COLTE\u00a0: <br \/> R\u00e9colter les champignons avant que le voile ne se brise\u00c9TAPE 3 : S\u00c9CHAGE : <br \/> S\u00e9cher au d\u00e9shydrateur jusqu&#039;\u00e0 ce qu&#039;il soit sec\u00c9TAPE 4\u00a0: EMBALLAGE\u00a0: <br \/>Conservez les champignons dans des sacs en mylar pr\u00eats \u00e0 \u00eatre exp\u00e9di\u00e9s\u00c9TAPE 5\u00a0: PR\u00caT \u00c0 L&#039;EXP\u00c9DITION\u00a0:<br \/> Discr\u00e8tement exp\u00e9di\u00e9 \u00e0 votre adresse\n<!--[if lte IE 9]><![endif]-->partager<\/body>\n\t<h4><img loading=\"lazy\" decoding=\"async\" src=\"https:\/\/www.sunsetcity.ca\/wp-content\/uploads\/2022\/06\/psilocybinmushroomsymbol-300x254.png\" alt=\"\" width=\"166\" height=\"140\" \/><\/h4>\n\t<h4><a href=\"https:\/\/www.sunsetcity.ca\/product-category\/shroom\/\" target=\"_blank\" rel=\"noopener\">Champignons magiques \u00e0 psilocybine<\/a><\/h4>\n<p>Euphorie, hallucinations visuelles et mentales<\/p>\n<p>Changements dans la perception du temps<\/p>\n<p>Exp\u00e9riences spirituelles<\/p>\n\t<h4><img loading=\"lazy\" decoding=\"async\" src=\"https:\/\/www.sunsetcity.ca\/wp-content\/uploads\/2022\/06\/lsd-300x300.jpeg\" alt=\"\" width=\"145\" height=\"145\" \/><\/h4>\n<p>&nbsp;<\/p>\n\t<h4><a href=\"https:\/\/www.sunsetcity.ca\/product\/lsd-110ug\/\" target=\"_blank\" rel=\"noopener\">Di\u00e9thylamide de l&#039;acide lysergique<\/a><\/h4>\n<p>Pens\u00e9es et \u00e9motions intenses<\/p>\n<p>Perception sensorielle<\/p>\n<p>Une puissance plus forte que la psilocybine<\/p>\n<h2>\n\t\tCanada \/ \u00c9tats-Unis \u2013 Exp\u00e9dition rapide et discr\u00e8te (4 \u00e0 9 jours ouvrables)\n\t<\/h2>\n\t<ul>\n<li><a href=\"https:\/\/www.alberta.ca\/office-statistics-information.aspx\" target=\"_blank\" rel=\"noopener\">Alberta, Alberta<\/a><\/li>\n<li><a href=\"http:\/\/www.bcstats.gov.bc.ca\/\" target=\"_blank\" rel=\"noopener\">Colombie-Britannique, Colombie-Britannique<\/a><\/li>\n<li><a href=\"http:\/\/www.gov.mb.ca\/mbs\/\" target=\"_blank\" rel=\"noopener\">Manitoba, Manitoba<\/a><\/li>\n<li><a href=\"http:\/\/www2.gnb.ca\/content\/gnb\/en\/departments\/finance.html\" target=\"_blank\" rel=\"noopener\">Nouveau-Brunswick, N.-B.<\/a><\/li>\n<li><a href=\"http:\/\/www.stats.gov.nl.ca\/\" target=\"_blank\" rel=\"noopener\">Terre-Neuve-et-Labrador, T.-N.-L.<\/a><\/li>\n<li><a href=\"http:\/\/www.statsnwt.ca\/\" target=\"_blank\" rel=\"noopener\">Territoires du Nord-Ouest, NT<\/a><\/li>\n<li><a href=\"http:\/\/www.novascotia.ca\/finance\/statistics\/\" target=\"_blank\" rel=\"noopener\">Nouvelle-\u00c9cosse, N.-\u00c9.<\/a><\/li>\n<li><a href=\"http:\/\/www.stats.gov.nu.ca\/en\/home.aspx\" target=\"_blank\" rel=\"noopener\">Nunavut, Nunavut<\/a><\/li>\n<li><a href=\"http:\/\/www.fin.gov.on.ca\/en\/index.html\" target=\"_blank\" rel=\"noopener\">Ontario, Ontario<\/a><\/li>\n<li><a href=\"http:\/\/www.gov.pe.ca\/pt\/esaffr-info\/dg.inc.php3\" target=\"_blank\" rel=\"noopener\">\u00cele-du-Prince-\u00c9douard, PE<\/a><\/li>\n<li><a href=\"http:\/\/www.stat.gouv.qc.ca\/default_an.html\" target=\"_blank\" rel=\"noopener\">Qu\u00e9bec, QC<\/a><\/li>\n<li><a href=\"http:\/\/www.saskatchewan.ca\/government\/government-data\/bureau-of-statistics\" target=\"_blank\" rel=\"noopener\">Saskatchewan, Saskatchewan<\/a><\/li>\n<li><a href=\"https:\/\/yukon.ca\/en\/bureau-of-statistics\" target=\"_blank\" rel=\"noopener\">Yukon, Yukon<\/a><\/li>\n<\/ul>\n\tToronto, Ontario<br \/>\nMontreal, Quebec<br \/>\nVancouver, Colombie-Britannique<br \/>\nCalgary, Alberta<br \/>\nEdmonton, Alberta<br \/>\nOttawa-Gatineau, Ontario\/Qu\u00e9bec<br \/>\nWinnipeg, Manitoba<br \/>\nVille de Qu\u00e9bec, Qu\u00e9bec<br \/>\nHamilton (Ontario)<br \/>\nKitchener (Ontario)<br \/>\nLondres, Ontario<br \/>\nVictoria, Colombie-Britannique<br \/>\nHalifax, Nouvelle-\u00c9cosse<br \/>\nOshawa, Ontario<br \/>\nWindsor (Ontario)<br \/>\nSaskatoon (Saskatchewan)<br \/>\nSt. Catharines-Niagara Falls, Ontario<br \/>\nR\u00e9gina (Saskatchewan)<br \/>\nSt. John&#039;s, Terre-Neuve-et-Labrador<br \/>\nKelowna, Colombie-Britannique<br \/>\nBarrie, Ontario<br \/>\nSherbrooke, Qu\u00e9bec<br \/>\nGuelph, Ontario<br \/>\nAbbotsford, Colombie-Britannique<br \/>\nKingston, Ontario<br \/>\nKanata, Ontario<br \/>\nTrois-Rivi\u00e8res, Qu\u00e9bec<br \/>\nMoncton, Nouveau-Brunswick<br \/>\nChicoutimi-Jonqui\u00e8re, Qu\u00e9bec<br \/>\nMilton (Ontario)<br \/>\nRed Deer, Alberta<br \/>\nBrantford, Ontario<br \/>\nThunder Bay, Ontario<br \/>\nWhite Rock, Colombie-Britannique<br \/>\nNanaimo, Colombie-Britannique<br \/>\nSudbury, Ontario<br \/>\nLethbridge, Alberta<br \/>\nSurrey, Colombie-Britannique<br \/>\nSaint-Jean-sur-Richelieu, Qu\u00e9bec<br \/>\nPeterborough (Ontario)<br \/>\nKamloops, Colombie-Britannique<br \/>\nSaint-J\u00e9r\u00f4me, Qu\u00e9bec<br \/>\nChilliwack, Colombie-Britannique<br \/>\nSarnia, Ontario<br \/>\nCh\u00e2teauguay, Qu\u00e9bec<br \/>\nDrummondville, Qu\u00e9bec<br \/>\nBelleville, Ontario<br \/>\nFort McMurray, Alberta<br \/>\nSault Ste. Marie, Ontario<br \/>\nPrince George, Colombie-Britannique<br \/>\nM\u00e9decine Hat (Alberta)<br \/>\nWelland-Pelham, Ontario<br \/>\nGrande Prairie, Alberta<br \/>\nAirdrie (Alberta)<br \/>\nGranby, Qu\u00e9bec<br \/>\nFr\u00e9d\u00e9ricton, Nouveau-Brunswick<br \/>\nSaint John, Nouveau-Brunswick<br \/>\nBel\u0153il, Qu\u00e9bec<br \/>\nNorth Bay, Ontario<br \/>\nSaint-Hyacinthe, Qu\u00e9bec<br \/>\nBrandon, Manitoba<br \/>\nVernon, Colombie-Britannique<br \/>\nCornouailles, Ontario<br \/>\nJoliette, Qu\u00e9bec<br \/>\nCourtenay, Colombie-Britannique<br \/>\nCharlottetown, \u00cele-du-Prince-\u00c9douard<br \/>\nVictoriaville, Qu\u00e9bec<br \/>\nChatham, Ontario<br \/>\nGeorgetown, Ontario<br \/>\nSaint-Thomas, Ontario<br \/>\nWoodstock, Ontario<br \/>\nBowmanville, Ontario<br \/>\nSalaberry-de-Valleyfield, Qu\u00e9bec<br \/>\nShawinigan, Qu\u00e9bec<br \/>\nRimouski, Qu\u00e9bec<br \/>\nSpruce Grove, Alberta<br \/>\nSorel, Qu\u00e9bec<br \/>\nCampbell River, Colombie-Britannique<br \/>\nPrince Albert (Saskatchewan)<br \/>\nPenticton, Colombie-Britannique<br \/>\nMission, Colombie-Britannique<br \/>\nLeamington, Ontario<br \/>\nMoose Jaw, Saskatchewan<br \/>\nStouffville, Ontario<br \/>\nLloydminster, Alberta\/Saskatchewan<br \/>\nOrillia, Ontario<br \/>\nStratford, Ontario<br \/>\nOrangeville, Ontario<br \/>\nCap-Breton-Sydney, Nouvelle-\u00c9cosse<br \/>\nBradford, Ontario<br \/>\nLeduc (Alberta)<br \/>\nTimmins, Ontario<br \/>\nOkotoks, Alberta<br \/>\nSaint-Georges, Qu\u00e9bec<br \/>\nPlage de Keswick-Elmhurst, Ontario<br \/>\nBolton, Ontario<br \/>\nVal-d&#039;Or, Qu\u00e9bec<br \/>\nCochrane, Alberta<br \/>\nQuispamsis-Rothesay, Nouveau-Brunswick<br \/>\nMidland, Ontario<br \/>\nInnisfil, Ontario","protected":false},"excerpt":{"rendered":"<p>\u00a0 \u00a0 \u00a0Nos principaux objectifs : Offrir \u00e0 la communaut\u00e9 Canada\/\u00c9tats-Unis des opportunit\u00e9s d&#039;apprendre et d&#039;explorer les bienfaits des psych\u00e9d\u00e9liques avec un acc\u00e8s \u00e0 des champignons s\u00fbrs et fiables. Nous croyons de tout c\u0153ur que les drogues ne sont pas intrins\u00e8quement mauvaises. Nous fournissons \u00e9galement une \u00e9ducation et une sensibilisation aux pratiques s\u00e9curitaires en mati\u00e8re de drogues et \u00e0 leurs incroyables bienfaits curatifs pour l&#039;esprit, le corps et\u2026<\/p>\n<p class=\"read-more\"> <a class=\"\" href=\"https:\/\/sunsetcity.co\/fr\/a-propos\/\"> <span class=\"screen-reader-text\">\u00c0 propos de nous<\/span> Lire la suite \u00bb<\/a><\/p>","protected":false},"author":1,"featured_media":0,"parent":0,"menu_order":0,"comment_status":"closed","ping_status":"closed","template":"","meta":{"site-sidebar-layout":"no-sidebar","site-content-layout":"page-builder","ast-global-header-display":"","ast-main-header-display":"","ast-hfb-above-header-display":"","ast-hfb-below-header-display":"","ast-hfb-mobile-header-display":"","site-post-title":"disabled","ast-breadcrumbs-content":"","ast-featured-img":"disabled","footer-sml-layout":"","theme-transparent-header-meta":"default","adv-header-id-meta":"","stick-header-meta":"","header-above-stick-meta":"","header-main-stick-meta":"","header-below-stick-meta":"","footnotes":""},"class_list":["post-727","page","type-page","status-publish","hentry"],"_links":{"self":[{"href":"https:\/\/sunsetcity.co\/fr\/wp-json\/wp\/v2\/pages\/727","targetHints":{"allow":["GET"]}}],"collection":[{"href":"https:\/\/sunsetcity.co\/fr\/wp-json\/wp\/v2\/pages"}],"about":[{"href":"https:\/\/sunsetcity.co\/fr\/wp-json\/wp\/v2\/types\/page"}],"author":[{"embeddable":true,"href":"https:\/\/sunsetcity.co\/fr\/wp-json\/wp\/v2\/users\/1"}],"replies":[{"embeddable":true,"href":"https:\/\/sunsetcity.co\/fr\/wp-json\/wp\/v2\/comments?post=727"}],"version-history":[{"count":0,"href":"https:\/\/sunsetcity.co\/fr\/wp-json\/wp\/v2\/pages\/727\/revisions"}],"wp:attachment":[{"href":"https:\/\/sunsetcity.co\/fr\/wp-json\/wp\/v2\/media?parent=727"}],"curies":[{"name":"wp","href":"https:\/\/api.w.org\/{rel}","templated":true}]}}