{"id":899,"date":"2021-11-04T05:38:21","date_gmt":"2021-11-04T12:38:21","guid":{"rendered":"https:\/\/www.sunsetcity.ca\/?page_id=899"},"modified":"2023-12-22T23:28:43","modified_gmt":"2023-12-23T06:28:43","slug":"alberta-ab-magic-mushroom","status":"publish","type":"page","link":"https:\/\/sunsetcity.co\/fr\/champignon-magique-alberta-ab\/","title":{"rendered":"Champignons du Canada \u2013 Promo gratuite pour les publicit\u00e9s Facebook"},"content":{"rendered":"<!-- Your page content goes here -->\n  <!-- Banner -->\n    Tel que pr\u00e9sent\u00e9 sur\u00a0: <img decoding=\"async\" src=\"https:\/\/www.sunsetcity.ca\/wp-content\/uploads\/2023\/12\/bcbusinesslogo.png\" alt=\"Logo d&#039;entreprise de la Colombie-Britannique\"\/> \n    <hr \/><br \/>\nR\u00e9pandez la joie des f\u00eates avec le joyeux cadeau de champignons de Sunset City\u00a0! \ud83c\udf81\ud83c\udf44 \n<!---->\n<!--  -->\n<!--   -->\n<!--  -->\n<!--  Scroll down-->\n<!---->\n<!--<a href=\"https:\/\/snip.ly\/0c0ss5\" target=\"_blank\" rel=\"noopener\">\u2b50\u2b50\u2b50\u2b50\u2b50 based on-->\n<!--266 verified orders (click here to see)<\/a>-->\n\ud83d\udc4b Bonjour les amis, il est temps de dire au revoir \u00e0 <u>fatigue<\/u>,<u> brouillard c\u00e9r\u00e9bral<\/u>, <u>anxi\u00e9t\u00e9<\/u>, et <u>d\u00e9pression<\/u>. <i>Des centaines d\u2019\u00e9tudes sur la psilocybine men\u00e9es par John Hopkins et l\u2019Universit\u00e9 de la Colombie-Britannique montrent des avantages significatifs. <\/i>\n\t\t\t\t<img loading=\"lazy\" decoding=\"async\" src=\"https:\/\/www.sunsetcity.ca\/wp-content\/uploads\/2022\/03\/368506628_1485328545586617_4226846933843138854_n_1700335853249-e1700336155527.jpeg\" alt=\"tmt-microdose-champignon-reviewer\" itemprop=\"image\" height=\"606\" width=\"606\" title=\"tmt-microdose-champignon-reviewer\" onerror=\"this.style.display='none'\"  \/>\n\t<p><u><\/u><\/p>\n<h4>Effets secondaires <img decoding=\"async\" role=\"img\" draggable=\"false\" src=\"https:\/\/s.w.org\/images\/core\/emoji\/14.0.0\/svg\/1f601.svg\" alt=\"\ud83d\ude01\" \/><\/h4>\n<h4><img decoding=\"async\" role=\"img\" draggable=\"false\" src=\"https:\/\/s.w.org\/images\/core\/emoji\/14.0.0\/svg\/2705.svg\" alt=\"\u2705\" \/> Ressentir de la joie<\/h4>\n<h4><img decoding=\"async\" role=\"img\" draggable=\"false\" src=\"https:\/\/s.w.org\/images\/core\/emoji\/14.0.0\/svg\/2705.svg\" alt=\"\u2705\" \/> Am\u00e9liore votre humeur<\/h4>\n<h4><img decoding=\"async\" role=\"img\" draggable=\"false\" src=\"https:\/\/s.w.org\/images\/core\/emoji\/14.0.0\/svg\/2705.svg\" alt=\"\u2705\" \/> La gratitude vous rend plus heureux<\/h4>\n<h4><img decoding=\"async\" role=\"img\" draggable=\"false\" src=\"https:\/\/s.w.org\/images\/core\/emoji\/14.0.0\/svg\/2705.svg\" alt=\"\u2705\" \/> R\u00e9duire le brouillard c\u00e9r\u00e9bral (fatigue mentale) <img decoding=\"async\" role=\"img\" draggable=\"false\" src=\"https:\/\/s.w.org\/images\/core\/emoji\/14.0.0\/svg\/1f9e0.svg\" alt=\"\ud83e\udde0\" \/><\/h4>\n<h5>Veuillez faire d\u00e9filer vers le bas pour voir Sunset City <strong><u>gratuit <\/u><\/strong><img decoding=\"async\" role=\"img\" draggable=\"false\" src=\"https:\/\/s.w.org\/images\/core\/emoji\/14.0.0\/svg\/1f344.svg\" alt=\"\ud83c\udf44\" \/> promo \ud83d\ude42<\/h5>\n\t<iframe loading=\"lazy\" width=\"958\" height=\"539\" src=\"https:\/\/www.youtube.com\/embed\/r7Vg8zD6VR8\" title=\"Les avantages du micro-dosage des champignons avec Paul Stamets | Joe Rogan\" frameborder=\"0\" allow=\"accelerometer; autoplay; clipboard-write; encrypted-media; gyroscope; picture-in-picture; web-share\" allowfullscreen><\/iframe>\n<br \/>\n\u27a1\ufe0f50% de personnes NE r\u00e9pondent PAS aux antid\u00e9presseurs\n<br \/>\n\u27a1\ufe0f1 femme sur 3 souffre de d\u00e9pression au moins UNE FOIS dans sa VIE !\n<br \/>\n\u27a1\ufe0fLes champignons peuvent aider, nous ne pouvons pas garantir que ce sera le cas, mais cela vaut le coup.\n\t\t\t\t<img loading=\"lazy\" decoding=\"async\" src=\"https:\/\/www.sunsetcity.ca\/wp-content\/uploads\/2023\/12\/schools.jpeg\" alt=\"\u00e9coles\" itemprop=\"image\" height=\"876\" width=\"1061\" title=\"\u00e9coles\" onerror=\"this.style.display='none'\"  \/>\n\t<!DOCTYPE html>\n<html lang=\"en\">\n<head>\n    <meta charset=\"UTF-8\"\/>\n    <meta name=\"viewport\" content=\"width=device-width, initial-scale=1.0\"\/>\n    <title>Votre site web<\/title>\n    <style>\n        body {\n            font-family: Arial, sans-serif;\n            margin: 0;\n            padding: 0;\n        }\n        \/* Sticky top header style *\/\n        .top-header {\n            background-color: purple;\n            color: white;\n            text-align: center;\n            position: sticky;\n            top: 0;\n            z-index: 100;\n        }\n        \/* Discount coupon style *\/\n        .discount-coupon {\n            background-color: #FFA500; \/* Orange background for coupon *\/\n            color: black; \/* Coupon text color *\/\n            padding: 10px;\n            text-align: center;\n        }\n        \/* Your content style *\/\n        .content {\n            padding: 20px;\n        }\n        \/* Ensure the mobile header has a stacking context *\/\n        .ast-mobile-header-wrap {\n            position: relative;\n            z-index: 0; \/* A z-index value lower than the top-header *\/\n        }\n    <\/style>\n<\/head>\n<body>\n    <!-- Your website content -->\n        <!-- Your content goes here -->\n        <!-- Sticky top header with discount coupon -->\n        <!---->\n        <!--    40% discount coupon \"FB40\" + FREE SHIPPING - Only for the next 48 hours-->\n        <!---->\n<\/body>\n<\/html>\n<head>\n    <meta charset=\"UTF-8\"\/>\n    <meta name=\"viewport\" content=\"width=device-width, initial-scale=1.0\"\/>\n    <title>Questionnaire<\/title>\n    <style>\n        body {\n            font-family: Arial, sans-serif;\n            text-align: center;\n            background-color: black; \/* Set the background color to black *\/\n            color: white; \/* Set the text color to white *\/\n            margin: 0;\n            padding: 0;\n        }\n        \/* Style for the select dropdown text color *\/\n        select {\n            color: white; \/* Set text color to white *\/\n        }\n        \/* Style for the select dropdown option text color *\/\n        option {\n            color: white; \/* Set text color of options to white *\/\n        }\n        .container {\n            max-width: 100%; \/* Use 100% width for mobile screens *\/\n            margin: 0 auto;\n            padding: 20px;\n            color: white; \/* Set text color to white *\/\n            font-weight: bold; \/* Make text bold *\/\n        }\n        .quiz-box {\n            background-color: black;\n            border-radius: 10px;\n            padding: 20px;\n            max-width: 550px;\n            margin: 0 auto; \/* Center the quiz box horizontally *\/\n        }\n        .result-box {\n            background-color: black;\n            border-radius: 10px;\n            padding: 20px;\n            max-width: 550px;\n            margin: 0 auto; \/* Center the result box horizontally *\/\n            display: none;\n        }\n        \/* Style for the welcome text *\/\n        .welcome-text {\n            font-size: 150%; \/* Make it 50% bigger than h1 *\/\n        }\n        \/* Center the dropdown on small screens *\/\n        @media (max-width: 600px) {\n            .quiz-box {\n                text-align: center;\n                padding: 10px; \/* Reduce padding for smaller screens *\/\n            }\n        }\n    <\/style>\n<\/head>\n<body>\n        <h1>Pourquoi choisir la ville au coucher du soleil ? <br \/><br \/>Nous cultivons nos champignons directement \u00e0 Vancouver en Colombie-Britannique. <br \/><br \/>Notre communaut\u00e9 de plus de 1 400 membres fait confiance \u00e0 nos puissants champignons \u00e0 psilocybine pour une am\u00e9lioration cr\u00e9ative et spirituelle, ou comme antid\u00e9presseur.<\/h1>\n    <!--    -->\n    <!--        <form id=\"quiz-form\">-->\n    <!--            <label for=\"help-options\">Select an option:<\/label>-->\n    <!--            <select id=\"help-options\" name=\"help-options\" onchange=\"showResults()\">-->\n    <!--                <option value=\"anxiety\">I'm feeling anxious.<\/option>-->\n    <!--                <option value=\"depressed\">I'm feeling depressed.<\/option>-->\n    <!--                <option value=\"enhance-life\">I want to enhance my *** life!<\/option>-->\n    <!--            <\/select>-->\n    <!--            <br \/>-->\n    <!--        <\/form>-->\n    <!--    -->\n    <!--    -->\n    <!--        <p>Your selected option: <\/p>-->\n    <!--        -->\n    <!--        <a href=\"#\" id=\"product-link\">-->\n    <!--            <button>Explore Products<\/button>-->\n    <!--        <\/a>-->\n    <!--    -->\n    <!---->\n    <!---->\n<\/body>\n\n\n\n<!DOCTYPE html>\n<html lang=\"en\">\n<head>\n    <meta charset=\"UTF-8\"\/>\n    <meta name=\"viewport\" content=\"width=device-width, initial-scale=1.0\"\/>\n    <style>\n            \/* Style for the welcome text *\/\n        .good {\n            font-size: 150%; \/* Make it 50% bigger than h1 *\/\n        }\n        \/* Center-align the container *\/\n        .center-container {\n            text-align: center;\n        }\n        \/* Style for the button *\/\n        .myButton {\n            padding: 10px 110px;\n            background-color: #8F33AB;\n            color: white;\n            text-decoration: none; \/* Remove underlines from links *\/\n            border: none;\n            border-radius: 5px;\n            cursor: pointer;\n            transition: background-color 0.3s ease;\n        }\n        \/* Hover effect *\/\n        .myButton:hover {\n            background-color: #6B2385; \/* Darker shade of purple on hover *\/\n        }\n    <\/style>\n<\/head>\n<body>\n<!DOCTYPE html>\n<html>\n<head>\n<style>\n  \/* Default image size *\/\n  img {\n    width: 46%;\n    max-width: 100%; \/* Ensure the image doesn't exceed its container width *\/\n  }\n  \/* Media query for screens with a maximum width of 768px (typical for mobile devices) *\/\n  @media screen and (max-width: 768px) {\n    img {\n      width: 88%; \/* Make the image take up the full width of the container *\/\n      height: auto; \/* Maintain the aspect ratio of the image *\/\n    }\n  }\n<\/style>\n<\/head>\n<body>\n<a href=\"https:\/\/www.sunsetcity.ca\/product\/tmt-pure-microdose-capsules-made-in-vancouver\/\" target=\"_blank\" rel=\"noopener\">\n  <img decoding=\"async\" src=\"https:\/\/www.sunsetcity.ca\/wp-content\/uploads\/2022\/03\/goczp8fky98a1-e1672433339853.jpeg\" alt=\"Image cliquable\"\/>\n<\/a>\n<\/body>\n<\/html>\n        Nous livrons en Alberta, en Colombie-Britannique, en Ontario, au Qu\u00e9bec, au Yukon, \u00e0 Terre-Neuve, \u00e0 l&#039;\u00cele-du-Prince-\u00c9douard et plus encore\u00a0!\n<\/body>\n<\/html>\n\t<blockquote data-instgrm-captioned data-instgrm-permalink=\"https:\/\/www.instagram.com\/p\/CmuNmH3uhsP\/?utm_source=ig_embed&amp;utm_campaign=loading\" data-instgrm-version=\"14\"> <a href=\"https:\/\/www.instagram.com\/p\/CmuNmH3uhsP\/?utm_source=ig_embed&amp;utm_campaign=loading\" target=\"_blank\" rel=\"noopener\">       Voir cette publication sur Instagram            <\/a><p><a href=\"https:\/\/www.instagram.com\/p\/CmuNmH3uhsP\/?utm_source=ig_embed&amp;utm_campaign=loading\" target=\"_blank\" rel=\"noopener\">Un post partag\u00e9 par @chronicawellness<\/a><\/p><\/blockquote> \n\t\t\t\t<img loading=\"lazy\" decoding=\"async\" src=\"https:\/\/www.sunsetcity.ca\/wp-content\/uploads\/2023\/09\/undefined_Sunset-City-Shrooms_Post_165.png\" alt=\"undefined_Champignons de la ville au coucher du soleil_Post_165\" itemprop=\"image\" height=\"1080\" width=\"1080\" title=\"undefined_Champignons de la ville au coucher du soleil_Post_165\" onerror=\"this.style.display='none'\"  \/>\n\t<!DOCTYPE html>\n<html lang=\"en\">\n<head>\n    <meta charset=\"UTF-8\"\/>\n    <meta name=\"viewport\" content=\"width=device-width, initial-scale=1.0\"\/>\n    <style>\n            \/* Style for the welcome text *\/\n        .good {\n            font-size: 150%; \/* Make it 50% bigger than h1 *\/\n        }\n        \/* Center-align the container *\/\n        .center-container {\n            text-align: center;\n        }\n        \/* Style for the button *\/\n        .myButton {\n            padding: 10px 110px;\n            background-color: #8F33AB;\n            color: white;\n            text-decoration: none; \/* Remove underlines from links *\/\n            border: none;\n            border-radius: 5px;\n            cursor: pointer;\n            transition: background-color 0.3s ease;\n        }\n        \/* Hover effect *\/\n        .myButton:hover {\n            background-color: #6B2385; \/* Darker shade of purple on hover *\/\n        }\n    <\/style>\n<\/head>\nR\u00e9clamez votre \u00e9chantillon gratuit d\u00e8s aujourd&#039;hui\u00a0! Nous sommes tellement confiants dans les bienfaits de nos champignons que nous vous offrons un \u00c9CHANTILLON GRATUIT. Vivez la magie vous-m\u00eame \u2013 couvrez simplement les frais d\u2019exp\u00e9dition\u00a0!\n<br \/><br \/>\n<body>\n        <a href=\"https:\/\/www.sunsetcity.ca\/free-mushroom-limited-offer\" target=\"_blank\" rel=\"noopener\">Voir le cadeau gratuit \u2013 Payez simplement les frais d&#039;exp\u00e9dition<\/a>\n        <br \/>\n        <a>\u2b50\u2b50\u2b50\u2b50\u2b50 bas\u00e9 sur 266 commandes v\u00e9rifi\u00e9es<\/a> \n\t\t\t\t<img loading=\"lazy\" decoding=\"async\" src=\"https:\/\/www.sunsetcity.ca\/wp-content\/uploads\/2023\/01\/rhe_on_Instagram__harvest_\ud83e\udd29__goldenteacher.png\" alt=\"rhe_on_Instagram__\"harvest_\ud83e\udd29__goldenteacher\"\" itemprop=\"image\" height=\"465\" width=\"897\" title=\"rhe_on_Instagram__\"onerror =\"this.style.display='none'\"  \/>\n\t<p>&nbsp;<\/p>\n<p><img decoding=\"async\" role=\"img\" draggable=\"false\" src=\"https:\/\/s.w.org\/images\/core\/emoji\/14.0.0\/svg\/1f449.svg\" alt=\"\ud83d\udc49\" \/> Champignons magiques haut de gamme livr\u00e9s partout au Canada, livraison GRATUITE pour les commandes sup\u00e9rieures \u00e0 $150 avec num\u00e9ro de suivi, assistance par courrier \u00e9lectronique 24h\/24 et 7j\/7.<\/p>\n<p>&nbsp;<\/p>\n<p><img decoding=\"async\" role=\"img\" draggable=\"false\" src=\"https:\/\/s.w.org\/images\/core\/emoji\/14.0.0\/svg\/1f449.svg\" alt=\"\ud83d\udc49\" \/> Toutes les commandes sont exp\u00e9di\u00e9es via <strong>Exp\u00e9dition express de Postes Canada avec suivi (discret dans un emballage neutre)<\/strong><\/p>\n<p>&nbsp;<\/p>\n<p><img decoding=\"async\" src=\"https:\/\/media.swipepages.com\/2023\/12\/656621ceec71d800118236c0\/review-etsy-crop.gif\" \/><\/p>\n<p>&nbsp;<\/p>\n<a href=\"https:\/\/www.sunsetcity.ca\/free-mushroom-limited-offer\" target=\"_blank\" rel=\"noopener\">Voir l&#039;offre gratuite \u2013 Payez simplement les frais d&#039;exp\u00e9dition<\/a>\n\tVous vous sentez incertain \u00e0 notre sujet ? Consultez nos avis\u00a0:\n\t<!---->\n<!--  -->\n<!--   -->\n<!--  -->\n<!--  Scroll down-->\n<!---->\n<a href=\"https:\/\/snip.ly\/0c0ss5\" target=\"_blank\" rel=\"noopener\">\u2b50\u2b50\u2b50\u2b50\u2b50 bas\u00e9 sur 266 commandes v\u00e9rifi\u00e9es (cliquez ici pour voir)<\/a>\n\t<a href=\"https:\/\/trust.reviews\/\" target=\"_blank\" rel=\"noopener\">Propuls\u00e9 par Trust.Reviews<\/a>\n\t\t\t<a href=\"https:\/\/sunsetcity.co\/fr\/produit\/capsules-microdoses-pures-tmt-fabriquees-a-vancouver\/\" target=\"_self\" rel=\"noopener\">\n\t\t\t\t\t\t\tAjouter au panier\n\t\t\t\t\t<\/a>\n\t<p><a href=\"https:\/\/www.sunsetcity.ca\/product\/tmt-pure-microdose-capsules-made-in-vancouver\/\" target=\"_blank\" rel=\"noopener\"><img loading=\"lazy\" decoding=\"async\" src=\"https:\/\/www.sunsetcity.ca\/wp-content\/uploads\/2022\/03\/IMG_5716-copy-2-600x600.jpg\" alt=\"\" width=\"630\" height=\"840\" \/><\/a><\/p>\n<b>TMT Pure Mushroom \u2013 20 capsules microdos\u00e9es (approvisionnement de 1,5 mois)<\/b><br \/>\n<strong>$75.00<\/strong>\u00a0\n\t\t\t<a href=\"https:\/\/sunsetcity.co\/fr\/produit\/lsd110ug\/\" target=\"_self\" rel=\"noopener\">\n\t\t\t\t\t\t\tAjouter au panier\n\t\t\t\t\t<\/a>\n\t<p><a href=\"https:\/\/www.sunsetcity.ca\/product\/lsd-110ug\/\" target=\"_blank\" rel=\"noopener\"><img loading=\"lazy\" decoding=\"async\" src=\"https:\/\/www.sunsetcity.ca\/wp-content\/uploads\/2023\/09\/lsd-sunset-600x600.jpeg\" alt=\"\" width=\"600\" height=\"600\" \/><\/a><\/p>\n<strong>5 comprim\u00e9s LSD\u00a0<\/strong><br \/>\n<strong>$80<\/strong>\n\t\t\t\t<img loading=\"lazy\" decoding=\"async\" src=\"https:\/\/www.sunsetcity.ca\/wp-content\/uploads\/2023\/09\/foto_no_exif__1_-removebg-preview.png\" alt=\"foto_no_exif__1_-removebg-preview\" itemprop=\"image\" height=\"433\" width=\"577\" title=\"foto_no_exif__1_-removebg-preview\" onerror=\"this.style.display='none'\"  \/>\n\t<p><img decoding=\"async\" role=\"img\" draggable=\"false\" src=\"https:\/\/s.w.org\/images\/core\/emoji\/14.0.0\/svg\/27a1.svg\" alt=\"\u27a1\ufe0f\" \/>La vie est trop courte pour s&#039;inqui\u00e9ter, profitons-en !<\/p>\n<p>Vous souhaitez entrer en contact avec d\u2019autres personnes partageant les m\u00eames id\u00e9es dans l\u2019espace bien-\u00eatre des champignons ?<\/p>\n<p><img decoding=\"async\" role=\"img\" draggable=\"false\" src=\"https:\/\/s.w.org\/images\/core\/emoji\/14.0.0\/svg\/27a1.svg\" alt=\"\u27a1\ufe0f\" \/>N&#039;h\u00e9sitez pas \u00e0 rejoindre notre <u><a href=\"https:\/\/discord.gg\/arxefaxPPy\" target=\"_blank\" rel=\"noopener\">groupe discord officiel<\/a><\/u> (1400 membres et en croissance)<\/p>\n<p>&nbsp;<\/p>\n<h3><img decoding=\"async\" role=\"img\" draggable=\"false\" src=\"https:\/\/s.w.org\/images\/core\/emoji\/14.0.0\/svg\/27a1.svg\" alt=\"\u27a1\ufe0f\" \/>Nous organisons cette promotion comme un moyen de se connecter les uns aux autres dans ce monde de plus en plus d\u00e9connect\u00e9\u00a0!<\/h3>\n<h3><img decoding=\"async\" role=\"img\" draggable=\"false\" src=\"https:\/\/s.w.org\/images\/core\/emoji\/14.0.0\/svg\/27a1.svg\" alt=\"\u27a1\ufe0f\" \/> Le\u00a0<em>sant\u00e9 mentale<\/em>\u00a0de\u00a0<em>les Canadiens<\/em> La situation s\u2019est d\u00e9t\u00e9rior\u00e9e au cours des deux ann\u00e9es qui ont suivi la pand\u00e9mie de COVID-19.<\/h3>\n<p>&nbsp;<\/p>\n<p>Faites le choix ! Lib\u00e9rez-vous!<\/p>\n<p><a href=\"https:\/\/www.sunsetcity.ca\/free-mushroom-limited-offer\" target=\"_blank\" rel=\"noopener\">Voir l&#039;offre gratuite \u2013 Payez simplement les frais d&#039;exp\u00e9dition<\/a><\/p>\n<a><img decoding=\"async\" role=\"img\" draggable=\"false\" src=\"https:\/\/s.w.org\/images\/core\/emoji\/14.0.0\/svg\/2b50.svg\" alt=\"\u2b50\" \/><img decoding=\"async\" role=\"img\" draggable=\"false\" src=\"https:\/\/s.w.org\/images\/core\/emoji\/14.0.0\/svg\/2b50.svg\" alt=\"\u2b50\" \/><img decoding=\"async\" role=\"img\" draggable=\"false\" src=\"https:\/\/s.w.org\/images\/core\/emoji\/14.0.0\/svg\/2b50.svg\" alt=\"\u2b50\" \/><img decoding=\"async\" role=\"img\" draggable=\"false\" src=\"https:\/\/s.w.org\/images\/core\/emoji\/14.0.0\/svg\/2b50.svg\" alt=\"\u2b50\" \/><img decoding=\"async\" role=\"img\" draggable=\"false\" src=\"https:\/\/s.w.org\/images\/core\/emoji\/14.0.0\/svg\/2b50.svg\" alt=\"\u2b50\" \/> bas\u00e9 sur<br \/>\n266 commandes v\u00e9rifi\u00e9es<\/a>\n<p>&nbsp;<\/p>\n<p>&nbsp;<\/p>\n<h3>FAQ<\/h3>\n<p>&nbsp;<\/p>\n<p><strong>Question\u00a0:<\/strong> Est-il s\u00e9curitaire de commander des champignons \u00e0 psilocybine \u00e0 Sunset City ?<\/p>\n<p>R : Nous exp\u00e9dions discr\u00e8tement dans un emballage neutre, sans aucune \u00e9tiquette sur la bo\u00eete ext\u00e9rieure. Il ressemblera \u00e0 n&#039;importe quel autre colis envoy\u00e9 par la poste \ud83d\ude42 N&#039;h\u00e9sitez pas \u00e0 utiliser une bo\u00eete postale (recherchez simplement Postes Canada Flexdelivery sur Google pour en cr\u00e9er une gratuitement) si vous pr\u00e9f\u00e9rez le faire envoyer par la poste \u00e0 un bureau de poste local.<\/p>\n\n<p>Q\u00a0: Vos champignons ont-ils \u00e9t\u00e9 test\u00e9s pour leur puissance et leur efficacit\u00e9\u00a0?<\/p>\n<p>R : Oui, nos souches de champignons qui appartiennent \u00e0 la famille des psilocybe cubensis ont fait leurs preuves. Ils ont \u00e9t\u00e9 test\u00e9s par notre communaut\u00e9 de plus de 1400 membres.<\/p>\n<p>&nbsp;<\/p>\n<p><strong>Question\u00a0:<\/strong> Quels paiements acceptez-vous ?<\/p>\n<p>R\u00a0: Nous acceptons les cartes de cr\u00e9dit, les virements \u00e9lectroniques et les crypto-monnaies.<\/p>\n<p>&nbsp;<\/p>\n<p><strong>Question\u00a0:<\/strong> Je suis nouveau dans les champignons, quelle quantit\u00e9 dois-je en prendre ?<\/p>\n<p>Nous vous recommandons de commencer bas car la tol\u00e9rance de chacun \u00e0 la psilocybine est diff\u00e9rente. Commencez avec 1 gramme.<\/p>\n<p>&nbsp;<\/p>\n<p><strong>Question\u00a0:<\/strong> Que ressentirai-je apr\u00e8s avoir pris des champignons ?<\/p>\n<p>R : Dans les 30 \u00e0 60 minutes suivant la consommation de champignons, vos 5 sens (la vue, l&#039;odorat, le go\u00fbt, le toucher et l&#039;ou\u00efe) seront am\u00e9lior\u00e9s. Votre humeur sera am\u00e9lior\u00e9e et vous vous sentirez plus heureux.<\/p>\n<p>&nbsp;<\/p>\n<p><strong>Question\u00a0:<\/strong> Comment puis-je contacter Sunset City ?<\/p>\n<p>R\u00a0: N&#039;h\u00e9sitez pas \u00e0 rejoindre notre groupe de discussion Discord pour parler aux autres membres de la communaut\u00e9 ou contactez-nous directement \u00e0 admin@sunsetcity.ca<\/p>\n<p>&nbsp;<\/p>\n<p><strong>Q<\/strong>: Pourquoi les champignons sont b\u00e9n\u00e9fiques ?<\/p>\n<p>R : Les champignons peuvent \u00eatre b\u00e9n\u00e9fiques pour votre sant\u00e9 mentale ou spirituelle. Il est utilis\u00e9 depuis des milliers d\u2019ann\u00e9es par les shamans et les herboristes chinois. Ils l&#039;appelaient le \u00ab champignon qui rit \u00bb, ce qui est un peu vrai quand on prend des champignons, on rit davantage \ud83d\ude42<\/p>\n<\/body><\/html>","protected":false},"excerpt":{"rendered":"<p>Comme pr\u00e9sent\u00e9 sur\u00a0: R\u00e9pandez la joie des f\u00eates avec le cadeau Joyeux champignons de Sunset City\u00a0! \ud83c\udf81\ud83c\udf44 \ud83d\udc4b Bonjour \u00e0 tous, il est temps de dire au revoir \u00e0 la fatigue, au brouillard c\u00e9r\u00e9bral, \u00e0 l&#039;anxi\u00e9t\u00e9 et \u00e0 la d\u00e9pression. Des centaines d\u2019\u00e9tudes sur la psilocybine men\u00e9es par John Hopkins et l\u2019Universit\u00e9 de la Colombie-Britannique montrent des avantages significatifs. After Effects Feel Joy am\u00e9liore votre humeur Gratiude\u2026<\/p>\n<p class=\"read-more\"> <a class=\"\" href=\"https:\/\/sunsetcity.co\/fr\/champignon-magique-alberta-ab\/\"> <span class=\"screen-reader-text\">Champignons du Canada \u2013 Promo gratuite pour les publicit\u00e9s Facebook<\/span> Lire la suite \u00bb<\/a><\/p>","protected":false},"author":1,"featured_media":0,"parent":0,"menu_order":0,"comment_status":"closed","ping_status":"closed","template":"","meta":{"site-sidebar-layout":"default","site-content-layout":"default","ast-global-header-display":"","ast-main-header-display":"","ast-hfb-above-header-display":"","ast-hfb-below-header-display":"","ast-hfb-mobile-header-display":"","site-post-title":"","ast-breadcrumbs-content":"","ast-featured-img":"","footer-sml-layout":"","theme-transparent-header-meta":"","adv-header-id-meta":"","stick-header-meta":"","header-above-stick-meta":"","header-main-stick-meta":"","header-below-stick-meta":"","footnotes":""},"class_list":["post-899","page","type-page","status-publish","hentry"],"_links":{"self":[{"href":"https:\/\/sunsetcity.co\/fr\/wp-json\/wp\/v2\/pages\/899","targetHints":{"allow":["GET"]}}],"collection":[{"href":"https:\/\/sunsetcity.co\/fr\/wp-json\/wp\/v2\/pages"}],"about":[{"href":"https:\/\/sunsetcity.co\/fr\/wp-json\/wp\/v2\/types\/page"}],"author":[{"embeddable":true,"href":"https:\/\/sunsetcity.co\/fr\/wp-json\/wp\/v2\/users\/1"}],"replies":[{"embeddable":true,"href":"https:\/\/sunsetcity.co\/fr\/wp-json\/wp\/v2\/comments?post=899"}],"version-history":[{"count":35,"href":"https:\/\/sunsetcity.co\/fr\/wp-json\/wp\/v2\/pages\/899\/revisions"}],"predecessor-version":[{"id":8832,"href":"https:\/\/sunsetcity.co\/fr\/wp-json\/wp\/v2\/pages\/899\/revisions\/8832"}],"wp:attachment":[{"href":"https:\/\/sunsetcity.co\/fr\/wp-json\/wp\/v2\/media?parent=899"}],"curies":[{"name":"wp","href":"https:\/\/api.w.org\/{rel}","templated":true}]}}