{"id":1031,"date":"2021-11-06T00:58:15","date_gmt":"2021-11-06T07:58:15","guid":{"rendered":"https:\/\/www.sunsetcity.ca\/?post_type=product&#038;p=1031"},"modified":"2023-02-27T17:54:51","modified_gmt":"2023-02-28T00:54:51","slug":"vancouver-magic-mushroom-grow-kit-beginner-friendly","status":"publish","type":"product","link":"https:\/\/sunsetcity.co\/fr\/produit\/kit-de-culture-de-champignons-magiques-de-vancouver-adapte-aux-debutants\/","title":{"rendered":"Kit de culture de champignons du Canada (adapt\u00e9 aux d\u00e9butants)"},"content":{"rendered":"<p><strong>**Exp\u00e9dition au Canada SEULEMENT**<\/strong><\/p>\n<blockquote class=\"instagram-media\" style=\"background: #FFF; border: 0; border-radius: 3px; box-shadow: 0 0 1px 0 rgba(0,0,0,0.5),0 1px 10px 0 rgba(0,0,0,0.15); margin: 1px; max-width: 540px; min-width: 326px; padding: 0; width: calc(100% - 2px);\" data-instgrm-captioned=\"\" data-instgrm-permalink=\"https:\/\/www.instagram.com\/reel\/CYH2YtFvAEO\/?utm_source=ig_embed&amp;utm_campaign=loading\" data-instgrm-version=\"14\">\n<div style=\"padding: 16px;\">\n<p>&nbsp;<\/p>\n<div style=\"display: flex; flex-direction: row; align-items: center;\">\n<div style=\"background-color: #f4f4f4; border-radius: 50%; flex-grow: 0; height: 40px; margin-right: 14px; width: 40px;\"><\/div>\n<div style=\"display: flex; flex-direction: column; flex-grow: 1; justify-content: center;\">\n<div style=\"background-color: #f4f4f4; border-radius: 4px; flex-grow: 0; height: 14px; margin-bottom: 6px; width: 100px;\"><\/div>\n<div style=\"background-color: #f4f4f4; border-radius: 4px; flex-grow: 0; height: 14px; width: 60px;\"><\/div>\n<\/div>\n<\/div>\n<div style=\"padding: 19% 0;\"><\/div>\n<div style=\"display: block; height: 50px; margin: 0 auto 12px; width: 50px;\"><\/div>\n<div style=\"padding-top: 8px;\">\n<div style=\"color: #3897f0; font-family: Arial,sans-serif; font-size: 14px; font-style: normal; font-weight: 550; line-height: 18px;\">Voir cette publication sur Instagram<\/div>\n<\/div>\n<div style=\"padding: 12.5% 0;\"><\/div>\n<div style=\"display: flex; flex-direction: row; margin-bottom: 14px; align-items: center;\">\n<div>\n<div style=\"background-color: #f4f4f4; border-radius: 50%; height: 12.5px; width: 12.5px; transform: translateX(0px) translateY(7px);\"><\/div>\n<div style=\"background-color: #f4f4f4; height: 12.5px; transform: rotate(-45deg) translateX(3px) translateY(1px); width: 12.5px; flex-grow: 0; margin-right: 14px; margin-left: 2px;\"><\/div>\n<div style=\"background-color: #f4f4f4; border-radius: 50%; height: 12.5px; width: 12.5px; transform: translateX(9px) translateY(-18px);\"><\/div>\n<\/div>\n<div style=\"margin-left: 8px;\">\n<div style=\"background-color: #f4f4f4; border-radius: 50%; flex-grow: 0; height: 20px; width: 20px;\"><\/div>\n<div style=\"width: 0; height: 0; border-top: 2px solid transparent; border-left: 6px solid #f4f4f4; border-bottom: 2px solid transparent; transform: translateX(16px) translateY(-4px) rotate(30deg);\"><\/div>\n<\/div>\n<div style=\"margin-left: auto;\">\n<div style=\"width: 0px; border-top: 8px solid #F4F4F4; border-right: 8px solid transparent; transform: translateY(16px);\"><\/div>\n<div style=\"background-color: #f4f4f4; flex-grow: 0; height: 12px; width: 16px; transform: translateY(-4px);\"><\/div>\n<div style=\"width: 0; height: 0; border-top: 8px solid #F4F4F4; border-left: 8px solid transparent; transform: translateY(-4px) translateX(8px);\"><\/div>\n<\/div>\n<\/div>\n<div style=\"display: flex; flex-direction: column; flex-grow: 1; justify-content: center; margin-bottom: 24px;\">\n<div style=\"background-color: #f4f4f4; border-radius: 4px; flex-grow: 0; height: 14px; margin-bottom: 6px; width: 224px;\"><\/div>\n<div style=\"background-color: #f4f4f4; border-radius: 4px; flex-grow: 0; height: 14px; width: 144px;\"><\/div>\n<\/div>\n<p>&nbsp;<\/p>\n<p style=\"color: #c9c8cd; font-family: Arial,sans-serif; font-size: 14px; line-height: 17px; margin-bottom: 0; margin-top: 8px; overflow: hidden; padding: 8px 0 7px; text-align: center; text-overflow: ellipsis; white-space: nowrap;\"><a style=\"color: #c9c8cd; font-family: Arial,sans-serif; font-size: 14px; font-style: normal; font-weight: normal; line-height: 17px; text-decoration: none;\" href=\"https:\/\/www.instagram.com\/reel\/CYH2YtFvAEO\/?utm_source=ig_embed&amp;utm_campaign=loading\" target=\"_blank\" rel=\"noopener\">Un message partag\u00e9 par la sauvegarde de Sunsetcity.ca (@sunsetcity.ca)<\/a><\/p>\n<\/div>\n<\/blockquote>\n<p><script async src=\"\/\/www.instagram.com\/embed.js\"><\/script><\/p>\n<p><big><strong>Comment faire pousser des champignons magiques \u00e0 l&#039;aide du kit de culture\u00a0:<\/strong><\/big><\/p>\n<ul>\n<li>Attendez que le myc\u00e9lium colonise compl\u00e8tement le substrat en vrac jusqu&#039;\u00e0 ce qu&#039;il soit compl\u00e8tement blanc<\/li>\n<li>Introduisez le kit de culture dans les conditions de fructification en coupant une petite fente de 2 pouces sur le coin sup\u00e9rieur du sac.<\/li>\n<li>Regardez vos champignons commencer \u00e0 \u00ab\u00a0\u00e9pingler\u00a0\u00bb l\u00e0 o\u00f9 les b\u00e9b\u00e9s champignons commenceront \u00e0 se former.<\/li>\n<li>Profitez de votre r\u00e9colte !<\/li>\n<li>Attendez encore environ 2 semaines pour que le prochain cycle de champignons apparaisse en collant le sac pour garantir que l&#039;humidit\u00e9 reste \u00e9lev\u00e9e.<\/li>\n<\/ul>\n<p><strong>Ce kit de culture de champignons magiques comprend les fournitures suivantes :<\/strong><\/p>\n<ul>\n<li>1 kit de culture colonis\u00e9 par des champignons magiques d&#039;environ 4,5 lb dans la vari\u00e9t\u00e9 souhait\u00e9e<\/li>\n<li>Paire de gants en plastique<\/li>\n<li>Manuel d&#039;instructions<\/li>\n<li>Pour toute question, veuillez envoyer un courriel \u00e0 admin@sunsetcity.ca concernant les kits de culture ou les commandes group\u00e9es.<\/li>\n<\/ul>\n<p><strong>Ce kit de culture de champignons magiques est capable de produire 1 \u00e0 1,5 oz de champignons s\u00e9ch\u00e9s au cours de sa dur\u00e9e de vie.<\/strong><\/p>\n<p><a href=\"https:\/\/www.sunsetcity.ca\/wp-content\/uploads\/2021\/11\/1674811450267.png\" data-rel=\"lightbox-image-0\" data-rl_title=\"\" data-rl_caption=\"\" title=\"\" target=\"_blank\" rel=\"noopener\"><img loading=\"lazy\" decoding=\"async\" class=\"alignnone size-medium wp-image-4468\" src=\"https:\/\/www.sunsetcity.ca\/wp-content\/uploads\/2021\/11\/1674811450267-300x300.png\" alt=\"Le Canada cultive des champignons magiques\" width=\"300\" height=\"300\" srcset=\"https:\/\/sunsetcity.co\/wp-content\/uploads\/2021\/11\/1674811450267-300x300.png 300w, https:\/\/sunsetcity.co\/wp-content\/uploads\/2021\/11\/1674811450267-150x150.png 150w, https:\/\/sunsetcity.co\/wp-content\/uploads\/2021\/11\/1674811450267-768x768.png 768w, https:\/\/sunsetcity.co\/wp-content\/uploads\/2021\/11\/1674811450267-600x600.png 600w, https:\/\/sunsetcity.co\/wp-content\/uploads\/2021\/11\/1674811450267-100x100.png 100w, https:\/\/sunsetcity.co\/wp-content\/uploads\/2021\/11\/1674811450267.png 800w\" sizes=\"auto, (max-width: 300px) 100vw, 300px\" \/><\/a><\/p>","protected":false},"excerpt":{"rendered":"<p>**Exp\u00e9dition au Canada UNIQUEMENT** Voir cette publication sur Instagram Une publication partag\u00e9e par la sauvegarde de Sunsetcity.ca (@sunsetcity.ca) Comment faire pousser des champignons magiques \u00e0 l&#039;aide du kit de culture\u00a0: Attendez que le myc\u00e9lium colonise compl\u00e8tement le substrat en vrac jusqu&#039;\u00e0 ce qu&#039;il soit compl\u00e8tement blanc. Introduisez le kit de culture dans les conditions de fructification en coupant une petite fente de 2 pouces sur le\u2026<\/p>\n<p class=\"read-more\"> <a class=\"\" href=\"https:\/\/sunsetcity.co\/fr\/produit\/kit-de-culture-de-champignons-magiques-de-vancouver-adapte-aux-debutants\/\"> <span class=\"screen-reader-text\">Kit de culture de champignons du Canada (adapt\u00e9 aux d\u00e9butants)<\/span> Lire la suite \u00bb<\/a><\/p>","protected":false},"featured_media":1216,"comment_status":"closed","ping_status":"closed","template":"","meta":{"site-sidebar-layout":"default","site-content-layout":"default","ast-global-header-display":"","ast-main-header-display":"","ast-hfb-above-header-display":"","ast-hfb-below-header-display":"","ast-hfb-mobile-header-display":"","site-post-title":"","ast-breadcrumbs-content":"","ast-featured-img":"","footer-sml-layout":"","theme-transparent-header-meta":"default","adv-header-id-meta":"","stick-header-meta":"","header-above-stick-meta":"","header-main-stick-meta":"","header-below-stick-meta":""},"product_brand":[],"product_cat":[31],"product_tag":[34,33,35,37,111,32,36],"class_list":{"0":"post-1031","1":"product","2":"type-product","3":"status-publish","4":"has-post-thumbnail","6":"product_cat-growing-magic-mushroom","7":"product_tag-grow","8":"product_tag-grow-kit","9":"product_tag-kit","10":"product_tag-magic-mushroom","11":"product_tag-magic-mushroom-grow-kit-canada","12":"product_tag-mushroom-grow-kit","13":"product_tag-shroom","14":"product_shipping_class-hop","16":"first","17":"outofstock","18":"shipping-taxable","19":"purchasable","20":"product-type-variable","21":"has-default-attributes"},"_links":{"self":[{"href":"https:\/\/sunsetcity.co\/fr\/wp-json\/wp\/v2\/product\/1031","targetHints":{"allow":["GET"]}}],"collection":[{"href":"https:\/\/sunsetcity.co\/fr\/wp-json\/wp\/v2\/product"}],"about":[{"href":"https:\/\/sunsetcity.co\/fr\/wp-json\/wp\/v2\/types\/product"}],"replies":[{"embeddable":true,"href":"https:\/\/sunsetcity.co\/fr\/wp-json\/wp\/v2\/comments?post=1031"}],"wp:featuredmedia":[{"embeddable":true,"href":"https:\/\/sunsetcity.co\/fr\/wp-json\/wp\/v2\/media\/1216"}],"wp:attachment":[{"href":"https:\/\/sunsetcity.co\/fr\/wp-json\/wp\/v2\/media?parent=1031"}],"wp:term":[{"taxonomy":"product_brand","embeddable":true,"href":"https:\/\/sunsetcity.co\/fr\/wp-json\/wp\/v2\/product_brand?post=1031"},{"taxonomy":"product_cat","embeddable":true,"href":"https:\/\/sunsetcity.co\/fr\/wp-json\/wp\/v2\/product_cat?post=1031"},{"taxonomy":"product_tag","embeddable":true,"href":"https:\/\/sunsetcity.co\/fr\/wp-json\/wp\/v2\/product_tag?post=1031"}],"curies":[{"name":"wp","href":"https:\/\/api.w.org\/{rel}","templated":true}]}}