{"id":1078,"date":"2021-11-12T19:04:16","date_gmt":"2021-11-13T02:04:16","guid":{"rendered":"https:\/\/www.sunsetcity.ca\/?post_type=product&#038;p=1078"},"modified":"2022-08-03T22:10:38","modified_gmt":"2022-08-04T05:10:38","slug":"magic-mushroom-grain-spawn-sterilized-and-colonized","status":"publish","type":"product","link":"https:\/\/sunsetcity.co\/fr\/produit\/levain-de-grains-de-champignons-magiques-sterilise-et-colonise\/","title":{"rendered":"Spawn de grains de champignons magiques (st\u00e9rilis\u00e9s et colonis\u00e9s)"},"content":{"rendered":"<p>Champignons Sunset City \u2013 Champignons magiques produits au Canada, en Colombie-Britannique, \u00e0 Vancouver<\/p>\n<p>Cet article est con\u00e7u pour \u00eatre m\u00e9lang\u00e9 \u00e0 un substrat en vrac tel que la fibre de coco.<\/p>\n<p>Le sac de c\u00e9r\u00e9ales de 4,5 lb est st\u00e9rilis\u00e9 \u00e0 l&#039;aide d&#039;autoclaves professionnels \u00e0 15 PSI pendant 3 heures pour garantir que toute contamination est \u00e9limin\u00e9e.<\/p>\n<p>Nous avons ensuite inocul\u00e9 chaque sachet avec une culture liquide contenant le myc\u00e9lium du champignon.<\/p>\n<p>&nbsp;<\/p>","protected":false},"excerpt":{"rendered":"<p>Champignons Sunset City \u2013 Champignons magiques produits au Canada, en Colombie-Britannique \u00e0 Vancouver. Cet article est con\u00e7u pour \u00eatre m\u00e9lang\u00e9 avec un substrat en vrac tel que la fibre de coco. Le sac de c\u00e9r\u00e9ales de 4,5 lb est st\u00e9rilis\u00e9 \u00e0 l&#039;aide d&#039;autoclaves professionnels \u00e0 15 PSI pendant 3 heures pour garantir que toute contamination est tu\u00e9e. Nous avons ensuite inocul\u00e9 chacun\u2026<\/p>\n<p class=\"read-more\"> <a class=\"\" href=\"https:\/\/sunsetcity.co\/fr\/produit\/levain-de-grains-de-champignons-magiques-sterilise-et-colonise\/\"> <span class=\"screen-reader-text\">Spawn de grains de champignons magiques (st\u00e9rilis\u00e9s et colonis\u00e9s)<\/span> Lire la suite \u00bb<\/a><\/p>","protected":false},"featured_media":1079,"comment_status":"closed","ping_status":"closed","template":"","meta":{"site-sidebar-layout":"default","site-content-layout":"default","ast-global-header-display":"","ast-main-header-display":"","ast-hfb-above-header-display":"","ast-hfb-below-header-display":"","ast-hfb-mobile-header-display":"","site-post-title":"","ast-breadcrumbs-content":"","ast-featured-img":"","footer-sml-layout":"","theme-transparent-header-meta":"default","adv-header-id-meta":"","stick-header-meta":"","header-above-stick-meta":"","header-main-stick-meta":"","header-below-stick-meta":""},"product_brand":[],"product_cat":[31],"product_tag":[],"class_list":{"0":"post-1078","1":"product","2":"type-product","3":"status-publish","4":"has-post-thumbnail","6":"product_cat-growing-magic-mushroom","7":"product_shipping_class-hop","9":"first","10":"outofstock","11":"shipping-taxable","12":"purchasable","13":"product-type-variable"},"_links":{"self":[{"href":"https:\/\/sunsetcity.co\/fr\/wp-json\/wp\/v2\/product\/1078","targetHints":{"allow":["GET"]}}],"collection":[{"href":"https:\/\/sunsetcity.co\/fr\/wp-json\/wp\/v2\/product"}],"about":[{"href":"https:\/\/sunsetcity.co\/fr\/wp-json\/wp\/v2\/types\/product"}],"replies":[{"embeddable":true,"href":"https:\/\/sunsetcity.co\/fr\/wp-json\/wp\/v2\/comments?post=1078"}],"wp:featuredmedia":[{"embeddable":true,"href":"https:\/\/sunsetcity.co\/fr\/wp-json\/wp\/v2\/media\/1079"}],"wp:attachment":[{"href":"https:\/\/sunsetcity.co\/fr\/wp-json\/wp\/v2\/media?parent=1078"}],"wp:term":[{"taxonomy":"product_brand","embeddable":true,"href":"https:\/\/sunsetcity.co\/fr\/wp-json\/wp\/v2\/product_brand?post=1078"},{"taxonomy":"product_cat","embeddable":true,"href":"https:\/\/sunsetcity.co\/fr\/wp-json\/wp\/v2\/product_cat?post=1078"},{"taxonomy":"product_tag","embeddable":true,"href":"https:\/\/sunsetcity.co\/fr\/wp-json\/wp\/v2\/product_tag?post=1078"}],"curies":[{"name":"wp","href":"https:\/\/api.w.org\/{rel}","templated":true}]}}