{"id":1331,"date":"2021-12-24T04:22:38","date_gmt":"2021-12-24T11:22:38","guid":{"rendered":"https:\/\/www.sunsetcity.ca\/?post_type=product&#038;p=1331"},"modified":"2024-02-16T14:11:18","modified_gmt":"2024-02-16T21:11:18","slug":"chilling-magic-mushroom-tea","status":"publish","type":"product","link":"https:\/\/sunsetcity.co\/fr\/produit\/the-aux-champignons-magiques-rafraichissant\/","title":{"rendered":"Th\u00e9 aux champignons Nuit de r\u00eave"},"content":{"rendered":"<p>Si vous voulez savoir comment pr\u00e9parer correctement du th\u00e9 \u00e0 la psilocybine, commencez par notre th\u00e9 aux champignons Dreamy Night. Le th\u00e9 aux champignons magiques peut vous \u00eatre b\u00e9n\u00e9fique de plusieurs mani\u00e8res. Commencez avec une tasse l\u00e9g\u00e8re avec 1 sachet de th\u00e9 une fois tous les deux jours pendant une semaine et vous commencerez \u00e0 ressentir les effets du microdosage. Vous ressentirez une diminution de l\u2019anxi\u00e9t\u00e9, du stress et serez globalement de meilleure humeur\u00a0!<\/p>\n<p>Caract\u00e9ristiques<br \/>\n\u2022 Chaque portion de sachet de th\u00e9 contient 400 mg de champignons magiques AA+.<br \/>\n\u2022 Aide \u00e0 r\u00e9duire les sentiments de d\u00e9pression, de stress et d&#039;anxi\u00e9t\u00e9<br \/>\n\u2022 Disponible sous forme de champignon magique 100% ou avec du th\u00e9 vert ajout\u00e9<br \/>\n\u2022 Fabriqu\u00e9 \u00e0 partir de fermes cultiv\u00e9es localement sans produits chimiques ajout\u00e9s<\/p>\n<p>Chaque portion de sachet de th\u00e9 contient 400 mg de champignons magiques. 12 sachets de th\u00e9 au total.<\/p>\n<p>Mode d&#039;emploi : Faire tremper 1 sachet de th\u00e9 dans une tasse d&#039;eau chaude (non bouillante) pendant 10 \u00e0 15 minutes. Boire une fois tous les 2 jours pendant une semaine et faire une pause d&#039;une semaine, puis r\u00e9p\u00e9ter.<\/p>","protected":false},"excerpt":{"rendered":"<p>Si vous voulez savoir comment pr\u00e9parer correctement du th\u00e9 \u00e0 la psilocybine, commencez par notre th\u00e9 aux champignons Dreamy Night. Le th\u00e9 aux champignons magiques peut vous \u00eatre b\u00e9n\u00e9fique de plusieurs mani\u00e8res. Commencez avec une tasse l\u00e9g\u00e8re avec 1 sachet de th\u00e9 une fois tous les deux jours pendant une semaine et vous commencerez \u00e0 ressentir les effets du microdosage. \u2026<\/p>\n<p class=\"read-more\"> <a class=\"\" href=\"https:\/\/sunsetcity.co\/fr\/produit\/the-aux-champignons-magiques-rafraichissant\/\"> <span class=\"screen-reader-text\">Th\u00e9 aux champignons Nuit de r\u00eave<\/span> Lire la suite \u00bb<\/a><\/p>","protected":false},"featured_media":1342,"comment_status":"closed","ping_status":"closed","template":"","meta":{"site-sidebar-layout":"default","site-content-layout":"default","ast-global-header-display":"","ast-main-header-display":"","ast-hfb-above-header-display":"","ast-hfb-below-header-display":"","ast-hfb-mobile-header-display":"","site-post-title":"","ast-breadcrumbs-content":"","ast-featured-img":"","footer-sml-layout":"","theme-transparent-header-meta":"default","adv-header-id-meta":"","stick-header-meta":"","header-above-stick-meta":"","header-main-stick-meta":"","header-below-stick-meta":""},"product_brand":[],"product_cat":[109],"product_tag":[60,50,58,57,47,61,62,63,59],"class_list":{"0":"post-1331","1":"product","2":"type-product","3":"status-publish","4":"has-post-thumbnail","6":"product_cat-magic-mixes","7":"product_tag-magic","8":"product_tag-magic-mushrooms","9":"product_tag-magic-mushrooms-toronto","10":"product_tag-magic-mushrooms-vancouver","11":"product_tag-magic-shrooms","12":"product_tag-mushrooms","13":"product_tag-psychedelic","14":"product_tag-psychedelics","15":"product_tag-shrooms","17":"first","18":"instock","19":"sale","20":"shipping-taxable","21":"purchasable","22":"product-type-variable"},"_links":{"self":[{"href":"https:\/\/sunsetcity.co\/fr\/wp-json\/wp\/v2\/product\/1331","targetHints":{"allow":["GET"]}}],"collection":[{"href":"https:\/\/sunsetcity.co\/fr\/wp-json\/wp\/v2\/product"}],"about":[{"href":"https:\/\/sunsetcity.co\/fr\/wp-json\/wp\/v2\/types\/product"}],"replies":[{"embeddable":true,"href":"https:\/\/sunsetcity.co\/fr\/wp-json\/wp\/v2\/comments?post=1331"}],"wp:featuredmedia":[{"embeddable":true,"href":"https:\/\/sunsetcity.co\/fr\/wp-json\/wp\/v2\/media\/1342"}],"wp:attachment":[{"href":"https:\/\/sunsetcity.co\/fr\/wp-json\/wp\/v2\/media?parent=1331"}],"wp:term":[{"taxonomy":"product_brand","embeddable":true,"href":"https:\/\/sunsetcity.co\/fr\/wp-json\/wp\/v2\/product_brand?post=1331"},{"taxonomy":"product_cat","embeddable":true,"href":"https:\/\/sunsetcity.co\/fr\/wp-json\/wp\/v2\/product_cat?post=1331"},{"taxonomy":"product_tag","embeddable":true,"href":"https:\/\/sunsetcity.co\/fr\/wp-json\/wp\/v2\/product_tag?post=1331"}],"curies":[{"name":"wp","href":"https:\/\/api.w.org\/{rel}","templated":true}]}}