{"id":1478,"date":"2022-01-20T01:29:00","date_gmt":"2022-01-20T08:29:00","guid":{"rendered":"https:\/\/www.sunsetcity.ca\/?post_type=product&#038;p=1478"},"modified":"2025-06-19T14:35:27","modified_gmt":"2025-06-19T21:35:27","slug":"lsd-110ug","status":"publish","type":"product","link":"https:\/\/sunsetcity.co\/fr\/produit\/lsd110ug\/","title":{"rendered":"LSD (test\u00e9 en laboratoire)"},"content":{"rendered":"<p><strong> (En rupture de stock pour les USA) <del>Les \u00c9tats-Unis ne proposent actuellement que des comprim\u00e9s de gel \u2013 220\u00a0ug par comprim\u00e9<\/del><br \/>\nLe Canada ne propose actuellement que des languettes en papier \u2013 110 ug par languette<\/strong><\/p>\n<p>Remarque\u00a0: Nous supprimons toutes les \u00e9tiquettes de ce produit pour garantir <strong>100% discret <\/strong>&amp;<strong> exp\u00e9dition s\u00fbre<\/strong>.<\/p>\n<p><strong>Nous avons \u00e9tabli un partenariat avec un fournisseur am\u00e9ricain de confiance pour l&#039;exp\u00e9dition aux \u00c9tats-Unis<\/strong><\/p>\n<p><strong>Les commandes au Canada sont exp\u00e9di\u00e9es depuis le Canada<\/strong><\/p>\n<ul>\n<li>Exp\u00e9dition au Canada -&gt; Exp\u00e9di\u00e9 depuis le Canada<\/li>\n<li><span style=\"font-size: 16px;\">Exp\u00e9dition aux \u00c9tats-Unis -&gt; Exp\u00e9di\u00e9 depuis les \u00c9tats-Unis (exp\u00e9dition prioritaire)<\/span><\/li>\n<\/ul>\n<p>Le di\u00e9thylamide de l&#039;acide lysergique (LSD), \u00e9galement connu famili\u00e8rement sous le nom d&#039;acide, est une drogue psych\u00e9d\u00e9lique. Les effets incluent g\u00e9n\u00e9ralement une intensification des pens\u00e9es, des \u00e9motions et de la perception sensorielle. \u00c0 des doses suffisamment \u00e9lev\u00e9es, le LSD se manifeste principalement par des hallucinations visuelles et auditives.<\/p>\n<p>Le LSD peut catalyser des exp\u00e9riences spirituelles intenses et est donc consid\u00e9r\u00e9 comme un enth\u00e9og\u00e8ne. Certains utilisateurs ont signal\u00e9 des exp\u00e9riences hors du corps. En 1966, Timothy Leary a cr\u00e9\u00e9 la League for Spiritual Discovery avec le LSD comme sacrement. Stanislav Grof a \u00e9crit que les exp\u00e9riences religieuses et mystiques observ\u00e9es lors des s\u00e9ances de LSD semblent ph\u00e9nom\u00e9nologiquement impossibles \u00e0 distinguer des descriptions similaires dans les \u00e9critures sacr\u00e9es des grandes religions du monde et dans les textes des civilisations anciennes.<\/p>\n<p>Veuillez noter que la feuille LSD illustr\u00e9e comprend 100 onglets.<br \/>\nLa r\u00e9f\u00e9rence du stockage \u00e0 court terme \u00e9quivaut \u00e0 environ quelques semaines ou mois<br \/>\nBien que non recommand\u00e9e, la r\u00e9f\u00e9rence de stockage \u00e0 long terme \u00e9quivaut \u00e0 quelques ann\u00e9es environ.<br \/>\nTout devrait bien se passer si vous gardez votre LSD au sec, au frais et \u00e0 l\u2019\u00e9cart de la source de lumi\u00e8re\u00a0!<br \/>\nPlacez la languette sous votre langue pendant au moins 5 minutes avant d&#039;avaler~<\/p>\n<p><a href=\"http:\/\/getyourdrugstested.com\/\" target=\"_blank\" rel=\"noopener\">Test\u00e9 en laboratoire<\/a> test\u00e9 positif aux lysergamides gr\u00e2ce \u00e0 un service de d\u00e9pistage de drogues appel\u00e9 <a href=\"http:\/\/getyourdrugstested.com\/\" target=\"_blank\" rel=\"noopener\">http:\/\/getyourdrugstested.com\/<\/a><\/p>\n<p>Discr\u00e8tement emball\u00e9 dans une enveloppe ordinaire<\/p>","protected":false},"excerpt":{"rendered":"<div><a style=\"display: inline-block; margin: 5px; padding: 10px; border: 2px solid #1A6FB2; border-radius: 5px; background-color: #fff; color: #1a6fb2; text-decoration: none; font-weight: bold; cursor: pointer; transition: background-color 0.3s ease;\" href=\"https:\/\/sunsetcity.co\/fr\/produit\/lsd110ug\/\">Achetez 3 comprim\u00e9s <span style=\"font-weight: bold; color: #8f33ab;\">&#8211; $55<\/span><br \/>\n<\/a><a style=\"display: inline-block; margin: 5px; padding: 10px; border: 2px solid #1A6FB2; border-radius: 5px; background-color: #fff; color: #1a6fb2; text-decoration: none; font-weight: bold; cursor: pointer; transition: background-color 0.3s ease;\" href=\"https:\/\/sunsetcity.co\/fr\/produit\/lsd110ug\/\">Achetez 5 comprim\u00e9s <span style=\"font-weight: bold; color: #8f33ab;\">$80<\/span> SAUVEGARDER 20%<\/a><a style=\"display: inline-block; margin: 5px; padding: 10px; border: 2px solid #1A6FB2; border-radius: 5px; background-color: #fff; color: #1a6fb2; text-decoration: none; font-weight: bold; cursor: pointer; transition: background-color 0.3s ease;\" href=\"https:\/\/sunsetcity.co\/fr\/produit\/lsd110ug\/\">Achetez 10 comprim\u00e9s <span style=\"font-weight: bold; color: #8f33ab;\">$129<\/span>\u00a0SAUVEGARDER 33%<\/a><\/div>","protected":false},"featured_media":1487,"comment_status":"closed","ping_status":"closed","template":"","meta":{"site-sidebar-layout":"default","site-content-layout":"default","ast-global-header-display":"","ast-main-header-display":"","ast-hfb-above-header-display":"","ast-hfb-below-header-display":"","ast-hfb-mobile-header-display":"","site-post-title":"","ast-breadcrumbs-content":"","ast-featured-img":"","footer-sml-layout":"","theme-transparent-header-meta":"default","adv-header-id-meta":"","stick-header-meta":"","header-above-stick-meta":"","header-main-stick-meta":"","header-below-stick-meta":""},"product_brand":[],"product_cat":[89],"product_tag":[120,90,119,63],"class_list":{"0":"post-1478","1":"product","2":"type-product","3":"status-publish","4":"has-post-thumbnail","6":"product_cat-lsd","7":"product_tag-acid","8":"product_tag-lsd","9":"product_tag-lysergamides","10":"product_tag-psychedelics","12":"first","13":"instock","14":"shipping-taxable","15":"purchasable","16":"product-type-variable"},"_links":{"self":[{"href":"https:\/\/sunsetcity.co\/fr\/wp-json\/wp\/v2\/product\/1478","targetHints":{"allow":["GET"]}}],"collection":[{"href":"https:\/\/sunsetcity.co\/fr\/wp-json\/wp\/v2\/product"}],"about":[{"href":"https:\/\/sunsetcity.co\/fr\/wp-json\/wp\/v2\/types\/product"}],"replies":[{"embeddable":true,"href":"https:\/\/sunsetcity.co\/fr\/wp-json\/wp\/v2\/comments?post=1478"}],"wp:featuredmedia":[{"embeddable":true,"href":"https:\/\/sunsetcity.co\/fr\/wp-json\/wp\/v2\/media\/1487"}],"wp:attachment":[{"href":"https:\/\/sunsetcity.co\/fr\/wp-json\/wp\/v2\/media?parent=1478"}],"wp:term":[{"taxonomy":"product_brand","embeddable":true,"href":"https:\/\/sunsetcity.co\/fr\/wp-json\/wp\/v2\/product_brand?post=1478"},{"taxonomy":"product_cat","embeddable":true,"href":"https:\/\/sunsetcity.co\/fr\/wp-json\/wp\/v2\/product_cat?post=1478"},{"taxonomy":"product_tag","embeddable":true,"href":"https:\/\/sunsetcity.co\/fr\/wp-json\/wp\/v2\/product_tag?post=1478"}],"curies":[{"name":"wp","href":"https:\/\/api.w.org\/{rel}","templated":true}]}}