{"id":1532,"date":"2022-01-26T18:26:23","date_gmt":"2022-01-27T01:26:23","guid":{"rendered":"https:\/\/www.sunsetcity.ca\/?post_type=product&#038;p=1532"},"modified":"2022-08-30T22:58:05","modified_gmt":"2022-08-31T05:58:05","slug":"adventurers-choice-limited-time","status":"publish","type":"product","link":"https:\/\/sunsetcity.co\/fr\/produit\/choix-des-aventuriers-a-duree-limitee\/","title":{"rendered":"Choix de l&#039;aventurier ambitieux (dur\u00e9e limit\u00e9e)"},"content":{"rendered":"<p>Salutations voyageur, vous ne saurez quelle variante de champignons vous avez obtenue qu&#039;une fois que vous aurez re\u00e7u le colis\u00a0!<br \/>\nM\u00e9fiez-vous! La vari\u00e9t\u00e9 que vous recevrez sera plus forte que les vari\u00e9t\u00e9s pour d\u00e9butants telles que la Golden Teacher (qui sera exclue du tirage au sort).<br \/>\nCette promotion n&#039;est disponible que pour une dur\u00e9e limit\u00e9e.<\/p>","protected":false},"excerpt":{"rendered":"<p>Salutations voyageur, vous ne saurez quelle variante de champignons vous avez obtenue qu&#039;une fois que vous aurez re\u00e7u le colis\u00a0!<br \/>\nM\u00e9fiez-vous! La vari\u00e9t\u00e9 que vous recevrez sera plus forte que les vari\u00e9t\u00e9s pour d\u00e9butants telles que la Golden Teacher (qui sera exclue du tirage au sort).<br \/>\nCette promotion n&#039;est disponible que pour une dur\u00e9e limit\u00e9e.<\/p>","protected":false},"featured_media":1538,"comment_status":"closed","ping_status":"closed","template":"","meta":{"site-sidebar-layout":"default","site-content-layout":"default","ast-global-header-display":"","ast-main-header-display":"","ast-hfb-above-header-display":"","ast-hfb-below-header-display":"","ast-hfb-mobile-header-display":"","site-post-title":"","ast-breadcrumbs-content":"","ast-featured-img":"","footer-sml-layout":"","theme-transparent-header-meta":"default","adv-header-id-meta":"","stick-header-meta":"","header-above-stick-meta":"","header-main-stick-meta":"","header-below-stick-meta":""},"product_brand":[],"product_cat":[110,29],"product_tag":[49,48,46,51,37,50,47],"class_list":{"0":"post-1532","1":"product","2":"type-product","3":"status-publish","4":"has-post-thumbnail","6":"product_cat-bundle","7":"product_cat-shroom","8":"product_tag-bc-magic-mushrooms","9":"product_tag-cubensis","10":"product_tag-golden-teacher","11":"product_tag-gt","12":"product_tag-magic-mushroom","13":"product_tag-magic-mushrooms","14":"product_tag-magic-shrooms","16":"first","17":"instock","18":"shipping-taxable","19":"purchasable","20":"product-type-variable","21":"has-default-attributes"},"_links":{"self":[{"href":"https:\/\/sunsetcity.co\/fr\/wp-json\/wp\/v2\/product\/1532","targetHints":{"allow":["GET"]}}],"collection":[{"href":"https:\/\/sunsetcity.co\/fr\/wp-json\/wp\/v2\/product"}],"about":[{"href":"https:\/\/sunsetcity.co\/fr\/wp-json\/wp\/v2\/types\/product"}],"replies":[{"embeddable":true,"href":"https:\/\/sunsetcity.co\/fr\/wp-json\/wp\/v2\/comments?post=1532"}],"wp:featuredmedia":[{"embeddable":true,"href":"https:\/\/sunsetcity.co\/fr\/wp-json\/wp\/v2\/media\/1538"}],"wp:attachment":[{"href":"https:\/\/sunsetcity.co\/fr\/wp-json\/wp\/v2\/media?parent=1532"}],"wp:term":[{"taxonomy":"product_brand","embeddable":true,"href":"https:\/\/sunsetcity.co\/fr\/wp-json\/wp\/v2\/product_brand?post=1532"},{"taxonomy":"product_cat","embeddable":true,"href":"https:\/\/sunsetcity.co\/fr\/wp-json\/wp\/v2\/product_cat?post=1532"},{"taxonomy":"product_tag","embeddable":true,"href":"https:\/\/sunsetcity.co\/fr\/wp-json\/wp\/v2\/product_tag?post=1532"}],"curies":[{"name":"wp","href":"https:\/\/api.w.org\/{rel}","templated":true}]}}