{"id":1551,"date":"2022-01-27T23:27:17","date_gmt":"2022-01-28T06:27:17","guid":{"rendered":"https:\/\/www.sunsetcity.ca\/?post_type=product&#038;p=1551"},"modified":"2023-03-08T09:41:56","modified_gmt":"2023-03-08T16:41:56","slug":"beginners-variety-bundles-pack","status":"publish","type":"product","link":"https:\/\/sunsetcity.co\/fr\/produit\/pack-de-lots-varies-pour-debutants\/","title":{"rendered":"Pack de lots vari\u00e9s pour d\u00e9butants"},"content":{"rendered":"<p>Vous n&#039;arrivez pas \u00e0 d\u00e9cider quelle vari\u00e9t\u00e9 acheter ? Ce pack d\u00e9butant est un excellent choix pour les nouveaux arrivants qui pr\u00e9f\u00e8rent une puissance douce (excellente pour <a href=\"https:\/\/www.sunsetcity.ca\/microdosing-magic-mushroom\/\" target=\"_blank\" rel=\"noopener\">champignons microdos\u00e9s<\/a>)<\/p>\n<p>Nous vous inclurons au hasard 3 souches diff\u00e9rentes (3,5 g de chaque souche) ou 2 souches diff\u00e9rentes (7 g de chaque souche).<\/p>","protected":false},"excerpt":{"rendered":"<p>Vous n&#039;arrivez pas \u00e0 d\u00e9cider quelle vari\u00e9t\u00e9 acheter ? Ce pack d\u00e9butant est un excellent choix pour les nouveaux arrivants qui pr\u00e9f\u00e8rent une puissance douce (excellente pour le microdosage des champignons). Nous vous inclurons au hasard 3 souches diff\u00e9rentes (3,5 g de chaque souche) ou 2 souches diff\u00e9rentes (7 g de chaque souche).<\/p>","protected":false},"featured_media":1552,"comment_status":"closed","ping_status":"closed","template":"","meta":{"site-sidebar-layout":"default","site-content-layout":"default","ast-global-header-display":"","ast-main-header-display":"","ast-hfb-above-header-display":"","ast-hfb-below-header-display":"","ast-hfb-mobile-header-display":"","site-post-title":"","ast-breadcrumbs-content":"","ast-featured-img":"","footer-sml-layout":"","theme-transparent-header-meta":"default","adv-header-id-meta":"","stick-header-meta":"","header-above-stick-meta":"","header-main-stick-meta":"","header-below-stick-meta":""},"product_brand":[],"product_cat":[110,29],"product_tag":[93,95,60,50,92,96,36,94],"class_list":{"0":"post-1551","1":"product","2":"type-product","3":"status-publish","4":"has-post-thumbnail","6":"product_cat-bundle","7":"product_cat-shroom","8":"product_tag-beginner","9":"product_tag-canada-mushrooms","10":"product_tag-magic","11":"product_tag-magic-mushrooms","12":"product_tag-mushroom","13":"product_tag-north-america-mushrooms","14":"product_tag-shroom","15":"product_tag-vancouver-mushrooms","17":"first","18":"instock","19":"shipping-taxable","20":"purchasable","21":"product-type-variable"},"_links":{"self":[{"href":"https:\/\/sunsetcity.co\/fr\/wp-json\/wp\/v2\/product\/1551","targetHints":{"allow":["GET"]}}],"collection":[{"href":"https:\/\/sunsetcity.co\/fr\/wp-json\/wp\/v2\/product"}],"about":[{"href":"https:\/\/sunsetcity.co\/fr\/wp-json\/wp\/v2\/types\/product"}],"replies":[{"embeddable":true,"href":"https:\/\/sunsetcity.co\/fr\/wp-json\/wp\/v2\/comments?post=1551"}],"wp:featuredmedia":[{"embeddable":true,"href":"https:\/\/sunsetcity.co\/fr\/wp-json\/wp\/v2\/media\/1552"}],"wp:attachment":[{"href":"https:\/\/sunsetcity.co\/fr\/wp-json\/wp\/v2\/media?parent=1551"}],"wp:term":[{"taxonomy":"product_brand","embeddable":true,"href":"https:\/\/sunsetcity.co\/fr\/wp-json\/wp\/v2\/product_brand?post=1551"},{"taxonomy":"product_cat","embeddable":true,"href":"https:\/\/sunsetcity.co\/fr\/wp-json\/wp\/v2\/product_cat?post=1551"},{"taxonomy":"product_tag","embeddable":true,"href":"https:\/\/sunsetcity.co\/fr\/wp-json\/wp\/v2\/product_tag?post=1551"}],"curies":[{"name":"wp","href":"https:\/\/api.w.org\/{rel}","templated":true}]}}