{"id":1555,"date":"2022-01-27T23:33:56","date_gmt":"2022-01-28T06:33:56","guid":{"rendered":"https:\/\/www.sunsetcity.ca\/?post_type=product&#038;p=1555"},"modified":"2023-04-15T09:29:00","modified_gmt":"2023-04-15T16:29:00","slug":"extra-safe-stealth-shipping","status":"publish","type":"product","link":"https:\/\/sunsetcity.co\/fr\/produit\/expedition-furtive-tres-sure\/","title":{"rendered":"Exp\u00e9dition express"},"content":{"rendered":"<p>Calculateur d&#039;exp\u00e9dition\u00a0: https:\/\/www.sunsetcity.ca\/order-tracking\/<\/p>\n<p>Passez \u00e0 l\u2019exp\u00e9dition standard vers l\u2019exp\u00e9dition express<\/p>","protected":false},"excerpt":{"rendered":"<p>Calculateur d&#039;exp\u00e9dition\u00a0: https:\/\/www.sunsetcity.ca\/order-tracking\/ Mettez \u00e0 niveau l&#039;exp\u00e9dition standard vers l&#039;exp\u00e9dition express<\/p>","protected":false},"featured_media":1556,"comment_status":"closed","ping_status":"closed","template":"","meta":{"site-sidebar-layout":"default","site-content-layout":"default","ast-global-header-display":"","ast-main-header-display":"","ast-hfb-above-header-display":"","ast-hfb-below-header-display":"","ast-hfb-mobile-header-display":"","site-post-title":"","ast-breadcrumbs-content":"","ast-featured-img":"","footer-sml-layout":"","theme-transparent-header-meta":"default","adv-header-id-meta":"","stick-header-meta":"","header-above-stick-meta":"","header-main-stick-meta":"","header-below-stick-meta":""},"product_brand":[],"product_cat":[108],"product_tag":[],"class_list":{"0":"post-1555","1":"product","2":"type-product","3":"status-publish","4":"has-post-thumbnail","6":"product_cat-services","8":"first","9":"instock","10":"virtual","11":"purchasable","12":"product-type-simple"},"_links":{"self":[{"href":"https:\/\/sunsetcity.co\/fr\/wp-json\/wp\/v2\/product\/1555","targetHints":{"allow":["GET"]}}],"collection":[{"href":"https:\/\/sunsetcity.co\/fr\/wp-json\/wp\/v2\/product"}],"about":[{"href":"https:\/\/sunsetcity.co\/fr\/wp-json\/wp\/v2\/types\/product"}],"replies":[{"embeddable":true,"href":"https:\/\/sunsetcity.co\/fr\/wp-json\/wp\/v2\/comments?post=1555"}],"wp:featuredmedia":[{"embeddable":true,"href":"https:\/\/sunsetcity.co\/fr\/wp-json\/wp\/v2\/media\/1556"}],"wp:attachment":[{"href":"https:\/\/sunsetcity.co\/fr\/wp-json\/wp\/v2\/media?parent=1555"}],"wp:term":[{"taxonomy":"product_brand","embeddable":true,"href":"https:\/\/sunsetcity.co\/fr\/wp-json\/wp\/v2\/product_brand?post=1555"},{"taxonomy":"product_cat","embeddable":true,"href":"https:\/\/sunsetcity.co\/fr\/wp-json\/wp\/v2\/product_cat?post=1555"},{"taxonomy":"product_tag","embeddable":true,"href":"https:\/\/sunsetcity.co\/fr\/wp-json\/wp\/v2\/product_tag?post=1555"}],"curies":[{"name":"wp","href":"https:\/\/api.w.org\/{rel}","templated":true}]}}