{"id":1602,"date":"2022-02-01T22:15:34","date_gmt":"2022-02-02T05:15:34","guid":{"rendered":"https:\/\/www.sunsetcity.ca\/?post_type=product&#038;p=1602"},"modified":"2023-10-11T06:30:55","modified_gmt":"2023-10-11T13:30:55","slug":"penis-envy-magic-mushroom-strain","status":"publish","type":"product","link":"https:\/\/sunsetcity.co\/fr\/produit\/souche-de-champignon-magique-denvie-de-penis\/","title":{"rendered":"Champignon envie de p\u00e9nis"},"content":{"rendered":"<p><a href=\"https:\/\/www.sunsetcity.ca\/wp-content\/uploads\/2023\/09\/foto_no_exif__1_-removebg-preview.png\" data-rel=\"lightbox-image-0\" data-rl_title=\"\" data-rl_caption=\"\" title=\"\" target=\"_blank\" rel=\"noopener\"><img loading=\"lazy\" decoding=\"async\" src=\"https:\/\/www.sunsetcity.ca\/wp-content\/uploads\/2023\/09\/foto_no_exif__1_-removebg-preview-300x225.png\" alt=\"\" width=\"300\" height=\"225\" class=\"alignnone size-medium wp-image-6735\" srcset=\"https:\/\/sunsetcity.co\/wp-content\/uploads\/2023\/09\/foto_no_exif__1_-removebg-preview-300x225.png 300w, https:\/\/sunsetcity.co\/wp-content\/uploads\/2023\/09\/foto_no_exif__1_-removebg-preview.png 577w\" sizes=\"auto, (max-width: 300px) 100vw, 300px\" \/><\/a><\/p>\n<blockquote class=\"instagram-media\" style=\"background: #FFF; border: 0; border-radius: 3px; box-shadow: 0 0 1px 0 rgba(0,0,0,0.5),0 1px 10px 0 rgba(0,0,0,0.15); margin: 1px; max-width: 540px; min-width: 326px; padding: 0; width: calc(100% - 2px);\" data-instgrm-captioned=\"\" data-instgrm-permalink=\"https:\/\/www.instagram.com\/reel\/CoGRDVRM5kn\/?utm_source=ig_embed&amp;utm_campaign=loading\" data-instgrm-version=\"14\">\n<div style=\"padding: 16px;\">\n<p>&nbsp;<\/p>\n<div style=\"display: flex; flex-direction: row; align-items: center;\">\n<div style=\"background-color: #f4f4f4; border-radius: 50%; flex-grow: 0; height: 40px; margin-right: 14px; width: 40px;\"><\/div>\n<div style=\"display: flex; flex-direction: column; flex-grow: 1; justify-content: center;\">\n<div style=\"background-color: #f4f4f4; border-radius: 4px; flex-grow: 0; height: 14px; margin-bottom: 6px; width: 100px;\"><\/div>\n<div style=\"background-color: #f4f4f4; border-radius: 4px; flex-grow: 0; height: 14px; width: 60px;\"><\/div>\n<\/div>\n<\/div>\n<div style=\"padding: 19% 0;\"><\/div>\n<div style=\"display: block; height: 50px; margin: 0 auto 12px; width: 50px;\"><\/div>\n<div style=\"padding-top: 8px;\">\n<div style=\"color: #3897f0; font-family: Arial,sans-serif; font-size: 14px; font-style: normal; font-weight: 550; line-height: 18px;\">Voir cette publication sur Instagram<\/div>\n<\/div>\n<div style=\"padding: 12.5% 0;\"><\/div>\n<div style=\"display: flex; flex-direction: row; margin-bottom: 14px; align-items: center;\">\n<div>\n<div style=\"background-color: #f4f4f4; border-radius: 50%; height: 12.5px; width: 12.5px; transform: translateX(0px) translateY(7px);\"><\/div>\n<div style=\"background-color: #f4f4f4; height: 12.5px; transform: rotate(-45deg) translateX(3px) translateY(1px); width: 12.5px; flex-grow: 0; margin-right: 14px; margin-left: 2px;\"><\/div>\n<div style=\"background-color: #f4f4f4; border-radius: 50%; height: 12.5px; width: 12.5px; transform: translateX(9px) translateY(-18px);\"><\/div>\n<\/div>\n<div style=\"margin-left: 8px;\">\n<div style=\"background-color: #f4f4f4; border-radius: 50%; flex-grow: 0; height: 20px; width: 20px;\"><\/div>\n<div style=\"width: 0; height: 0; border-top: 2px solid transparent; border-left: 6px solid #f4f4f4; border-bottom: 2px solid transparent; transform: translateX(16px) translateY(-4px) rotate(30deg);\"><\/div>\n<\/div>\n<div style=\"margin-left: auto;\">\n<div style=\"width: 0px; border-top: 8px solid #F4F4F4; border-right: 8px solid transparent; transform: translateY(16px);\"><\/div>\n<div style=\"background-color: #f4f4f4; flex-grow: 0; height: 12px; width: 16px; transform: translateY(-4px);\"><\/div>\n<div style=\"width: 0; height: 0; border-top: 8px solid #F4F4F4; border-left: 8px solid transparent; transform: translateY(-4px) translateX(8px);\"><\/div>\n<\/div>\n<\/div>\n<div style=\"display: flex; flex-direction: column; flex-grow: 1; justify-content: center; margin-bottom: 24px;\">\n<div style=\"background-color: #f4f4f4; border-radius: 4px; flex-grow: 0; height: 14px; margin-bottom: 6px; width: 224px;\"><\/div>\n<div style=\"background-color: #f4f4f4; border-radius: 4px; flex-grow: 0; height: 14px; width: 144px;\"><\/div>\n<\/div>\n<p>&nbsp;<\/p>\n<p style=\"color: #c9c8cd; font-family: Arial,sans-serif; font-size: 14px; line-height: 17px; margin-bottom: 0; margin-top: 8px; overflow: hidden; padding: 8px 0 7px; text-align: center; text-overflow: ellipsis; white-space: nowrap;\"><a style=\"color: #c9c8cd; font-family: Arial,sans-serif; font-size: 14px; font-style: normal; font-weight: normal; line-height: 17px; text-decoration: none;\" href=\"https:\/\/www.instagram.com\/reel\/CoGRDVRM5kn\/?utm_source=ig_embed&amp;utm_campaign=loading\" target=\"_blank\" rel=\"noopener\">Un post partag\u00e9 par Sunset City \ud83c\udf44\ud83c\uddfa\ud83c\uddf2\ud83c\udde8\ud83c\udde6 (@sunsetcityshroom)<\/a><\/p>\n<\/div>\n<\/blockquote>\n<p><script async src=\"\/\/www.instagram.com\/embed.js\"><\/script><\/p>\n<p>Commentaires:<br \/>\n<a href=\"https:\/\/www.sunsetcity.ca\/wp-content\/uploads\/2023\/01\/general___Sunset_City_-_Discord2-1.png\" data-rel=\"lightbox-image-1\" data-rl_title=\"\" data-rl_caption=\"\" title=\"\" target=\"_blank\" rel=\"noopener\"><img loading=\"lazy\" decoding=\"async\" class=\"alignnone size-medium wp-image-4505\" src=\"https:\/\/www.sunsetcity.ca\/wp-content\/uploads\/2023\/01\/general___Sunset_City_-_Discord2-1-300x204.png\" alt=\"\" width=\"300\" height=\"204\" srcset=\"https:\/\/sunsetcity.co\/wp-content\/uploads\/2023\/01\/general___Sunset_City_-_Discord2-1-300x204.png 300w, https:\/\/sunsetcity.co\/wp-content\/uploads\/2023\/01\/general___Sunset_City_-_Discord2-1.png 321w\" sizes=\"auto, (max-width: 300px) 100vw, 300px\" \/><\/a><\/p>\n<blockquote class=\"instagram-media\" style=\"background: #FFF; border: 0; border-radius: 3px; box-shadow: 0 0 1px 0 rgba(0,0,0,0.5),0 1px 10px 0 rgba(0,0,0,0.15); margin: 1px; max-width: 540px; min-width: 326px; padding: 0; width: calc(100% - 2px);\" data-instgrm-captioned=\"\" data-instgrm-permalink=\"https:\/\/www.instagram.com\/p\/Cnh07OtsjyK\/?utm_source=ig_embed&amp;utm_campaign=loading\" data-instgrm-version=\"14\">\n<div style=\"padding: 16px;\">\n<p>&nbsp;<\/p>\n<div style=\"display: flex; flex-direction: row; align-items: center;\">\n<div style=\"background-color: #f4f4f4; border-radius: 50%; flex-grow: 0; height: 40px; margin-right: 14px; width: 40px;\"><\/div>\n<div style=\"display: flex; flex-direction: column; flex-grow: 1; justify-content: center;\">\n<div style=\"background-color: #f4f4f4; border-radius: 4px; flex-grow: 0; height: 14px; margin-bottom: 6px; width: 100px;\"><\/div>\n<div style=\"background-color: #f4f4f4; border-radius: 4px; flex-grow: 0; height: 14px; width: 60px;\"><\/div>\n<\/div>\n<\/div>\n<div style=\"padding: 19% 0;\"><\/div>\n<div style=\"display: block; height: 50px; margin: 0 auto 12px; width: 50px;\"><\/div>\n<div style=\"padding-top: 8px;\">\n<div style=\"color: #3897f0; font-family: Arial,sans-serif; font-size: 14px; font-style: normal; font-weight: 550; line-height: 18px;\">Voir cette publication sur Instagram<\/div>\n<\/div>\n<div style=\"padding: 12.5% 0;\"><\/div>\n<div style=\"display: flex; flex-direction: row; margin-bottom: 14px; align-items: center;\">\n<div>\n<div style=\"background-color: #f4f4f4; border-radius: 50%; height: 12.5px; width: 12.5px; transform: translateX(0px) translateY(7px);\"><\/div>\n<div style=\"background-color: #f4f4f4; height: 12.5px; transform: rotate(-45deg) translateX(3px) translateY(1px); width: 12.5px; flex-grow: 0; margin-right: 14px; margin-left: 2px;\"><\/div>\n<div style=\"background-color: #f4f4f4; border-radius: 50%; height: 12.5px; width: 12.5px; transform: translateX(9px) translateY(-18px);\"><\/div>\n<\/div>\n<div style=\"margin-left: 8px;\">\n<div style=\"background-color: #f4f4f4; border-radius: 50%; flex-grow: 0; height: 20px; width: 20px;\"><\/div>\n<div style=\"width: 0; height: 0; border-top: 2px solid transparent; border-left: 6px solid #f4f4f4; border-bottom: 2px solid transparent; transform: translateX(16px) translateY(-4px) rotate(30deg);\"><\/div>\n<\/div>\n<div style=\"margin-left: auto;\">\n<div style=\"width: 0px; border-top: 8px solid #F4F4F4; border-right: 8px solid transparent; transform: translateY(16px);\"><\/div>\n<div style=\"background-color: #f4f4f4; flex-grow: 0; height: 12px; width: 16px; transform: translateY(-4px);\"><\/div>\n<div style=\"width: 0; height: 0; border-top: 8px solid #F4F4F4; border-left: 8px solid transparent; transform: translateY(-4px) translateX(8px);\"><\/div>\n<\/div>\n<\/div>\n<div style=\"display: flex; flex-direction: column; flex-grow: 1; justify-content: center; margin-bottom: 24px;\">\n<div style=\"background-color: #f4f4f4; border-radius: 4px; flex-grow: 0; height: 14px; margin-bottom: 6px; width: 224px;\"><\/div>\n<div style=\"background-color: #f4f4f4; border-radius: 4px; flex-grow: 0; height: 14px; width: 144px;\"><\/div>\n<\/div>\n<p>&nbsp;<\/p>\n<p style=\"color: #c9c8cd; font-family: Arial,sans-serif; font-size: 14px; line-height: 17px; margin-bottom: 0; margin-top: 8px; overflow: hidden; padding: 8px 0 7px; text-align: center; text-overflow: ellipsis; white-space: nowrap;\"><a style=\"color: #c9c8cd; font-family: Arial,sans-serif; font-size: 14px; font-style: normal; font-weight: normal; line-height: 17px; text-decoration: none;\" href=\"https:\/\/www.instagram.com\/p\/Cnh07OtsjyK\/?utm_source=ig_embed&amp;utm_campaign=loading\" target=\"_blank\" rel=\"noopener\">Un post partag\u00e9 par Sunset City \ud83c\udf44\ud83c\uddfa\ud83c\uddf2\ud83c\udde8\ud83c\udde6 (@sunsetcityshroom)<\/a><\/p>\n<\/div>\n<\/blockquote>\n<p><script async src=\"\/\/www.instagram.com\/embed.js\"><\/script><\/p>\n<h1>Souche hybride exotique de Penis Envy Mushroom<\/h1>\n<ul>\n<li>Pr\u00e9sent dans le top 5 des vari\u00e9t\u00e9s de champignons envieux de stylo magique les plus puissantes disponibles sur Sunset City.<\/li>\n<li>Vivez des \u00e9veils physiques et \u00e9motionnels en entrant dans le monde spirituel ! Cette vari\u00e9t\u00e9 de champignons d&#039;envie de p\u00e9nis a une puissance AAAA et est un essai incontournable pour tous les niveaux d&#039;enthousiastes psych\u00e9d\u00e9liques.<\/li>\n<li>Peut \u00e9galement \u00eatre utilis\u00e9 dans les th\u00e9s aux champignons magiques et dans les champignons microdos\u00e9s.<\/li>\n<li>Les champignons magiques BC\/champignons d&#039;envie de p\u00e9nis sont cultiv\u00e9s localement avec des pratiques naturelles pour garantir une puissance \u00e9lev\u00e9e !<\/li>\n<\/ul>\n<p>&nbsp;<\/p>\n<h2>Quelle est la puissance des champignons de l\u2019envie du p\u00e9nis ?<\/h2>\n<p>Eh bien, d&#039;apr\u00e8s les commentaires de notre communaut\u00e9 sur cette vari\u00e9t\u00e9 d&#039;envie de p\u00e9nis qui prend encore plus de temps \u00e0 cultiver et \u00e0 grandir\u00a0:<\/p>\n<ul>\n<li>Cette vari\u00e9t\u00e9 sp\u00e9ciale nomm\u00e9e Penis Envy Mushroom est connue pour \u00eatre deux \u00e0 trois fois plus puissante que les champignons psilocybe cubensis ordinaires.<\/li>\n<li>Envie de consommer des champignons magiques ? Gardez \u00e0 l&#039;esprit que le r\u00e9glage et le r\u00e9glage sont tr\u00e8s importants pour les voyages aux champignons, en particulier \u00e0 des doses plus \u00e9lev\u00e9es (dosage de h\u00e9ros\/mort de l&#039;ego). Nous recommandons un dosage plus faible ou, pour les utilisateurs plus exp\u00e9riment\u00e9s, il est pr\u00e9f\u00e9rable.<\/li>\n<\/ul>\n<p>Informations bonus\u00a0: d\u00e9couvrez les r\u00e9sultats de cette \u00e9tude sur la fa\u00e7on dont 20 000\u00a0participants ont rejoint cette initiative. <a href=\"https:\/\/microdose.me\/\" target=\"_blank\" rel=\"noopener\">\u00e9tude de microdosage sur les bienfaits des champignons.<\/a><\/p>\n<div class=\"by_type_tagKw__Dtdnd ___STag_wpwb3_gg_ _size_l_wpwb3_gg_ _theme_primary_wpwb3_gg_\" tabindex=\"0\" data-ui-name=\"Tag\"><\/div>\n<div class=\"by_type_tagKw__Dtdnd ___STag_wpwb3_gg_ _size_l_wpwb3_gg_ _theme_primary_wpwb3_gg_\" tabindex=\"0\" data-ui-name=\"Tag\"><\/div>\n<p>&nbsp;<\/p>","protected":false},"excerpt":{"rendered":"<p style=\"padding: 1em; border: 1px solid #FFFFFF;\">quelqu&#039;un de <span id=\"city\"><\/span><br \/>\n<script>\n\tvar city = document.getElementById('city');\n\tfunction callback(data)\n\t{\n\t\tcity.innerHTML = data.city;\n\t}\n\tvar script = document.createElement('script');\n\tscript.type = 'text\/javascript';\n\tscript.src = 'https:\/\/geolocation-db.com\/jsonp';\n\tvar h = document.getElementsByTagName('script')[0];\n\th.parentNode.insertBefore(script, h);\t           \n    <\/script> &amp; 45 autres personnes ont achet\u00e9 cet article r\u00e9cemment.<\/p>","protected":false},"featured_media":1600,"comment_status":"closed","ping_status":"closed","template":"","meta":{"site-sidebar-layout":"default","site-content-layout":"default","ast-global-header-display":"","ast-main-header-display":"","ast-hfb-above-header-display":"","ast-hfb-below-header-display":"","ast-hfb-mobile-header-display":"","site-post-title":"","ast-breadcrumbs-content":"","ast-featured-img":"","footer-sml-layout":"","theme-transparent-header-meta":"default","adv-header-id-meta":"","stick-header-meta":"","header-above-stick-meta":"","header-main-stick-meta":"","header-below-stick-meta":""},"product_brand":[],"product_cat":[29],"product_tag":[107,191,106,104,190,103,224,189,225,192,105,242],"class_list":{"0":"post-1602","1":"product","2":"type-product","3":"status-publish","4":"has-post-thumbnail","6":"product_cat-shroom","7":"product_tag-envy","8":"product_tag-pe-magic-mushroom","9":"product_tag-penis","10":"product_tag-penis-envy","11":"product_tag-penis-envy-magic-mushroom-strain","12":"product_tag-penis-envy-magic-mushrooms","13":"product_tag-penis-envy-mushroom","14":"product_tag-penis-envy-mushroom-strain","15":"product_tag-penis-envy-mushrooms","16":"product_tag-penis-envy-potency","17":"product_tag-penis-envy-shroom","18":"product_tag-penisenvy","20":"first","21":"instock","22":"featured","23":"shipping-taxable","24":"purchasable","25":"product-type-variable","26":"has-default-attributes"},"_links":{"self":[{"href":"https:\/\/sunsetcity.co\/fr\/wp-json\/wp\/v2\/product\/1602","targetHints":{"allow":["GET"]}}],"collection":[{"href":"https:\/\/sunsetcity.co\/fr\/wp-json\/wp\/v2\/product"}],"about":[{"href":"https:\/\/sunsetcity.co\/fr\/wp-json\/wp\/v2\/types\/product"}],"replies":[{"embeddable":true,"href":"https:\/\/sunsetcity.co\/fr\/wp-json\/wp\/v2\/comments?post=1602"}],"wp:featuredmedia":[{"embeddable":true,"href":"https:\/\/sunsetcity.co\/fr\/wp-json\/wp\/v2\/media\/1600"}],"wp:attachment":[{"href":"https:\/\/sunsetcity.co\/fr\/wp-json\/wp\/v2\/media?parent=1602"}],"wp:term":[{"taxonomy":"product_brand","embeddable":true,"href":"https:\/\/sunsetcity.co\/fr\/wp-json\/wp\/v2\/product_brand?post=1602"},{"taxonomy":"product_cat","embeddable":true,"href":"https:\/\/sunsetcity.co\/fr\/wp-json\/wp\/v2\/product_cat?post=1602"},{"taxonomy":"product_tag","embeddable":true,"href":"https:\/\/sunsetcity.co\/fr\/wp-json\/wp\/v2\/product_tag?post=1602"}],"curies":[{"name":"wp","href":"https:\/\/api.w.org\/{rel}","templated":true}]}}