{"id":1607,"date":"2022-02-01T22:17:57","date_gmt":"2022-02-02T05:17:57","guid":{"rendered":"https:\/\/www.sunsetcity.ca\/?post_type=product&#038;p=1607"},"modified":"2024-05-30T17:19:29","modified_gmt":"2024-05-31T00:19:29","slug":"albino-penis-envy","status":"publish","type":"product","link":"https:\/\/sunsetcity.co\/fr\/produit\/envie-de-penis-albinos\/","title":{"rendered":"Envie de p\u00e9nis albinos"},"content":{"rendered":"<p>Une vari\u00e9t\u00e9 sp\u00e9ciale nomm\u00e9e Albino (White) Penis Envy, connue pour \u00eatre trois fois plus puissante que les champignons cubensis ordinaires. Un dosage plus faible ou pour les utilisateurs plus exp\u00e9riment\u00e9s est pr\u00e9f\u00e9rable. Il peut \u00e9galement \u00eatre utilis\u00e9 dans les th\u00e9s aux champignons magiques et en microdose. Les champignons magiques de la Colombie-Britannique sont cultiv\u00e9s localement avec des pratiques naturelles pour garantir une puissance \u00e9lev\u00e9e\u00a0!<\/p>","protected":false},"excerpt":{"rendered":"<p>Une vari\u00e9t\u00e9 sp\u00e9ciale nomm\u00e9e Albino (White) Penis Envy, connue pour \u00eatre trois fois plus puissante que les champignons cubensis ordinaires. Un dosage plus faible ou pour les utilisateurs plus exp\u00e9riment\u00e9s est pr\u00e9f\u00e9rable. Il peut \u00e9galement \u00eatre utilis\u00e9 dans les th\u00e9s aux champignons magiques et en microdose. Les champignons magiques de la Colombie-Britannique sont cultiv\u00e9s localement avec des pratiques naturelles pour garantir une puissance \u00e9lev\u00e9e\u00a0!<\/p>","protected":false},"featured_media":1601,"comment_status":"open","ping_status":"closed","template":"","meta":{"site-sidebar-layout":"default","site-content-layout":"default","ast-global-header-display":"","ast-main-header-display":"","ast-hfb-above-header-display":"","ast-hfb-below-header-display":"","ast-hfb-mobile-header-display":"","site-post-title":"","ast-breadcrumbs-content":"","ast-featured-img":"","footer-sml-layout":"","theme-transparent-header-meta":"default","adv-header-id-meta":"","stick-header-meta":"","header-above-stick-meta":"","header-main-stick-meta":"","header-below-stick-meta":""},"product_brand":[],"product_cat":[29],"product_tag":[206,208,209,207],"class_list":{"0":"post-1607","1":"product","2":"type-product","3":"status-publish","4":"has-post-thumbnail","6":"product_cat-shroom","7":"product_tag-albino-penis-envy-strain","8":"product_tag-ape-magic-mushroom","9":"product_tag-ape-shroom","10":"product_tag-ape-strain","12":"first","13":"outofstock","14":"featured","15":"shipping-taxable","16":"purchasable","17":"product-type-variable","18":"has-default-attributes"},"_links":{"self":[{"href":"https:\/\/sunsetcity.co\/fr\/wp-json\/wp\/v2\/product\/1607","targetHints":{"allow":["GET"]}}],"collection":[{"href":"https:\/\/sunsetcity.co\/fr\/wp-json\/wp\/v2\/product"}],"about":[{"href":"https:\/\/sunsetcity.co\/fr\/wp-json\/wp\/v2\/types\/product"}],"replies":[{"embeddable":true,"href":"https:\/\/sunsetcity.co\/fr\/wp-json\/wp\/v2\/comments?post=1607"}],"wp:featuredmedia":[{"embeddable":true,"href":"https:\/\/sunsetcity.co\/fr\/wp-json\/wp\/v2\/media\/1601"}],"wp:attachment":[{"href":"https:\/\/sunsetcity.co\/fr\/wp-json\/wp\/v2\/media?parent=1607"}],"wp:term":[{"taxonomy":"product_brand","embeddable":true,"href":"https:\/\/sunsetcity.co\/fr\/wp-json\/wp\/v2\/product_brand?post=1607"},{"taxonomy":"product_cat","embeddable":true,"href":"https:\/\/sunsetcity.co\/fr\/wp-json\/wp\/v2\/product_cat?post=1607"},{"taxonomy":"product_tag","embeddable":true,"href":"https:\/\/sunsetcity.co\/fr\/wp-json\/wp\/v2\/product_tag?post=1607"}],"curies":[{"name":"wp","href":"https:\/\/api.w.org\/{rel}","templated":true}]}}