{"id":1794,"date":"2022-02-12T21:12:46","date_gmt":"2022-02-13T04:12:46","guid":{"rendered":"https:\/\/www.sunsetcity.ca\/?post_type=product&#038;p=1794"},"modified":"2022-07-06T00:17:51","modified_gmt":"2022-07-06T07:17:51","slug":"relax-turmeric-coconut-latte-organic","status":"publish","type":"product","link":"https:\/\/sunsetcity.co\/fr\/produit\/relax-curcuma-coco-latte-bio\/","title":{"rendered":"Latte relaxant au curcuma et \u00e0 la noix de coco (biologique)"},"content":{"rendered":"<p>Mode d&#039;emploi : M\u00e9langer 1 cuill\u00e8re \u00e0 soupe de m\u00e9lange \/ 1 tasse d&#039;eau<br \/>\nAjoutez un peu de lait si vous pr\u00e9f\u00e9rez un go\u00fbt cr\u00e9meux<\/p>\n<p>Ingr\u00e9dients : Champignons psilocybine*, Lait de coco en poudre biologique (noix de coco*, maltodextrine de tapioca), Curcuma biologique (curcuma*, cannelle vraie*, gingembre*, clou de girofle*, poivre noir*, Cardamome*).<br \/>\n* = Biologique<\/p>\n<p>1,1 g de champignons magiques \/ 1 cuill\u00e8re \u00e0 soupe de m\u00e9lange<\/p>","protected":false},"excerpt":{"rendered":"<p>Mode d&#039;emploi : M\u00e9langer 1 cuill\u00e8re \u00e0 soupe de m\u00e9lange \/ 1 tasse d&#039;eau<br \/>\nAjoutez un peu de lait si vous pr\u00e9f\u00e9rez un go\u00fbt cr\u00e9meux<\/p>\n<p>Ingr\u00e9dients : Champignons psilocybine*, Lait de coco en poudre biologique (noix de coco*, maltodextrine de tapioca), Curcuma biologique (curcuma*, cannelle vraie*, gingembre*, clou de girofle*, poivre noir*, Cardamome*).<br \/>\n* = Biologique<\/p>\n<p>1,1 g de champignons magiques \/ 1 cuill\u00e8re \u00e0 soupe de m\u00e9lange<\/p>","protected":false},"featured_media":1800,"comment_status":"closed","ping_status":"closed","template":"","meta":{"site-sidebar-layout":"default","site-content-layout":"default","ast-global-header-display":"","ast-main-header-display":"","ast-hfb-above-header-display":"","ast-hfb-below-header-display":"","ast-hfb-mobile-header-display":"","site-post-title":"","ast-breadcrumbs-content":"","ast-featured-img":"","footer-sml-layout":"","theme-transparent-header-meta":"default","adv-header-id-meta":"","stick-header-meta":"","header-above-stick-meta":"","header-main-stick-meta":"","header-below-stick-meta":""},"product_brand":[],"product_cat":[109],"product_tag":[98,37,97,99,62],"class_list":{"0":"post-1794","1":"product","2":"type-product","3":"status-publish","4":"has-post-thumbnail","6":"product_cat-magic-mixes","7":"product_tag-latte","8":"product_tag-magic-mushroom","9":"product_tag-magic-mushroom-latte","10":"product_tag-psilocybin","11":"product_tag-psychedelic","13":"first","14":"outofstock","15":"shipping-taxable","16":"purchasable","17":"product-type-variable"},"_links":{"self":[{"href":"https:\/\/sunsetcity.co\/fr\/wp-json\/wp\/v2\/product\/1794","targetHints":{"allow":["GET"]}}],"collection":[{"href":"https:\/\/sunsetcity.co\/fr\/wp-json\/wp\/v2\/product"}],"about":[{"href":"https:\/\/sunsetcity.co\/fr\/wp-json\/wp\/v2\/types\/product"}],"replies":[{"embeddable":true,"href":"https:\/\/sunsetcity.co\/fr\/wp-json\/wp\/v2\/comments?post=1794"}],"wp:featuredmedia":[{"embeddable":true,"href":"https:\/\/sunsetcity.co\/fr\/wp-json\/wp\/v2\/media\/1800"}],"wp:attachment":[{"href":"https:\/\/sunsetcity.co\/fr\/wp-json\/wp\/v2\/media?parent=1794"}],"wp:term":[{"taxonomy":"product_brand","embeddable":true,"href":"https:\/\/sunsetcity.co\/fr\/wp-json\/wp\/v2\/product_brand?post=1794"},{"taxonomy":"product_cat","embeddable":true,"href":"https:\/\/sunsetcity.co\/fr\/wp-json\/wp\/v2\/product_cat?post=1794"},{"taxonomy":"product_tag","embeddable":true,"href":"https:\/\/sunsetcity.co\/fr\/wp-json\/wp\/v2\/product_tag?post=1794"}],"curies":[{"name":"wp","href":"https:\/\/api.w.org\/{rel}","templated":true}]}}