{"id":1806,"date":"2022-02-13T15:23:48","date_gmt":"2022-02-13T22:23:48","guid":{"rendered":"https:\/\/www.sunsetcity.ca\/?post_type=product&#038;p=1806"},"modified":"2025-01-24T12:02:50","modified_gmt":"2025-01-24T19:02:50","slug":"relax-hot-chocolate-mushroom-mix-organic","status":"publish","type":"product","link":"https:\/\/sunsetcity.co\/fr\/produit\/melange-de-champignons-au-chocolat-chaud-relax-bio\/","title":{"rendered":"M\u00e9lange de Chocolat Chaud Relaxant (Bio)"},"content":{"rendered":"<p>Commencez votre chemin vers une vie sans stress avec une tasse de chocolat aux champignons magiques. Si vous voulez savoir comment pr\u00e9parer du chocolat aux champignons magiques tout en microdosant, ce chocolat aux champignons est d\u00e9finitivement la voie \u00e0 suivre. Vous serez initi\u00e9 \u00e0 une exp\u00e9rience gustative qui \u00e9l\u00e8ve votre humeur et vous soulage du stress. Voir <a href=\"https:\/\/www.sunsetcity.ca\/tabs-sex-chocolate-honest-review\/\" target=\"_blank\" rel=\"noopener\">Tablettes de chocolat<\/a> Consultez notre revue si vous souhaitez en savoir plus sur un excellent produit \u00e0 base de chocolat.<\/p>\n<p>\u2022 Livr\u00e9 avec 1,1 g de champignons magiques \/ 3 cuill\u00e8res \u00e0 soupe de m\u00e9lange<br \/>\n\u2022 Des effets stimulants sur l&#039;humeur, parfaits pour les personnes souffrant de d\u00e9pression et d&#039;anxi\u00e9t\u00e9 \u00e9lev\u00e9e.<br \/>\n\u2022 Ingr\u00e9dients biologiques sans produits chimiques ajout\u00e9s<br \/>\n\u2022 Fabriqu\u00e9 \u00e0 partir de fermes cultiv\u00e9es localement sans produits chimiques ajout\u00e9s <\/p>\n<p>Apaisez votre esprit avec une tasse chaude de m\u00e9lange de champignons au chocolat chaud relaxant et commandez le v\u00f4tre d\u00e8s aujourd&#039;hui\u00a0!<\/p>\n<p>Mode d&#039;emploi : M\u00e9langer 3 cuill\u00e8res \u00e0 soupe de m\u00e9lange \/ 1 tasse d&#039;eau<br \/>\nAjoutez un peu de lait si vous pr\u00e9f\u00e9rez un go\u00fbt cr\u00e9meux<\/p>\n<p>Ingr\u00e9dients : Champignons \u00e0 psilocybine*, Sucre* (sucre de canne dor\u00e9*), Cacao en poudre*, Lait \u00e9cr\u00e9m\u00e9 en poudre, Gomme de guar, Sel marin, Gomme de caroube, Poudre de vanille. * = bio<br \/>\n1,1 g de champignons magiques \/ 3 cuill\u00e8res \u00e0 soupe de m\u00e9lange<\/p>","protected":false},"excerpt":{"rendered":"<p>Commencez votre chemin vers une vie sans stress avec une tasse de chocolat aux champignons magiques. Si vous souhaitez apprendre \u00e0 pr\u00e9parer du chocolat aux champignons magiques en microdosant, ce chocolat aux champignons est la solution id\u00e9ale. Vous d\u00e9couvrirez une exp\u00e9rience gustative qui vous remontera le moral et vous soulagera du stress. Voir les tablettes de chocolat\u2026<\/p>\n<p class=\"read-more\"> <a class=\"\" href=\"https:\/\/sunsetcity.co\/fr\/produit\/melange-de-champignons-au-chocolat-chaud-relax-bio\/\"> <span class=\"screen-reader-text\">M\u00e9lange de Chocolat Chaud Relaxant (Bio)<\/span> Lire la suite \u00bb<\/a><\/p>","protected":false},"featured_media":1811,"comment_status":"closed","ping_status":"closed","template":"","meta":{"site-sidebar-layout":"default","site-content-layout":"default","ast-global-header-display":"","ast-main-header-display":"","ast-hfb-above-header-display":"","ast-hfb-below-header-display":"","ast-hfb-mobile-header-display":"","site-post-title":"","ast-breadcrumbs-content":"","ast-featured-img":"","footer-sml-layout":"","theme-transparent-header-meta":"default","adv-header-id-meta":"","stick-header-meta":"","header-above-stick-meta":"","header-main-stick-meta":"","header-below-stick-meta":""},"product_brand":[],"product_cat":[109],"product_tag":[100,102,101,98,37,97,99,62],"class_list":{"0":"post-1806","1":"product","2":"type-product","3":"status-publish","4":"has-post-thumbnail","6":"product_cat-magic-mixes","7":"product_tag-chocolate-shrooms","8":"product_tag-cocoa-shrooms","9":"product_tag-hot-chocolate-shrooms","10":"product_tag-latte","11":"product_tag-magic-mushroom","12":"product_tag-magic-mushroom-latte","13":"product_tag-psilocybin","14":"product_tag-psychedelic","16":"first","17":"instock","18":"shipping-taxable","19":"purchasable","20":"product-type-variable"},"_links":{"self":[{"href":"https:\/\/sunsetcity.co\/fr\/wp-json\/wp\/v2\/product\/1806","targetHints":{"allow":["GET"]}}],"collection":[{"href":"https:\/\/sunsetcity.co\/fr\/wp-json\/wp\/v2\/product"}],"about":[{"href":"https:\/\/sunsetcity.co\/fr\/wp-json\/wp\/v2\/types\/product"}],"replies":[{"embeddable":true,"href":"https:\/\/sunsetcity.co\/fr\/wp-json\/wp\/v2\/comments?post=1806"}],"wp:featuredmedia":[{"embeddable":true,"href":"https:\/\/sunsetcity.co\/fr\/wp-json\/wp\/v2\/media\/1811"}],"wp:attachment":[{"href":"https:\/\/sunsetcity.co\/fr\/wp-json\/wp\/v2\/media?parent=1806"}],"wp:term":[{"taxonomy":"product_brand","embeddable":true,"href":"https:\/\/sunsetcity.co\/fr\/wp-json\/wp\/v2\/product_brand?post=1806"},{"taxonomy":"product_cat","embeddable":true,"href":"https:\/\/sunsetcity.co\/fr\/wp-json\/wp\/v2\/product_cat?post=1806"},{"taxonomy":"product_tag","embeddable":true,"href":"https:\/\/sunsetcity.co\/fr\/wp-json\/wp\/v2\/product_tag?post=1806"}],"curies":[{"name":"wp","href":"https:\/\/api.w.org\/{rel}","templated":true}]}}