{"id":1821,"date":"2022-02-14T00:58:12","date_gmt":"2022-02-14T07:58:12","guid":{"rendered":"https:\/\/www.sunsetcity.ca\/?post_type=product&#038;p=1821"},"modified":"2022-11-01T11:11:22","modified_gmt":"2022-11-01T18:11:22","slug":"mazatapec-2","status":"publish","type":"product","link":"https:\/\/sunsetcity.co\/fr\/produit\/mazatapec-2\/","title":{"rendered":"Mazatapec"},"content":{"rendered":"<p>L\u2019avantage des champignons magiques Maza est qu\u2019ils sont parfaits aussi bien pour les psychonautes d\u00e9butants que avanc\u00e9s. C&#039;est ce qui a fait de Maza Magic Mushrooms l&#039;une des vari\u00e9t\u00e9s de champignons magiques les plus populaires.<\/p>","protected":false},"excerpt":{"rendered":"<p>Champignons Magiques Maza \u2013 Cubensis<\/p>","protected":false},"featured_media":2967,"comment_status":"closed","ping_status":"closed","template":"","meta":{"site-sidebar-layout":"no-sidebar","site-content-layout":"boxed-container","ast-global-header-display":"","ast-main-header-display":"","ast-hfb-above-header-display":"","ast-hfb-below-header-display":"","ast-hfb-mobile-header-display":"","site-post-title":"","ast-breadcrumbs-content":"","ast-featured-img":"","footer-sml-layout":"","theme-transparent-header-meta":"default","adv-header-id-meta":"","stick-header-meta":"","header-above-stick-meta":"","header-main-stick-meta":"","header-below-stick-meta":""},"product_brand":[],"product_cat":[29],"product_tag":[193,195,198,194,196,197],"class_list":{"0":"post-1821","1":"product","2":"type-product","3":"status-publish","4":"has-post-thumbnail","6":"product_cat-shroom","7":"product_tag-maza","8":"product_tag-maza-magic-mushroom-strain","9":"product_tag-maza-mushroom","10":"product_tag-mazatapec","11":"product_tag-mazatapec-magic-mushroom-strain","12":"product_tag-mazatapec-shroom","14":"first","15":"outofstock","16":"shipping-taxable","17":"purchasable","18":"product-type-variable"},"_links":{"self":[{"href":"https:\/\/sunsetcity.co\/fr\/wp-json\/wp\/v2\/product\/1821","targetHints":{"allow":["GET"]}}],"collection":[{"href":"https:\/\/sunsetcity.co\/fr\/wp-json\/wp\/v2\/product"}],"about":[{"href":"https:\/\/sunsetcity.co\/fr\/wp-json\/wp\/v2\/types\/product"}],"replies":[{"embeddable":true,"href":"https:\/\/sunsetcity.co\/fr\/wp-json\/wp\/v2\/comments?post=1821"}],"wp:featuredmedia":[{"embeddable":true,"href":"https:\/\/sunsetcity.co\/fr\/wp-json\/wp\/v2\/media\/2967"}],"wp:attachment":[{"href":"https:\/\/sunsetcity.co\/fr\/wp-json\/wp\/v2\/media?parent=1821"}],"wp:term":[{"taxonomy":"product_brand","embeddable":true,"href":"https:\/\/sunsetcity.co\/fr\/wp-json\/wp\/v2\/product_brand?post=1821"},{"taxonomy":"product_cat","embeddable":true,"href":"https:\/\/sunsetcity.co\/fr\/wp-json\/wp\/v2\/product_cat?post=1821"},{"taxonomy":"product_tag","embeddable":true,"href":"https:\/\/sunsetcity.co\/fr\/wp-json\/wp\/v2\/product_tag?post=1821"}],"curies":[{"name":"wp","href":"https:\/\/api.w.org\/{rel}","templated":true}]}}