{"id":1831,"date":"2022-02-14T01:28:24","date_gmt":"2022-02-14T08:28:24","guid":{"rendered":"https:\/\/www.sunsetcity.ca\/?post_type=product&#038;p=1831"},"modified":"2022-10-11T09:53:19","modified_gmt":"2022-10-11T16:53:19","slug":"z-strain","status":"publish","type":"product","link":"https:\/\/sunsetcity.co\/fr\/produit\/souche-z\/","title":{"rendered":"Souche Z"},"content":{"rendered":"<p>L\u2019avantage des vari\u00e9t\u00e9s Z est qu\u2019elles sont parfaites aussi bien pour les psychonautes d\u00e9butants que avanc\u00e9s. C&#039;est ce qui a fait de Maza Magic Mushrooms l&#039;une des vari\u00e9t\u00e9s de champignons magiques les plus populaires.<\/p>","protected":false},"excerpt":{"rendered":"<p>Champignons magiques de souche Z \u2013 Cubensis<\/p>","protected":false},"featured_media":2970,"comment_status":"closed","ping_status":"closed","template":"","meta":{"site-sidebar-layout":"no-sidebar","site-content-layout":"boxed-container","ast-global-header-display":"","ast-main-header-display":"","ast-hfb-above-header-display":"","ast-hfb-below-header-display":"","ast-hfb-mobile-header-display":"","site-post-title":"","ast-breadcrumbs-content":"","ast-featured-img":"","footer-sml-layout":"","theme-transparent-header-meta":"default","adv-header-id-meta":"","stick-header-meta":"","header-above-stick-meta":"","header-main-stick-meta":"","header-below-stick-meta":""},"product_brand":[],"product_cat":[29],"product_tag":[199,200,202,201],"class_list":{"0":"post-1831","1":"product","2":"type-product","3":"status-publish","4":"has-post-thumbnail","6":"product_cat-shroom","7":"product_tag-z-strain","8":"product_tag-z-strain-magic-mushroom","9":"product_tag-z-strain-mushroom","10":"product_tag-z-strain-shroom","12":"first","13":"outofstock","14":"shipping-taxable","15":"purchasable","16":"product-type-variable"},"_links":{"self":[{"href":"https:\/\/sunsetcity.co\/fr\/wp-json\/wp\/v2\/product\/1831","targetHints":{"allow":["GET"]}}],"collection":[{"href":"https:\/\/sunsetcity.co\/fr\/wp-json\/wp\/v2\/product"}],"about":[{"href":"https:\/\/sunsetcity.co\/fr\/wp-json\/wp\/v2\/types\/product"}],"replies":[{"embeddable":true,"href":"https:\/\/sunsetcity.co\/fr\/wp-json\/wp\/v2\/comments?post=1831"}],"wp:featuredmedia":[{"embeddable":true,"href":"https:\/\/sunsetcity.co\/fr\/wp-json\/wp\/v2\/media\/2970"}],"wp:attachment":[{"href":"https:\/\/sunsetcity.co\/fr\/wp-json\/wp\/v2\/media?parent=1831"}],"wp:term":[{"taxonomy":"product_brand","embeddable":true,"href":"https:\/\/sunsetcity.co\/fr\/wp-json\/wp\/v2\/product_brand?post=1831"},{"taxonomy":"product_cat","embeddable":true,"href":"https:\/\/sunsetcity.co\/fr\/wp-json\/wp\/v2\/product_cat?post=1831"},{"taxonomy":"product_tag","embeddable":true,"href":"https:\/\/sunsetcity.co\/fr\/wp-json\/wp\/v2\/product_tag?post=1831"}],"curies":[{"name":"wp","href":"https:\/\/api.w.org\/{rel}","templated":true}]}}