{"id":1968,"date":"2022-02-19T22:44:59","date_gmt":"2022-02-20T05:44:59","guid":{"rendered":"https:\/\/www.sunsetcity.ca\/?post_type=product&#038;p=1968"},"modified":"2022-09-14T21:01:04","modified_gmt":"2022-09-15T04:01:04","slug":"zen-mushroom-jello-mix","status":"publish","type":"product","link":"https:\/\/sunsetcity.co\/fr\/produit\/melange-de-gelee-de-champignons-zen\/","title":{"rendered":"M\u00e9lange pour gel\u00e9e de champignons zen"},"content":{"rendered":"<p>Quantit\u00e9 \u2013 4 portions de m\u00e9lange<\/p>\n<p>Mode d&#039;emploi : M\u00e9langer 1 sachet de m\u00e9lange sec \/ 1 tasse d&#039;eau ti\u00e8de<br \/>\nMettre au r\u00e9frig\u00e9rateur 30 min.<\/p>\n<p>Ingr\u00e9dients : Champignons \u00e0 psilocybine*, Sucre* (sucre de canne dor\u00e9*), Cacao en poudre*, Lait \u00e9cr\u00e9m\u00e9 en poudre, Gomme de guar, Sel marin, Gomme de caroube, Poudre de vanille. * = bio<br \/>\n1,1 g de champignons magiques \/ portion<\/p>","protected":false},"excerpt":{"rendered":"<p>Quantit\u00e9 \u2013 4 portions de m\u00e9lange Instructions : M\u00e9langer 1 sachet de m\u00e9lange sec \/ 1 tasse d&#039;eau ti\u00e8de Mettre au r\u00e9frig\u00e9rateur pendant 30 minutes. Ingr\u00e9dients : Champignons \u00e0 psilocybine*, Sucre* (sucre de canne dor\u00e9*), Cacao en poudre*, Lait \u00e9cr\u00e9m\u00e9 en poudre, Gomme de guar, Sel marin, Gomme de caroube, Poudre de vanille. * = champignons magiques bio 1,1 g \/ portion<\/p>","protected":false},"featured_media":1971,"comment_status":"closed","ping_status":"closed","template":"","meta":{"site-sidebar-layout":"default","site-content-layout":"default","ast-global-header-display":"","ast-main-header-display":"","ast-hfb-above-header-display":"","ast-hfb-below-header-display":"","ast-hfb-mobile-header-display":"","site-post-title":"","ast-breadcrumbs-content":"","ast-featured-img":"","footer-sml-layout":"","theme-transparent-header-meta":"","adv-header-id-meta":"","stick-header-meta":"","header-above-stick-meta":"","header-main-stick-meta":"","header-below-stick-meta":""},"product_brand":[],"product_cat":[109],"product_tag":[100,102,101,98,37,97,99,62],"class_list":{"0":"post-1968","1":"product","2":"type-product","3":"status-publish","4":"has-post-thumbnail","6":"product_cat-magic-mixes","7":"product_tag-chocolate-shrooms","8":"product_tag-cocoa-shrooms","9":"product_tag-hot-chocolate-shrooms","10":"product_tag-latte","11":"product_tag-magic-mushroom","12":"product_tag-magic-mushroom-latte","13":"product_tag-psilocybin","14":"product_tag-psychedelic","16":"first","17":"outofstock","18":"shipping-taxable","19":"purchasable","20":"product-type-variable"},"_links":{"self":[{"href":"https:\/\/sunsetcity.co\/fr\/wp-json\/wp\/v2\/product\/1968","targetHints":{"allow":["GET"]}}],"collection":[{"href":"https:\/\/sunsetcity.co\/fr\/wp-json\/wp\/v2\/product"}],"about":[{"href":"https:\/\/sunsetcity.co\/fr\/wp-json\/wp\/v2\/types\/product"}],"replies":[{"embeddable":true,"href":"https:\/\/sunsetcity.co\/fr\/wp-json\/wp\/v2\/comments?post=1968"}],"wp:featuredmedia":[{"embeddable":true,"href":"https:\/\/sunsetcity.co\/fr\/wp-json\/wp\/v2\/media\/1971"}],"wp:attachment":[{"href":"https:\/\/sunsetcity.co\/fr\/wp-json\/wp\/v2\/media?parent=1968"}],"wp:term":[{"taxonomy":"product_brand","embeddable":true,"href":"https:\/\/sunsetcity.co\/fr\/wp-json\/wp\/v2\/product_brand?post=1968"},{"taxonomy":"product_cat","embeddable":true,"href":"https:\/\/sunsetcity.co\/fr\/wp-json\/wp\/v2\/product_cat?post=1968"},{"taxonomy":"product_tag","embeddable":true,"href":"https:\/\/sunsetcity.co\/fr\/wp-json\/wp\/v2\/product_tag?post=1968"}],"curies":[{"name":"wp","href":"https:\/\/api.w.org\/{rel}","templated":true}]}}