{"id":2531,"date":"2022-03-18T00:41:15","date_gmt":"2022-03-18T07:41:15","guid":{"rendered":"https:\/\/www.sunsetcity.ca\/?post_type=product&#038;p=2531"},"modified":"2024-03-09T17:17:16","modified_gmt":"2024-03-10T00:17:16","slug":"tmt-pure-microdose-capsules-made-in-vancouver","status":"publish","type":"product","link":"https:\/\/sunsetcity.co\/fr\/produit\/capsules-microdoses-pures-tmt-fabriquees-a-vancouver\/","title":{"rendered":"Capsules microdoses TMT \u2013 100% Psilocybine"},"content":{"rendered":"<p>Ingr\u00e9dients \u2013 Champignons psilocybine 100%. 250 mg par capsule<\/p>\n<p>Les capsules microdoses sont un excellent moyen de profiter des bienfaits de la psilocybine sans effets psych\u00e9d\u00e9liques forts. Le microdosage est un moyen incroyable de stimuler la cr\u00e9ativit\u00e9 et la pleine conscience tout en r\u00e9duisant l\u2019anxi\u00e9t\u00e9 et le stress. Prenez une capsule tous les 3 jours pour de meilleurs r\u00e9sultats. Disponible jusqu&#039;\u00e0 \u00e9puisement des stocks !<\/p>\n<p>Approvisionnement de 3 mois (40 g\u00e9lules) \u2013 bas\u00e9 sur la prise de 1 g\u00e9lule \/ 3 jours<br \/>\nApprovisionnement de 1 mois et demi (20 g\u00e9lules) \u2013 bas\u00e9 sur la prise de 1 g\u00e9lule \/ 3 jours<\/p>\n<p>Fabriqu\u00e9 avec amour et soin \u00e0 Vancouver, en Colombie-Britannique au Canada !<\/p>\n<p><a href=\"https:\/\/www.sunsetcity.ca\/wp-content\/uploads\/2022\/03\/Sunset-City-Ad-C-copy-2-min-scaled.jpg\" data-rel=\"lightbox-image-0\" data-rl_title=\"\" data-rl_caption=\"\" title=\"\" target=\"_blank\" rel=\"noopener\"><img loading=\"lazy\" decoding=\"async\" class=\"alignnone size-ultp_layout_square wp-image-6973\" src=\"https:\/\/www.sunsetcity.ca\/wp-content\/uploads\/2022\/03\/Sunset-City-Ad-C-copy-2-min-600x600.jpg\" alt=\"\" width=\"600\" height=\"600\" srcset=\"https:\/\/sunsetcity.co\/wp-content\/uploads\/2022\/03\/Sunset-City-Ad-C-copy-2-min-600x600.jpg 600w, https:\/\/sunsetcity.co\/wp-content\/uploads\/2022\/03\/Sunset-City-Ad-C-copy-2-min-300x300.jpg 300w, https:\/\/sunsetcity.co\/wp-content\/uploads\/2022\/03\/Sunset-City-Ad-C-copy-2-min-1024x1024.jpg 1024w, https:\/\/sunsetcity.co\/wp-content\/uploads\/2022\/03\/Sunset-City-Ad-C-copy-2-min-150x150.jpg 150w, https:\/\/sunsetcity.co\/wp-content\/uploads\/2022\/03\/Sunset-City-Ad-C-copy-2-min-768x768.jpg 768w, https:\/\/sunsetcity.co\/wp-content\/uploads\/2022\/03\/Sunset-City-Ad-C-copy-2-min-1536x1536.jpg 1536w, https:\/\/sunsetcity.co\/wp-content\/uploads\/2022\/03\/Sunset-City-Ad-C-copy-2-min-2048x2048.jpg 2048w, https:\/\/sunsetcity.co\/wp-content\/uploads\/2022\/03\/Sunset-City-Ad-C-copy-2-min-100x100.jpg 100w\" sizes=\"auto, (max-width: 600px) 100vw, 600px\" \/><\/a><\/p>\n<p>Avis de l&#039;ambassadeur\u00a0:<\/p>\n<div style=\"padding: 100% 0 0 0; position: relative;\"><iframe style=\"position: absolute; top: 0; left: 0; width: 70%; height: 70%;\" src=\"https:\/\/player.vimeo.com\/video\/872992448?h=b05d22678a&amp;autoplay=1&amp;color=ffffff\" frameborder=\"0\" allowfullscreen=\"allowfullscreen\"><\/iframe><\/div>\n<p><script src=\"https:\/\/player.vimeo.com\/api\/player.js\"><\/script><\/p>\n<div class=\"video-container\"><iframe loading=\"lazy\" title=\"Lecteur vid\u00e9o YouTube\" src=\"https:\/\/www.youtube.com\/embed\/r7Vg8zD6VR8\" width=\"926\" height=\"521\" frameborder=\"0\" allowfullscreen=\"allowfullscreen\"><\/iframe><\/div>\n<div class=\"faq\"><label class=\"question-label\"><label class=\"question-label\"><br \/>\n<span class=\"question\">Quels sont les ingr\u00e9dients?<\/span><br \/>\n<input type=\"checkbox\" \/><\/label><\/label><\/p>\n<div class=\"answer\">Ils ne contiennent que des champignons \u00e0 psilocybine 100% (corps fruitiers entiers s\u00e9ch\u00e9s) provenant de fermes biologiques situ\u00e9es \u00e0 Vancouver, en Colombie-Britannique.<\/div>\n<p>&nbsp;<\/p>\n<p><label class=\"question-label\"><br \/>\n<span class=\"question\">Quels sont les bienfaits physiques ?<\/span><br \/>\n<input type=\"checkbox\" \/><\/label><\/p>\n<div class=\"answer\">Dans les 30 \u00e0 45 minutes suivant la prise d&#039;une capsule, les 5 sens physiques : le go\u00fbt, la vue, l&#039;odorat, le toucher et l&#039;ou\u00efe sont subtilement am\u00e9lior\u00e9s sans ressentir aucun effet de \u00ab high \u00bb.<\/div>\n<p>&nbsp;<\/p>\n<p><label class=\"question-label\"><br \/>\n<span class=\"question\">Quels sont les b\u00e9n\u00e9fices cognitifs ?<\/span><br \/>\n<input type=\"checkbox\" \/><\/label><\/p>\n<div class=\"answer\">Quant \u00e0 l\u2019am\u00e9lioration cognitive, la psilocybine permet la neurogen\u00e8se, c\u2019est-\u00e0-dire la r\u00e9g\u00e9n\u00e9ration de nouveaux neurones dans le cerveau. Cela peut vous \u00eatre b\u00e9n\u00e9fique sur le plan cr\u00e9atif et spirituel et vous permettre de r\u00e9soudre les obstacles mentaux de diff\u00e9rentes mani\u00e8res.<\/div>\n<p>&nbsp;<\/p>\n<p><label class=\"question-label\"><br \/>\n<span class=\"question\">Quel go\u00fbt et quelle odeur a-t-il ?<\/span><br \/>\n<input type=\"checkbox\" \/><\/label><\/p>\n<div class=\"answer\">Il n&#039;y a ni go\u00fbt ni odeur car la poudre est enti\u00e8rement scell\u00e9e dans la capsule masquant toute odeur.<\/div>\n<p>&nbsp;<\/p>\n<p><label class=\"question-label\"><br \/>\n<span class=\"question\">Est-ce s\u00e9curitaire pour tout le monde ?<\/span><br \/>\n<input type=\"checkbox\" \/><\/label><\/p>\n<div class=\"answer\">Oui, notre communaut\u00e9 a signal\u00e9 de nombreux avantages positifs. Nous vous recommandons cependant d\u2019en parler \u00e0 un m\u00e9decin ou \u00e0 un naturopathe car cela peut interf\u00e9rer avec certains m\u00e9dicaments comme les antid\u00e9presseurs. Historiquement, il est utilis\u00e9 depuis des centaines d\u2019ann\u00e9es pour ses bienfaits spirituels et pour la sant\u00e9.<\/div>\n<p>&nbsp;<\/p>\n<p><label class=\"question-label\"><br \/>\n<span class=\"question\">Est-il s\u00e9curitaire de prendre plus d\u2019une capsule ?<\/span><br \/>\n<input type=\"checkbox\" \/><\/label><\/p>\n<div class=\"answer\">La posologie recommand\u00e9e est d&#039;une g\u00e9lule le matin tous les deux jours. Si vous en prenez plus d&#039;un en une seule s\u00e9ance, vous pourriez ressentir des effets plus forts ou commencer \u00e0 vous sentir \u00ab high \u00bb. N&#039;utilisez pas de machinerie lourde et ne conduisez pas si vous pr\u00e9voyez de prendre plus d&#039;une capsule \u00e0 la fois.<\/div>\n<p>&nbsp;<\/p>\n<p><label class=\"question-label\"><br \/>\n<span class=\"question\">Je ne ressens rien apr\u00e8s l&#039;avoir pris.<\/span><br \/>\n<input type=\"checkbox\" \/><\/label><\/p>\n<div class=\"answer\">Certains m\u00e9dicaments peuvent interf\u00e9rer avec cela. Pour une puissance maximale, prenez une capsule le matin avant les repas. Cela permet une absorption plus rapide et vous ressentirez les effets plus t\u00f4t.<\/div>\n<p>&nbsp;<\/p>\n<p><label class=\"question-label\"><br \/>\n<span class=\"question\">Puis-je facilement r\u00e9cup\u00e9rer mon argent si je ne l\u2019aime pas\u00a0?<\/span><br \/>\n<input type=\"checkbox\" \/><\/label><\/p>\n<div class=\"answer\">Oui, nous avons une politique de satisfaction garantie 100%. Si vous n&#039;\u00eates pas satisfait de quelque mani\u00e8re que ce soit, nous vous proposons un remplacement complet ou un remboursement.<\/div>\n<p>&nbsp;<\/p>\n<\/div>\n<p><a href=\"https:\/\/www.sunsetcity.ca\/wp-content\/uploads\/2023\/02\/payments.webp\" data-rel=\"lightbox-image-1\" data-rl_title=\"\" data-rl_caption=\"\" title=\"\" target=\"_blank\" rel=\"noopener\"><img loading=\"lazy\" decoding=\"async\" class=\"alignnone size-medium wp-image-4757\" src=\"https:\/\/www.sunsetcity.ca\/wp-content\/uploads\/2023\/02\/payments-300x48.webp\" alt=\"\" width=\"300\" height=\"48\" srcset=\"https:\/\/sunsetcity.co\/wp-content\/uploads\/2023\/02\/payments-300x48.webp 300w, https:\/\/sunsetcity.co\/wp-content\/uploads\/2023\/02\/payments.webp 356w\" sizes=\"auto, (max-width: 300px) 100vw, 300px\" \/><\/a><\/p>","protected":false},"excerpt":{"rendered":"<div style=\"display: flex; flex-wrap: nowrap; overflow-x: auto; white-space: nowrap;\"><img loading=\"lazy\" decoding=\"async\" width=\"85\" height=\"85\" class=\"alignnone size-full wp-image-6947\" style=\"max-width: 100%; max-height: 85px; margin-right: 5px;\" src=\"https:\/\/www.sunsetcity.ca\/wp-content\/uploads\/2023\/10\/No_Dizziness__4_-removebg-preview.png\" alt=\"\" \/><br \/>\n<img loading=\"lazy\" decoding=\"async\" width=\"85\" height=\"85\" class=\"size-full wp-image-6948\" style=\"max-width: 100%; max-height: 85px; margin-right: 5px;\" src=\"https:\/\/www.sunsetcity.ca\/wp-content\/uploads\/2023\/10\/No_Dizziness__3_-removebg-preview.png\" alt=\"\" \/><br \/>\n<img loading=\"lazy\" decoding=\"async\" width=\"85\" height=\"85\" class=\"size-full wp-image-6945\" style=\"max-width: 100%; max-height: 85px; margin-right: 5px;\" src=\"https:\/\/www.sunsetcity.ca\/wp-content\/uploads\/2023\/10\/No_Dizziness__2_-removebg-preview.png\" alt=\"\" \/><br \/>\n<img loading=\"lazy\" decoding=\"async\" width=\"85\" height=\"85\" class=\"size-full wp-image-6951\" style=\"max-width: 100%; max-height: 85px;\" src=\"https:\/\/www.sunsetcity.ca\/wp-content\/uploads\/2023\/10\/No_Dizziness-removebg-preview.png\" alt=\"\" \/><\/div>","protected":false},"featured_media":2564,"comment_status":"closed","ping_status":"closed","template":"","meta":{"site-sidebar-layout":"default","site-content-layout":"default","ast-global-header-display":"","ast-main-header-display":"","ast-hfb-above-header-display":"","ast-hfb-below-header-display":"","ast-hfb-mobile-header-display":"","site-post-title":"","ast-breadcrumbs-content":"","ast-featured-img":"","footer-sml-layout":"","theme-transparent-header-meta":"default","adv-header-id-meta":"","stick-header-meta":"","header-above-stick-meta":"","header-main-stick-meta":"","header-below-stick-meta":""},"product_brand":[],"product_cat":[29],"product_tag":[161,164,163,162,160,159,165,168,181,169,167,205,166,204],"class_list":{"0":"post-2531","1":"product","2":"type-product","3":"status-publish","4":"has-post-thumbnail","6":"product_cat-shroom","7":"product_tag-capsules","8":"product_tag-magic-mushroom-pills","9":"product_tag-magic-mushrooms-capsules","10":"product_tag-magic-shroom-capsules","11":"product_tag-microdose","12":"product_tag-microdosing","13":"product_tag-pills","14":"product_tag-pure-microdose-capsules","15":"product_tag-tidalwave-mushroom-strain","16":"product_tag-tmt-microdose-capsules","17":"product_tag-toronto-microdose-capsules","18":"product_tag-toronto-microdosing-capsules","19":"product_tag-vancouver-microdose-capsules","20":"product_tag-vancouver-microdosing-capsules","22":"first","23":"outofstock","24":"sale","25":"featured","26":"shipping-taxable","27":"purchasable","28":"product-type-variable","29":"has-default-attributes"},"_links":{"self":[{"href":"https:\/\/sunsetcity.co\/fr\/wp-json\/wp\/v2\/product\/2531","targetHints":{"allow":["GET"]}}],"collection":[{"href":"https:\/\/sunsetcity.co\/fr\/wp-json\/wp\/v2\/product"}],"about":[{"href":"https:\/\/sunsetcity.co\/fr\/wp-json\/wp\/v2\/types\/product"}],"replies":[{"embeddable":true,"href":"https:\/\/sunsetcity.co\/fr\/wp-json\/wp\/v2\/comments?post=2531"}],"wp:featuredmedia":[{"embeddable":true,"href":"https:\/\/sunsetcity.co\/fr\/wp-json\/wp\/v2\/media\/2564"}],"wp:attachment":[{"href":"https:\/\/sunsetcity.co\/fr\/wp-json\/wp\/v2\/media?parent=2531"}],"wp:term":[{"taxonomy":"product_brand","embeddable":true,"href":"https:\/\/sunsetcity.co\/fr\/wp-json\/wp\/v2\/product_brand?post=2531"},{"taxonomy":"product_cat","embeddable":true,"href":"https:\/\/sunsetcity.co\/fr\/wp-json\/wp\/v2\/product_cat?post=2531"},{"taxonomy":"product_tag","embeddable":true,"href":"https:\/\/sunsetcity.co\/fr\/wp-json\/wp\/v2\/product_tag?post=2531"}],"curies":[{"name":"wp","href":"https:\/\/api.w.org\/{rel}","templated":true}]}}