{"id":2575,"date":"2022-03-24T23:26:58","date_gmt":"2022-03-25T06:26:58","guid":{"rendered":"https:\/\/www.sunsetcity.ca\/?post_type=product&#038;p=2575"},"modified":"2022-03-27T14:07:12","modified_gmt":"2022-03-27T21:07:12","slug":"mushroom-freezies-pops-multiple-flavors","status":"publish","type":"product","link":"https:\/\/sunsetcity.co\/fr\/produit\/les-glaces-aux-champignons-presentent-de-multiples-saveurs\/","title":{"rendered":"Champignons Freezies Pops \u2013 Offre limit\u00e9e"},"content":{"rendered":"<p>Quantit\u00e9 \u2013 4 portions de m\u00e9lange<br \/>\n1 000 mg de champignons par portion (20 ml par boisson gazeuse)<\/p>\n<p>Instructions:<br \/>\nSecouez les pops, puis placez-les au cong\u00e9lateur<br \/>\nPops s\u00e9par\u00e9s apr\u00e8s cong\u00e9lation<br \/>\nCouper le dessus<br \/>\nAppr\u00e9cier!<\/p>\n<p>Ingr\u00e9dients\u00a0: Champignons \u00e0 psilocybine*, Freezies<br \/>\nFabriqu\u00e9 au Canada<\/p>","protected":false},"excerpt":{"rendered":"<p>Quantit\u00e9 \u2013 4 portions, m\u00e9langer 1 000 mg de champignons par portion (20 ml par pop) Instructions : Secouez les pops, puis placez-les au cong\u00e9lateur S\u00e9parez les pops une fois congel\u00e9es Coupez le dessus Profitez-en ! Ingr\u00e9dients\u00a0: Champignons \u00e0 psilocybine*, Freezies fabriqu\u00e9s au Canada<\/p>","protected":false},"featured_media":2596,"comment_status":"closed","ping_status":"closed","template":"","meta":{"site-sidebar-layout":"default","site-content-layout":"default","ast-global-header-display":"","ast-main-header-display":"","ast-hfb-above-header-display":"","ast-hfb-below-header-display":"","ast-hfb-mobile-header-display":"","site-post-title":"","ast-breadcrumbs-content":"","ast-featured-img":"","footer-sml-layout":"","theme-transparent-header-meta":"default","adv-header-id-meta":"","stick-header-meta":"","header-above-stick-meta":"","header-main-stick-meta":"","header-below-stick-meta":""},"product_brand":[],"product_cat":[109],"product_tag":[173,170,171,99,62,174,172],"class_list":{"0":"post-2575","1":"product","2":"type-product","3":"status-publish","4":"has-post-thumbnail","6":"product_cat-magic-mixes","7":"product_tag-mushroom-edibles","8":"product_tag-mushroom-freezies","9":"product_tag-mushroom-pops","10":"product_tag-psilocybin","11":"product_tag-psychedelic","12":"product_tag-shroom-edibles","13":"product_tag-shroom-freezies","15":"first","16":"outofstock","17":"featured","18":"shipping-taxable","19":"purchasable","20":"product-type-variable"},"_links":{"self":[{"href":"https:\/\/sunsetcity.co\/fr\/wp-json\/wp\/v2\/product\/2575","targetHints":{"allow":["GET"]}}],"collection":[{"href":"https:\/\/sunsetcity.co\/fr\/wp-json\/wp\/v2\/product"}],"about":[{"href":"https:\/\/sunsetcity.co\/fr\/wp-json\/wp\/v2\/types\/product"}],"replies":[{"embeddable":true,"href":"https:\/\/sunsetcity.co\/fr\/wp-json\/wp\/v2\/comments?post=2575"}],"wp:featuredmedia":[{"embeddable":true,"href":"https:\/\/sunsetcity.co\/fr\/wp-json\/wp\/v2\/media\/2596"}],"wp:attachment":[{"href":"https:\/\/sunsetcity.co\/fr\/wp-json\/wp\/v2\/media?parent=2575"}],"wp:term":[{"taxonomy":"product_brand","embeddable":true,"href":"https:\/\/sunsetcity.co\/fr\/wp-json\/wp\/v2\/product_brand?post=2575"},{"taxonomy":"product_cat","embeddable":true,"href":"https:\/\/sunsetcity.co\/fr\/wp-json\/wp\/v2\/product_cat?post=2575"},{"taxonomy":"product_tag","embeddable":true,"href":"https:\/\/sunsetcity.co\/fr\/wp-json\/wp\/v2\/product_tag?post=2575"}],"curies":[{"name":"wp","href":"https:\/\/api.w.org\/{rel}","templated":true}]}}