{"id":2836,"date":"2022-05-18T23:21:34","date_gmt":"2022-05-19T06:21:34","guid":{"rendered":"https:\/\/www.sunsetcity.ca\/?post_type=product&#038;p=2836"},"modified":"2024-08-01T10:52:28","modified_gmt":"2024-08-01T17:52:28","slug":"mushroom-infused-75-cacao-dark-chocolate-bar-pieces","status":"publish","type":"product","link":"https:\/\/sunsetcity.co\/fr\/produit\/75-morceaux-de-barre-de-chocolat-noir-infuses-aux-champignons\/","title":{"rendered":"D\u00e9lices Irr\u00e9sistibles au Cacao (Barre \/ Morceaux)"},"content":{"rendered":"<p><strong>En raison de la nature de <a href=\"https:\/\/www.sunsetcity.ca\/tabs-sex-chocolate-honest-review\/\" target=\"_blank\" rel=\"noopener\">chocolat<\/a>, nous ferons de notre mieux pour l&#039;emballer soigneusement pour \u00e9viter qu&#039;il ne fonde pendant le transport.<br \/>\nDisponible uniquement pendant la saison printemps\/hiver pour r\u00e9duire les risques de fonte pendant le transport\u00a0!<br \/>\nVeuillez commander uniquement si votre temp\u00e9rature locale est inf\u00e9rieure \u00e0 86-90F. Aucun remboursement si le chocolat arrive fondu. <\/strong><\/p>\n<p>\u2022 Le chocolat infus\u00e9 aux champignons est id\u00e9al pour le microdosage et comme collation l\u00e9g\u00e8re. Choisissez entre des barres ou des morceaux de chocolat.<br \/>\n\u2022 Savourez votre chocolat lors d&#039;une randonn\u00e9e ou comme stimulant mental pour vous dynamiser tout au long de la journ\u00e9e, en augmentant votre concentration et votre \u00e9nergie\u00a0!<\/p>\n<p>\u2022 3000 mg de champignons magiques psilocybine dans chaque barre\/sachet <\/p>\n<p>\u2022 150 mg par pi\u00e8ce unique<\/p>\n<p>Ingr\u00e9dients\u00a0: P\u00e2te de cacao*, beurre de cacao cru*, sucre de coco et champignons magiques \u00e0 psilocybine<br \/>\n*Ingr\u00e9dients issus du commerce \u00e9quitable<\/p>\n<p>Fabriqu\u00e9 avec soin et amour \u00e0 Vancouver, BC Canada<\/p>","protected":false},"excerpt":{"rendered":"<p>En raison de la nature du chocolat, nous ferons de notre mieux pour l&#039;emballer soigneusement afin d&#039;\u00e9viter qu&#039;il ne fonde pendant le transport. Disponible uniquement pendant la saison printemps\/hiver pour r\u00e9duire les risques de fonte pendant le transport\u00a0! Veuillez commander uniquement si votre temp\u00e9rature locale est inf\u00e9rieure \u00e0 86-90F. Aucun remboursement si le chocolat arrive fondu. \u2022 Le chocolat infus\u00e9 aux champignons est\u2026<\/p>\n<p class=\"read-more\"> <a class=\"\" href=\"https:\/\/sunsetcity.co\/fr\/produit\/75-morceaux-de-barre-de-chocolat-noir-infuses-aux-champignons\/\"> <span class=\"screen-reader-text\">D\u00e9lices Irr\u00e9sistibles au Cacao (Barre \/ Morceaux)<\/span> Lire la suite \u00bb<\/a><\/p>","protected":false},"featured_media":2965,"comment_status":"closed","ping_status":"closed","template":"","meta":{"site-sidebar-layout":"default","site-content-layout":"default","ast-global-header-display":"","ast-main-header-display":"","ast-hfb-above-header-display":"","ast-hfb-below-header-display":"","ast-hfb-mobile-header-display":"","site-post-title":"","ast-breadcrumbs-content":"","ast-featured-img":"","footer-sml-layout":"","theme-transparent-header-meta":"default","adv-header-id-meta":"","stick-header-meta":"","header-above-stick-meta":"","header-main-stick-meta":"","header-below-stick-meta":""},"product_brand":[],"product_cat":[109],"product_tag":[177,176,100,180,175,178,179],"class_list":{"0":"post-2836","1":"product","2":"type-product","3":"status-publish","4":"has-post-thumbnail","6":"product_cat-magic-mixes","7":"product_tag-cacao-mushroom","8":"product_tag-chocolate-mushroom","9":"product_tag-chocolate-shrooms","10":"product_tag-cubensis-chocolate","11":"product_tag-mushroom-chocolate","12":"product_tag-psilo","13":"product_tag-psilocybin-chocolate","15":"first","16":"outofstock","17":"shipping-taxable","18":"purchasable","19":"product-type-variable","20":"has-default-attributes"},"_links":{"self":[{"href":"https:\/\/sunsetcity.co\/fr\/wp-json\/wp\/v2\/product\/2836","targetHints":{"allow":["GET"]}}],"collection":[{"href":"https:\/\/sunsetcity.co\/fr\/wp-json\/wp\/v2\/product"}],"about":[{"href":"https:\/\/sunsetcity.co\/fr\/wp-json\/wp\/v2\/types\/product"}],"replies":[{"embeddable":true,"href":"https:\/\/sunsetcity.co\/fr\/wp-json\/wp\/v2\/comments?post=2836"}],"wp:featuredmedia":[{"embeddable":true,"href":"https:\/\/sunsetcity.co\/fr\/wp-json\/wp\/v2\/media\/2965"}],"wp:attachment":[{"href":"https:\/\/sunsetcity.co\/fr\/wp-json\/wp\/v2\/media?parent=2836"}],"wp:term":[{"taxonomy":"product_brand","embeddable":true,"href":"https:\/\/sunsetcity.co\/fr\/wp-json\/wp\/v2\/product_brand?post=2836"},{"taxonomy":"product_cat","embeddable":true,"href":"https:\/\/sunsetcity.co\/fr\/wp-json\/wp\/v2\/product_cat?post=2836"},{"taxonomy":"product_tag","embeddable":true,"href":"https:\/\/sunsetcity.co\/fr\/wp-json\/wp\/v2\/product_tag?post=2836"}],"curies":[{"name":"wp","href":"https:\/\/api.w.org\/{rel}","templated":true}]}}