{"id":3006,"date":"2022-06-15T11:02:58","date_gmt":"2022-06-15T18:02:58","guid":{"rendered":"https:\/\/www.sunsetcity.ca\/?post_type=product&#038;p=3006"},"modified":"2022-09-12T14:58:56","modified_gmt":"2022-09-12T21:58:56","slug":"lsd-microdose-bottles","status":"publish","type":"product","link":"https:\/\/sunsetcity.co\/fr\/produit\/flacons-de-microdoses-lsd\/","title":{"rendered":"Innover (Magie Liquide)"},"content":{"rendered":"<p>\u2022 D\u00e9couvrez-vous et imaginez un monde avec moins de douleur, moins de stress et moins d&#039;anxi\u00e9t\u00e9\u00a0! <\/p>\n<p>\u2022 Offrez-vous Innovate Liquid Tincture et augmentez votre productivit\u00e9 et votre concentration.<\/p>\n<p>\u2022 Fabriqu\u00e9 avec 260 ug de LSD pur dans 28 ml de solution (\u00e0 base d&#039;alcool)<\/p>\n<p>\u2022 Prendre 1 mL\/jour. 3 jours de travail, 1 jour de repos.<\/p>\n<blockquote><p>Le di\u00e9thylamide de l&#039;acide lysergique (LSD), \u00e9galement connu famili\u00e8rement sous le nom d&#039;acide, est une drogue psych\u00e9d\u00e9lique. Les effets incluent g\u00e9n\u00e9ralement une intensification des pens\u00e9es, des \u00e9motions et de la perception sensorielle. \u00c0 des doses suffisamment \u00e9lev\u00e9es, le LSD se manifeste principalement par des hallucinations visuelles et auditives.<\/p>\n<p>Le LSD peut catalyser des exp\u00e9riences spirituelles intenses et est donc consid\u00e9r\u00e9 comme un enth\u00e9og\u00e8ne. Certains utilisateurs ont signal\u00e9 des exp\u00e9riences hors du corps. En 1966, Timothy Leary a cr\u00e9\u00e9 la League for Spiritual Discovery avec le LSD comme sacrement. Stanislav Grof a \u00e9crit que les exp\u00e9riences religieuses et mystiques observ\u00e9es lors des s\u00e9ances de LSD semblent ph\u00e9nom\u00e9nologiquement impossibles \u00e0 distinguer des descriptions similaires dans les \u00e9critures sacr\u00e9es des grandes religions du monde et dans les textes des civilisations anciennes.<\/p><\/blockquote>","protected":false},"excerpt":{"rendered":"<p>\u2022 D\u00e9couvrez-vous et imaginez un monde avec moins de douleur, moins de stress et moins d&#039;anxi\u00e9t\u00e9\u00a0! \u2022 Offrez-vous Innovate Liquid Tincture et augmentez votre productivit\u00e9 et votre concentration. \u2022 Fabriqu\u00e9 avec 260 ug de LSD pur dans 28 mL de solution (\u00e0 base d&#039;alcool) \u2022 Prendre 1 mL\/jour. 3 jours de travail, 1 jour de repos. Acide lysergique\u2026<\/p>\n<p class=\"read-more\"> <a class=\"\" href=\"https:\/\/sunsetcity.co\/fr\/produit\/flacons-de-microdoses-lsd\/\"> <span class=\"screen-reader-text\">Innover (Magie Liquide)<\/span> Lire la suite \u00bb<\/a><\/p>","protected":false},"featured_media":3015,"comment_status":"closed","ping_status":"closed","template":"","meta":{"site-sidebar-layout":"default","site-content-layout":"default","ast-global-header-display":"","ast-main-header-display":"","ast-hfb-above-header-display":"","ast-hfb-below-header-display":"","ast-hfb-mobile-header-display":"","site-post-title":"","ast-breadcrumbs-content":"","ast-featured-img":"","footer-sml-layout":"","theme-transparent-header-meta":"default","adv-header-id-meta":"","stick-header-meta":"","header-above-stick-meta":"","header-main-stick-meta":"","header-below-stick-meta":""},"product_brand":[],"product_cat":[89],"product_tag":[120,203,90,119,63],"class_list":{"0":"post-3006","1":"product","2":"type-product","3":"status-publish","4":"has-post-thumbnail","6":"product_cat-lsd","7":"product_tag-acid","8":"product_tag-liquid-lsd","9":"product_tag-lsd","10":"product_tag-lysergamides","11":"product_tag-psychedelics","13":"first","14":"outofstock","15":"shipping-taxable","16":"purchasable","17":"product-type-variable","18":"has-default-attributes"},"_links":{"self":[{"href":"https:\/\/sunsetcity.co\/fr\/wp-json\/wp\/v2\/product\/3006","targetHints":{"allow":["GET"]}}],"collection":[{"href":"https:\/\/sunsetcity.co\/fr\/wp-json\/wp\/v2\/product"}],"about":[{"href":"https:\/\/sunsetcity.co\/fr\/wp-json\/wp\/v2\/types\/product"}],"replies":[{"embeddable":true,"href":"https:\/\/sunsetcity.co\/fr\/wp-json\/wp\/v2\/comments?post=3006"}],"wp:featuredmedia":[{"embeddable":true,"href":"https:\/\/sunsetcity.co\/fr\/wp-json\/wp\/v2\/media\/3015"}],"wp:attachment":[{"href":"https:\/\/sunsetcity.co\/fr\/wp-json\/wp\/v2\/media?parent=3006"}],"wp:term":[{"taxonomy":"product_brand","embeddable":true,"href":"https:\/\/sunsetcity.co\/fr\/wp-json\/wp\/v2\/product_brand?post=3006"},{"taxonomy":"product_cat","embeddable":true,"href":"https:\/\/sunsetcity.co\/fr\/wp-json\/wp\/v2\/product_cat?post=3006"},{"taxonomy":"product_tag","embeddable":true,"href":"https:\/\/sunsetcity.co\/fr\/wp-json\/wp\/v2\/product_tag?post=3006"}],"curies":[{"name":"wp","href":"https:\/\/api.w.org\/{rel}","templated":true}]}}