{"id":3751,"date":"2022-09-19T00:47:54","date_gmt":"2022-09-19T07:47:54","guid":{"rendered":"https:\/\/www.sunsetcity.ca\/?post_type=product&#038;p=3751"},"modified":"2024-05-31T14:04:14","modified_gmt":"2024-05-31T21:04:14","slug":"coca-leaf-cafe-tea-vancouver","status":"publish","type":"product","link":"https:\/\/sunsetcity.co\/fr\/produit\/feuille-de-coca-cafe-the-vancouver\/","title":{"rendered":"Th\u00e9 au caf\u00e9 aux feuilles de coca, paquet de 10"},"content":{"rendered":"<h1><a href=\"http:\/\/sunsetcity.ca\/\" target=\"_blank\" rel=\"noopener\">Caf\u00e9 aux feuilles de coca<\/a> Th\u00e9 (Enfin de retour en stock !)<\/h1>\n<h2>Nous vous faisons d\u00e9couvrir le th\u00e9 aux feuilles de coca (mate coca) !<\/h2>\n<p>Ingr\u00e9dients:<br \/>\nChaque sachet de th\u00e9 contient 1 000 mg (1 g) de th\u00e9 de feuilles de coca moulues pures (souche bolivienne)<\/p>\n<h2>Nom latin : Erythroxylum coca var. coca<\/h2>\n<ul>\n<li>Les gens m\u00e2chent des feuilles de coca pour soulager la faim et la fatigue et pour am\u00e9liorer leurs performances physiques.<\/li>\n<li>Les extraits de coca sont utilis\u00e9s pour stimuler la fonction gastrique, provoquer une s\u00e9dation et traiter l&#039;asthme, le rhume et d&#039;autres maladies. Le th\u00e9 de coca est utilis\u00e9 contre le mal des montagnes dans les Andes p\u00e9ruviennes et ailleurs.<\/li>\n<\/ul>\n<p>Je suis ici pour discuter avec vous des avantages possibles du Coca Leaf Caf\u00e9.<\/p>\n<p>Maintenant, laissez-moi vous dire qu&#039;il y a une bonne raison pour laquelle les feuilles de coca sont utilis\u00e9es depuis des mill\u00e9naires dans la culture sud-am\u00e9ricaine. Ces feuilles sont utilis\u00e9es depuis longtemps comme stimulant et pour leurs bienfaits th\u00e9rapeutiques.<\/p>\n<p>Le Coca Leaf Caf\u00e9 offre les avantages des feuilles de coca sous une forme de th\u00e9 savoureuse et pratique, donnant une nouvelle tournure \u00e0 cette pratique s\u00e9culaire. Il a \u00e9t\u00e9 prouv\u00e9 dans certaines \u00e9tudes que la consommation de feuilles de coca aide \u00e0 soulager la douleur, \u00e0 r\u00e9duire le stress, \u00e0 am\u00e9liorer la clart\u00e9 mentale et les performances cognitives. M\u00eame la sant\u00e9 intestinale et le mal de l\u2019altitude peuvent en b\u00e9n\u00e9ficier !<\/p>\n<p>Maintenant, voici le probl\u00e8me : comme toute autre chose, trop de bonnes choses peuvent \u00eatre une mauvaise chose. Une consommation excessive de feuilles de coca peut avoir des effets n\u00e9gatifs, notamment une augmentation du rythme cardiaque et une pression art\u00e9rielle \u00e9lev\u00e9e. De plus, les feuilles contiennent des alcalo\u00efdes, notamment de la coca\u00efne, et elles peuvent entra\u00eener une d\u00e9pendance et d\u2019autres probl\u00e8mes de sant\u00e9 si elles ne sont pas utilis\u00e9es de mani\u00e8re responsable.<\/p>\n<p>En fin de compte, le Coca Leaf Caf\u00e9 et les feuilles de coca pr\u00e9sentent certains avantages potentiels, mais ils doivent \u00eatre consomm\u00e9s avec mod\u00e9ration et sous la direction d&#039;un professionnel de la sant\u00e9. Soyons conscients de nos choix et effor\u00e7ons toujours de trouver un \u00e9quilibre dans nos vies. Achetez votre th\u00e9 aux feuilles de coca ici chez Sunsetcity\u00a0!<\/p>\n<h2>Quels sont les principaux avantages du th\u00e9 aux feuilles de coca\u00a0:<\/h2>\n<p>Il peut aider \u00e0 soulager le mal des montagnes en augmentant les niveaux d&#039;oxyg\u00e8ne dans le sang et en r\u00e9duisant les sympt\u00f4mes tels que les maux de t\u00eate, les naus\u00e9es et la fatigue.<br \/>\nIl peut stimuler l&#039;\u00e9nergie et la clart\u00e9 mentale en stimulant le syst\u00e8me nerveux central et en am\u00e9liorant les fonctions cognitives telles que la m\u00e9moire, l&#039;attention et l&#039;apprentissage.<br \/>\nIl peut soulager les probl\u00e8mes digestifs en agissant comme un laxatif naturel, en apaisant l\u2019inflammation de l\u2019estomac et en pr\u00e9venant les ulc\u00e8res.<\/p>","protected":false},"excerpt":{"rendered":"<p>Coca Leaf Cafe Tea (Enfin de retour en stock !) Nous vous pr\u00e9sentons le th\u00e9 aux feuilles de coca (mate coca) ! Ingr\u00e9dients : Chaque sachet de th\u00e9 contient 1 000 mg (1 g) de th\u00e9 de feuilles de coca moulues pures (souche bolivienne). Nom latin : Erythroxylum coca var. coca Les gens m\u00e2chent des feuilles de coca pour soulager la faim et la fatigue et pour am\u00e9liorer leurs performances physiques. Les extraits de coca sont\u2026<\/p>\n<p class=\"read-more\"> <a class=\"\" href=\"https:\/\/sunsetcity.co\/fr\/produit\/feuille-de-coca-cafe-the-vancouver\/\"> <span class=\"screen-reader-text\">Th\u00e9 au caf\u00e9 aux feuilles de coca, paquet de 10<\/span> Lire la suite \u00bb<\/a><\/p>","protected":false},"featured_media":9837,"comment_status":"closed","ping_status":"closed","template":"","meta":{"site-sidebar-layout":"default","site-content-layout":"default","ast-global-header-display":"","ast-main-header-display":"","ast-hfb-above-header-display":"","ast-hfb-below-header-display":"","ast-hfb-mobile-header-display":"","site-post-title":"","ast-breadcrumbs-content":"","ast-featured-img":"","footer-sml-layout":"","theme-transparent-header-meta":"default","adv-header-id-meta":"","stick-header-meta":"","header-above-stick-meta":"","header-main-stick-meta":"","header-below-stick-meta":""},"product_brand":[],"product_cat":[15],"product_tag":[219,212,217,213,210,218,211,215,220,216,214],"class_list":{"0":"post-3751","1":"product","2":"type-product","3":"status-publish","4":"has-post-thumbnail","6":"product_cat-coca-tea","7":"product_tag-bc-coca","8":"product_tag-canada-coca","9":"product_tag-coca-leaf-cafe","10":"product_tag-coca-leaves","11":"product_tag-coca-tea","12":"product_tag-coca-vancouver","13":"product_tag-mate-coca","14":"product_tag-organic-coca","15":"product_tag-toronto-coca","16":"product_tag-vancouver-coca","17":"product_tag-yerba-mate","19":"first","20":"outofstock","21":"shipping-taxable","22":"purchasable","23":"product-type-simple"},"_links":{"self":[{"href":"https:\/\/sunsetcity.co\/fr\/wp-json\/wp\/v2\/product\/3751","targetHints":{"allow":["GET"]}}],"collection":[{"href":"https:\/\/sunsetcity.co\/fr\/wp-json\/wp\/v2\/product"}],"about":[{"href":"https:\/\/sunsetcity.co\/fr\/wp-json\/wp\/v2\/types\/product"}],"replies":[{"embeddable":true,"href":"https:\/\/sunsetcity.co\/fr\/wp-json\/wp\/v2\/comments?post=3751"}],"wp:featuredmedia":[{"embeddable":true,"href":"https:\/\/sunsetcity.co\/fr\/wp-json\/wp\/v2\/media\/9837"}],"wp:attachment":[{"href":"https:\/\/sunsetcity.co\/fr\/wp-json\/wp\/v2\/media?parent=3751"}],"wp:term":[{"taxonomy":"product_brand","embeddable":true,"href":"https:\/\/sunsetcity.co\/fr\/wp-json\/wp\/v2\/product_brand?post=3751"},{"taxonomy":"product_cat","embeddable":true,"href":"https:\/\/sunsetcity.co\/fr\/wp-json\/wp\/v2\/product_cat?post=3751"},{"taxonomy":"product_tag","embeddable":true,"href":"https:\/\/sunsetcity.co\/fr\/wp-json\/wp\/v2\/product_tag?post=3751"}],"curies":[{"name":"wp","href":"https:\/\/api.w.org\/{rel}","templated":true}]}}