{"id":4014,"date":"2022-11-18T14:37:40","date_gmt":"2022-11-18T21:37:40","guid":{"rendered":"https:\/\/www.sunsetcity.ca\/?post_type=product&#038;p=4014"},"modified":"2023-03-06T10:02:53","modified_gmt":"2023-03-06T17:02:53","slug":"therapeutic-mushrooms-liquid-culture-usa-shipping-only","status":"publish","type":"product","link":"https:\/\/sunsetcity.co\/fr\/produit\/champignons-therapeutiques-culture-liquide-usa-expedition-uniquement\/","title":{"rendered":"Culture liquide de champignons th\u00e9rapeutiques (exp\u00e9dition aux \u00c9tats-Unis uniquement)"},"content":{"rendered":"<p>10 ml de culture liquide de souche Penis Envy<\/p>\n<p>Notre collection de cultures th\u00e9rapeutiques est fabriqu\u00e9e en interne et garantie sans contaminants et vigoureuse\u00a0! Destin\u00e9 uniquement \u00e0 la recherche\/microscopie.<\/p>\n<p>Tat V\u00e9ritable professeur albinos<br \/>\nDC Mak<br \/>\n1kg Raz-de-mar\u00e9e<br \/>\nPortes d&#039;\u00c9meraude<br \/>\nSinge 320<br \/>\nMel Mak 95<br \/>\nBeaut\u00e9<br \/>\nProfesseur d&#039;or<br \/>\nTed<br \/>\nMoqueur albinos<br \/>\nPhobos<br \/>\nNoeud d&#039;ail<br \/>\nDieu azt\u00e8que<br \/>\nProfesseurs albinos<br \/>\nPlantes grimpantes du Colorado<br \/>\nMVP<br \/>\nPortes nacr\u00e9es<\/p>","protected":false},"excerpt":{"rendered":"<p>10 ml de culture liquide de souche Penis Envy<\/p>\n<p>\u00c0 des fins de recherche en mycologie uniquement.<\/p>","protected":false},"featured_media":4035,"comment_status":"closed","ping_status":"closed","template":"","meta":{"site-sidebar-layout":"default","site-content-layout":"default","ast-global-header-display":"","ast-main-header-display":"","ast-hfb-above-header-display":"","ast-hfb-below-header-display":"","ast-hfb-mobile-header-display":"","site-post-title":"","ast-breadcrumbs-content":"","ast-featured-img":"","footer-sml-layout":"","theme-transparent-header-meta":"default","adv-header-id-meta":"","stick-header-meta":"","header-above-stick-meta":"","header-main-stick-meta":"","header-below-stick-meta":""},"product_brand":[],"product_cat":[30],"product_tag":[],"class_list":{"0":"post-4014","1":"product","2":"type-product","3":"status-publish","4":"has-post-thumbnail","6":"product_cat-magic-cultures","8":"first","9":"instock","10":"shipping-taxable","11":"purchasable","12":"product-type-variable"},"_links":{"self":[{"href":"https:\/\/sunsetcity.co\/fr\/wp-json\/wp\/v2\/product\/4014","targetHints":{"allow":["GET"]}}],"collection":[{"href":"https:\/\/sunsetcity.co\/fr\/wp-json\/wp\/v2\/product"}],"about":[{"href":"https:\/\/sunsetcity.co\/fr\/wp-json\/wp\/v2\/types\/product"}],"replies":[{"embeddable":true,"href":"https:\/\/sunsetcity.co\/fr\/wp-json\/wp\/v2\/comments?post=4014"}],"wp:featuredmedia":[{"embeddable":true,"href":"https:\/\/sunsetcity.co\/fr\/wp-json\/wp\/v2\/media\/4035"}],"wp:attachment":[{"href":"https:\/\/sunsetcity.co\/fr\/wp-json\/wp\/v2\/media?parent=4014"}],"wp:term":[{"taxonomy":"product_brand","embeddable":true,"href":"https:\/\/sunsetcity.co\/fr\/wp-json\/wp\/v2\/product_brand?post=4014"},{"taxonomy":"product_cat","embeddable":true,"href":"https:\/\/sunsetcity.co\/fr\/wp-json\/wp\/v2\/product_cat?post=4014"},{"taxonomy":"product_tag","embeddable":true,"href":"https:\/\/sunsetcity.co\/fr\/wp-json\/wp\/v2\/product_tag?post=4014"}],"curies":[{"name":"wp","href":"https:\/\/api.w.org\/{rel}","templated":true}]}}