{"id":4453,"date":"2023-01-26T16:45:34","date_gmt":"2023-01-26T23:45:34","guid":{"rendered":"https:\/\/www.sunsetcity.ca\/?post_type=product&#038;p=4453"},"modified":"2025-04-19T08:17:23","modified_gmt":"2025-04-19T15:17:23","slug":"tidalwave-mushroom-usa-only-limited-quantity","status":"publish","type":"product","link":"https:\/\/sunsetcity.co\/fr\/produit\/champignon-raz-de-maree-etats-unis-seulement-quantite-limitee\/","title":{"rendered":"Champignon Tidalwave (exp\u00e9dition express) - Exp\u00e9dition aux \u00c9tats-Unis \u2013 Quantit\u00e9 limit\u00e9e"},"content":{"rendered":"<p>Pour une dur\u00e9e limit\u00e9e, les Tidalwaves sont de nouveau en stock. Ce champignon est l&#039;une des vari\u00e9t\u00e9s les plus puissantes que nous proposons, il se classe presque aussi haut que Penis Envys en termes de puissance !<\/p>\n<p>Tidalwave Mushroom (Express Shipping) USA-Exp\u00e9dition pour ce produit uniquement. Exp\u00e9di\u00e9 via USPS prioritaire en contournant les douanes<br \/>\nEmball\u00e9 dans un sac herm\u00e9tique et scell\u00e9<\/p>","protected":false},"excerpt":{"rendered":"<p>Pour une dur\u00e9e limit\u00e9e, Tidalwaves est de retour en stock. Ce champignon est l&#039;une des vari\u00e9t\u00e9s les plus puissantes que nous proposons, il se classe presque aussi haut que Penis Envys en termes de puissance ! Champignon Tidalwave (exp\u00e9dition express) Exp\u00e9dition aux \u00c9tats-Unis pour ce produit uniquement. Exp\u00e9di\u00e9 via USPS prioritaire en contournant les douanes Emball\u00e9 dans un sac herm\u00e9tique scell\u00e9<\/p>","protected":false},"featured_media":10960,"comment_status":"closed","ping_status":"closed","template":"","meta":{"site-sidebar-layout":"no-sidebar","site-content-layout":"boxed-container","ast-global-header-display":"","ast-main-header-display":"","ast-hfb-above-header-display":"","ast-hfb-below-header-display":"","ast-hfb-mobile-header-display":"","site-post-title":"","ast-breadcrumbs-content":"","ast-featured-img":"","footer-sml-layout":"","theme-transparent-header-meta":"default","adv-header-id-meta":"","stick-header-meta":"","header-above-stick-meta":"","header-main-stick-meta":"","header-below-stick-meta":""},"product_brand":[],"product_cat":[286],"product_tag":[288],"class_list":{"0":"post-4453","1":"product","2":"type-product","3":"status-publish","4":"has-post-thumbnail","6":"product_cat-usmushies","7":"product_tag-tidalwave","9":"first","10":"outofstock","11":"shipping-taxable","12":"purchasable","13":"product-type-variable","14":"has-default-attributes"},"_links":{"self":[{"href":"https:\/\/sunsetcity.co\/fr\/wp-json\/wp\/v2\/product\/4453","targetHints":{"allow":["GET"]}}],"collection":[{"href":"https:\/\/sunsetcity.co\/fr\/wp-json\/wp\/v2\/product"}],"about":[{"href":"https:\/\/sunsetcity.co\/fr\/wp-json\/wp\/v2\/types\/product"}],"replies":[{"embeddable":true,"href":"https:\/\/sunsetcity.co\/fr\/wp-json\/wp\/v2\/comments?post=4453"}],"wp:featuredmedia":[{"embeddable":true,"href":"https:\/\/sunsetcity.co\/fr\/wp-json\/wp\/v2\/media\/10960"}],"wp:attachment":[{"href":"https:\/\/sunsetcity.co\/fr\/wp-json\/wp\/v2\/media?parent=4453"}],"wp:term":[{"taxonomy":"product_brand","embeddable":true,"href":"https:\/\/sunsetcity.co\/fr\/wp-json\/wp\/v2\/product_brand?post=4453"},{"taxonomy":"product_cat","embeddable":true,"href":"https:\/\/sunsetcity.co\/fr\/wp-json\/wp\/v2\/product_cat?post=4453"},{"taxonomy":"product_tag","embeddable":true,"href":"https:\/\/sunsetcity.co\/fr\/wp-json\/wp\/v2\/product_tag?post=4453"}],"curies":[{"name":"wp","href":"https:\/\/api.w.org\/{rel}","templated":true}]}}