{"id":4517,"date":"2023-01-30T09:45:22","date_gmt":"2023-01-30T16:45:22","guid":{"rendered":"https:\/\/www.sunsetcity.ca\/?post_type=product&#038;p=4517"},"modified":"2023-03-14T11:25:21","modified_gmt":"2023-03-14T18:25:21","slug":"schedule35","status":"publish","type":"product","link":"https:\/\/sunsetcity.co\/fr\/produit\/horaire35\/","title":{"rendered":"Schedule35 \u2013 Microdose Champignon 200 mg x 5"},"content":{"rendered":"<p><strong>Pr\u00e9venez-moi lorsque cette vari\u00e9t\u00e9 sera de nouveau en stock.<\/strong><\/p>\n<div class=\"wpforms-container\" id=\"wpforms-5017\"><form id=\"wpforms-form-5017\" class=\"wpforms-validate wpforms-form wpforms-ajax-form\" data-formid=\"5017\" method=\"post\" enctype=\"multipart\/form-data\" action=\"\/fr\/wp-json\/wp\/v2\/product\/4517\" data-token=\"336b3a64840d5bec5e44a952314bca28\" data-token-time=\"1776800494\" data-trp-original-action=\"\/fr\/wp-json\/wp\/v2\/product\/4517\"><noscript class=\"wpforms-error-noscript\">Veuillez activer JavaScript dans votre navigateur pour remplir ce formulaire.<\/noscript><div class=\"wpforms-field-container\"><div id=\"wpforms-5017-field_0-container\" class=\"wpforms-field wpforms-field-name\" data-field-id=\"0\"><label class=\"wpforms-field-label\" for=\"wpforms-5017-field_0\">Nom<\/label><input type=\"text\" id=\"wpforms-5017-field_0\" class=\"wpforms-field-medium\" name=\"wpforms[fields][0]\" ><\/div><div id=\"wpforms-5017-field_1-container\" class=\"wpforms-field wpforms-field-email\" data-field-id=\"1\"><label class=\"wpforms-field-label\" for=\"wpforms-5017-field_1\">E-mail <span class=\"wpforms-required-label\">*<\/span><\/label><input type=\"email\" id=\"wpforms-5017-field_1\" class=\"wpforms-field-medium wpforms-field-required\" name=\"wpforms[fields][1]\" spellcheck=\"false\" required><\/div><div id=\"wpforms-5017-field_2-container\" class=\"wpforms-field wpforms-field-textarea\" data-field-id=\"2\"><label class=\"wpforms-field-label\" for=\"wpforms-5017-field_2\">Commentaire ou message <span class=\"wpforms-required-label\">*<\/span><\/label><textarea id=\"wpforms-5017-field_2\" class=\"wpforms-field-medium wpforms-field-required\" name=\"wpforms[fields][2]\" required><\/textarea><\/div><\/div><!-- .wpforms-field-container --><div class=\"wpforms-submit-container\" ><input type=\"hidden\" name=\"wpforms[id]\" value=\"5017\"><input type=\"hidden\" name=\"page_title\" value=\"\"><input type=\"hidden\" name=\"page_url\" value=\"https:\/\/sunsetcity.co\/fr\/wp-json\/wp\/v2\/product\/4517\"><input type=\"hidden\" name=\"url_referer\" value=\"\"><button type=\"submit\" name=\"wpforms[submit]\" id=\"wpforms-submit-5017\" class=\"wpforms-submit\" data-alt-text=\"Sending...\" data-submit-text=\"Notify Me!\" aria-live=\"assertive\" value=\"wpforms-submit\">Pr\u00e9venez-moi!<\/button><img loading=\"lazy\" decoding=\"async\" src=\"https:\/\/sunsetcity.co\/wp-content\/plugins\/wpforms-lite\/assets\/images\/submit-spin.svg\" class=\"wpforms-submit-spinner\" style=\"display: none;\" width=\"26\" height=\"26\" alt=\"Chargement\"><\/div><input type=\"hidden\" name=\"trp-form-language\" value=\"fr\"\/><\/form><\/div>  <!-- .wpforms-container -->\n<p><strong>Le microdosage de psilocybine consiste \u00e0 prendre de petites quantit\u00e9s pour am\u00e9liorer votre fa\u00e7on de penser et de ressentir ! Cela repr\u00e9sente g\u00e9n\u00e9ralement environ 1\/10\u00e8me de ce que vous prendriez pour vous amuser et ne vous fera pas tr\u00e9bucher.<\/strong><\/p>\n<p>Contexte des produits Schedule35\u00a0:<br \/>\n\u2022 Mike Tyson approuve le programme 35 sur son podcast \u00ab Hot Boxing \u00bb.<br \/>\n\u2022 Semblable \u00e0 Sunset City, Schedule 35 est une start-up canadienne qui vend des produits de microdosage \u00e0 base de psilocybine et vise \u00e0 \u00e9duquer sur les avantages du microdosage.<br \/>\n\u2022 Ils ont eu du mal \u00e0 trouver une source cr\u00e9dible pour acheter des produits de microdosage.<\/p>\n<p>D\u00e9tails:<br \/>\n\u2022 L&#039;objectif est d&#039;offrir des produits de microdosage discrets et s\u00e9curitaires pour le Canada et les \u00c9tats-Unis.<br \/>\n\u2022 Le microdosage provoque des effets imm\u00e9diats d&#039;augmentation de la concentration et de l&#039;\u00e9nergie apr\u00e8s le d\u00e9but du microdosage.<br \/>\n\u2022 Ils ont \u00e9galement fait l&#039;exp\u00e9rience d&#039;une meilleure compr\u00e9hension de soi, de gratitude et de d\u00e9couverte de soi.<\/p>","protected":false},"excerpt":{"rendered":"<p>Essayez nos g\u00e9lules de 250 mg de psilocybine\u00a0:<\/p>\n<p><a href=\"https:\/\/www.sunsetcity.ca\/product\/tmt-pure-microdose-capsules-made-in-vancouver\/\">Capsules microdoses TMT \u2013 100% Psilocybine \u2013 Sunset City<\/a><\/p>","protected":false},"featured_media":4518,"comment_status":"closed","ping_status":"closed","template":"","meta":{"site-sidebar-layout":"default","site-content-layout":"default","ast-global-header-display":"","ast-main-header-display":"","ast-hfb-above-header-display":"","ast-hfb-below-header-display":"","ast-hfb-mobile-header-display":"","site-post-title":"","ast-breadcrumbs-content":"","ast-featured-img":"","footer-sml-layout":"","theme-transparent-header-meta":"default","adv-header-id-meta":"","stick-header-meta":"","header-above-stick-meta":"","header-main-stick-meta":"","header-below-stick-meta":""},"product_brand":[],"product_cat":[109],"product_tag":[244,245,246,247],"class_list":{"0":"post-4517","1":"product","2":"type-product","3":"status-publish","4":"has-post-thumbnail","6":"product_cat-magic-mixes","7":"product_tag-schedule-35","8":"product_tag-schedule35","9":"product_tag-schedule35-review","10":"product_tag-schedule35-reviews","12":"first","13":"outofstock","14":"shipping-taxable","15":"purchasable","16":"product-type-simple"},"_links":{"self":[{"href":"https:\/\/sunsetcity.co\/fr\/wp-json\/wp\/v2\/product\/4517","targetHints":{"allow":["GET"]}}],"collection":[{"href":"https:\/\/sunsetcity.co\/fr\/wp-json\/wp\/v2\/product"}],"about":[{"href":"https:\/\/sunsetcity.co\/fr\/wp-json\/wp\/v2\/types\/product"}],"replies":[{"embeddable":true,"href":"https:\/\/sunsetcity.co\/fr\/wp-json\/wp\/v2\/comments?post=4517"}],"wp:featuredmedia":[{"embeddable":true,"href":"https:\/\/sunsetcity.co\/fr\/wp-json\/wp\/v2\/media\/4518"}],"wp:attachment":[{"href":"https:\/\/sunsetcity.co\/fr\/wp-json\/wp\/v2\/media?parent=4517"}],"wp:term":[{"taxonomy":"product_brand","embeddable":true,"href":"https:\/\/sunsetcity.co\/fr\/wp-json\/wp\/v2\/product_brand?post=4517"},{"taxonomy":"product_cat","embeddable":true,"href":"https:\/\/sunsetcity.co\/fr\/wp-json\/wp\/v2\/product_cat?post=4517"},{"taxonomy":"product_tag","embeddable":true,"href":"https:\/\/sunsetcity.co\/fr\/wp-json\/wp\/v2\/product_tag?post=4517"}],"curies":[{"name":"wp","href":"https:\/\/api.w.org\/{rel}","templated":true}]}}