{"id":4699,"date":"2023-02-10T15:31:06","date_gmt":"2023-02-10T22:31:06","guid":{"rendered":"https:\/\/www.sunsetcity.ca\/?post_type=product&#038;p=4699"},"modified":"2025-08-07T13:13:09","modified_gmt":"2025-08-07T20:13:09","slug":"great-white-monster-magic-mushrooms","status":"publish","type":"product","link":"https:\/\/sunsetcity.co\/fr\/produit\/grands-champignons-magiques-monstres-blancs\/","title":{"rendered":"Champignons Magiques Grands Monstres Blancs"},"content":{"rendered":"<p><strong>Novembre 2023\u00a0: Cette vari\u00e9t\u00e9 est de nouveau en stock.<\/strong><\/p>\n<h2>\u00c9coutez les amis, je suis enthousiasm\u00e9 par la vari\u00e9t\u00e9 Great White Monster aujourd&#039;hui\u00a0!<\/h2>\n<p>Cela change vraiment la donne en mati\u00e8re de champignons m\u00e9dicinaux, et laissez-moi vous dire qu&#039;ils sont tr\u00e8s recherch\u00e9s pour une raison. Cette combinaison sp\u00e9ciale de champignons portoricains et de souche A regorge de psilocybine, dont il a \u00e9t\u00e9 scientifiquement prouv\u00e9 qu&#039;elle offre un large \u00e9ventail de bienfaits pour la sant\u00e9. Du soulagement de la douleur chronique \u00e0 la gestion de la d\u00e9pression, de l&#039;anxi\u00e9t\u00e9, du trouble bipolaire et bien plus encore, le Grand Monstre Blanc est l\u00e0 pour vous.<\/p>\n<p>Mais attendez, cette vari\u00e9t\u00e9 n\u2019est pas une blague ! Sa puissance est hors du commun et vous offrira \u00e0 coup s\u00fbr une exp\u00e9rience psychoactive hallucinante. Si vous recherchez un voyage pas comme les autres, ce champignon est fait pour vous. Et pour tous les amoureux de la nature, le Grand Monstre Blanc am\u00e9liorera vos exp\u00e9riences en plein air avec ses effets euphorisants et stabilisateurs d&#039;humeur.<\/p>\n<p>Assurez-vous donc de prendre la dose recommand\u00e9e de 1 \u00e0 2,5 grammes pour profiter pleinement des bienfaits de cette puissante vari\u00e9t\u00e9. Croyez-moi, le Grand Monstre Blanc vaut chaque centime et chaque voyage !<\/p>","protected":false},"excerpt":{"rendered":"<p>Novembre 2023\u00a0: Cette vari\u00e9t\u00e9 est de nouveau en stock. \u00c9coutez les amis, je suis enthousiasm\u00e9 par la vari\u00e9t\u00e9 Great White Monster aujourd&#039;hui\u00a0! Cela change vraiment la donne en mati\u00e8re de champignons m\u00e9dicinaux, et laissez-moi vous dire qu&#039;ils sont tr\u00e8s recherch\u00e9s pour une raison. Cette combinaison sp\u00e9ciale de champignons portoricains et de souche A est emball\u00e9e\u2026<\/p>\n<p class=\"read-more\"> <a class=\"\" href=\"https:\/\/sunsetcity.co\/fr\/produit\/grands-champignons-magiques-monstres-blancs\/\"> <span class=\"screen-reader-text\">Champignons Magiques Grands Monstres Blancs<\/span> Lire la suite \u00bb<\/a><\/p>","protected":false},"featured_media":4712,"comment_status":"closed","ping_status":"closed","template":"","meta":{"site-sidebar-layout":"no-sidebar","site-content-layout":"boxed-container","ast-global-header-display":"","ast-main-header-display":"","ast-hfb-above-header-display":"","ast-hfb-below-header-display":"","ast-hfb-mobile-header-display":"","site-post-title":"","ast-breadcrumbs-content":"","ast-featured-img":"","footer-sml-layout":"","theme-transparent-header-meta":"default","adv-header-id-meta":"","stick-header-meta":"","header-above-stick-meta":"","header-main-stick-meta":"","header-below-stick-meta":""},"product_brand":[],"product_cat":[29],"product_tag":[258,256,255,254,257,259,260],"class_list":{"0":"post-4699","1":"product","2":"type-product","3":"status-publish","4":"has-post-thumbnail","6":"product_cat-shroom","7":"product_tag-great-white","8":"product_tag-great-white-monster","9":"product_tag-great-white-monster-magic-mushroom","10":"product_tag-great-white-monster-magic-mushrooms","11":"product_tag-great-white-monster-shroom","12":"product_tag-great-white-mushroom","13":"product_tag-great-white-shroom","15":"first","16":"outofstock","17":"sale","18":"shipping-taxable","19":"purchasable","20":"product-type-variable","21":"has-default-attributes"},"_links":{"self":[{"href":"https:\/\/sunsetcity.co\/fr\/wp-json\/wp\/v2\/product\/4699","targetHints":{"allow":["GET"]}}],"collection":[{"href":"https:\/\/sunsetcity.co\/fr\/wp-json\/wp\/v2\/product"}],"about":[{"href":"https:\/\/sunsetcity.co\/fr\/wp-json\/wp\/v2\/types\/product"}],"replies":[{"embeddable":true,"href":"https:\/\/sunsetcity.co\/fr\/wp-json\/wp\/v2\/comments?post=4699"}],"wp:featuredmedia":[{"embeddable":true,"href":"https:\/\/sunsetcity.co\/fr\/wp-json\/wp\/v2\/media\/4712"}],"wp:attachment":[{"href":"https:\/\/sunsetcity.co\/fr\/wp-json\/wp\/v2\/media?parent=4699"}],"wp:term":[{"taxonomy":"product_brand","embeddable":true,"href":"https:\/\/sunsetcity.co\/fr\/wp-json\/wp\/v2\/product_brand?post=4699"},{"taxonomy":"product_cat","embeddable":true,"href":"https:\/\/sunsetcity.co\/fr\/wp-json\/wp\/v2\/product_cat?post=4699"},{"taxonomy":"product_tag","embeddable":true,"href":"https:\/\/sunsetcity.co\/fr\/wp-json\/wp\/v2\/product_tag?post=4699"}],"curies":[{"name":"wp","href":"https:\/\/api.w.org\/{rel}","templated":true}]}}