{"id":4702,"date":"2023-02-10T15:31:07","date_gmt":"2023-02-10T22:31:07","guid":{"rendered":"https:\/\/www.sunsetcity.ca\/?post_type=product&#038;p=4702"},"modified":"2023-03-05T20:11:13","modified_gmt":"2023-03-06T03:11:13","slug":"lizard-king-mushrooms","status":"publish","type":"product","link":"https:\/\/sunsetcity.co\/fr\/produit\/champignons-roi-lezard\/","title":{"rendered":"Champignons Roi L\u00e9zard"},"content":{"rendered":"<p><strong>Pr\u00e9venez-moi lorsque cette vari\u00e9t\u00e9 sera de nouveau en stock.<\/strong><\/p>\n<div class=\"wpforms-container\" id=\"wpforms-5017\"><form id=\"wpforms-form-5017\" class=\"wpforms-validate wpforms-form wpforms-ajax-form\" data-formid=\"5017\" method=\"post\" enctype=\"multipart\/form-data\" action=\"\/fr\/wp-json\/wp\/v2\/product\/4702\" data-token=\"336b3a64840d5bec5e44a952314bca28\" data-token-time=\"1776807068\" data-trp-original-action=\"\/fr\/wp-json\/wp\/v2\/product\/4702\"><noscript class=\"wpforms-error-noscript\">Veuillez activer JavaScript dans votre navigateur pour remplir ce formulaire.<\/noscript><div class=\"wpforms-field-container\"><div id=\"wpforms-5017-field_0-container\" class=\"wpforms-field wpforms-field-name\" data-field-id=\"0\"><label class=\"wpforms-field-label\" for=\"wpforms-5017-field_0\">Nom<\/label><input type=\"text\" id=\"wpforms-5017-field_0\" class=\"wpforms-field-medium\" name=\"wpforms[fields][0]\" ><\/div><div id=\"wpforms-5017-field_1-container\" class=\"wpforms-field wpforms-field-email\" data-field-id=\"1\"><label class=\"wpforms-field-label\" for=\"wpforms-5017-field_1\">E-mail <span class=\"wpforms-required-label\">*<\/span><\/label><input type=\"email\" id=\"wpforms-5017-field_1\" class=\"wpforms-field-medium wpforms-field-required\" name=\"wpforms[fields][1]\" spellcheck=\"false\" required><\/div><div id=\"wpforms-5017-field_2-container\" class=\"wpforms-field wpforms-field-textarea\" data-field-id=\"2\"><label class=\"wpforms-field-label\" for=\"wpforms-5017-field_2\">Commentaire ou message <span class=\"wpforms-required-label\">*<\/span><\/label><textarea id=\"wpforms-5017-field_2\" class=\"wpforms-field-medium wpforms-field-required\" name=\"wpforms[fields][2]\" required><\/textarea><\/div><\/div><!-- .wpforms-field-container --><div class=\"wpforms-submit-container\" ><input type=\"hidden\" name=\"wpforms[id]\" value=\"5017\"><input type=\"hidden\" name=\"page_title\" value=\"\"><input type=\"hidden\" name=\"page_url\" value=\"https:\/\/sunsetcity.co\/fr\/wp-json\/wp\/v2\/product\/4702\"><input type=\"hidden\" name=\"url_referer\" value=\"\"><button type=\"submit\" name=\"wpforms[submit]\" id=\"wpforms-submit-5017\" class=\"wpforms-submit\" data-alt-text=\"Sending...\" data-submit-text=\"Notify Me!\" aria-live=\"assertive\" value=\"wpforms-submit\">Pr\u00e9venez-moi!<\/button><img loading=\"lazy\" decoding=\"async\" src=\"https:\/\/sunsetcity.co\/wp-content\/plugins\/wpforms-lite\/assets\/images\/submit-spin.svg\" class=\"wpforms-submit-spinner\" style=\"display: none;\" width=\"26\" height=\"26\" alt=\"Chargement\"><\/div><input type=\"hidden\" name=\"trp-form-language\" value=\"fr\"\/><\/form><\/div>  <!-- .wpforms-container -->\n<h1>La souche P. Cubensis connue sous le nom de champignons Lizard King<\/h1>\n<h2>LK, est originaire du nord du Mexique. L\u2019ethnomycologue mythique connu sous le nom de Roi L\u00e9zard a donn\u00e9 son nom \u00e0 ce champignon magique. On attribue \u00e0 LK la domestication de cette Psilocybine Cubensis et la d\u00e9couverte de nombreux autres sp\u00e9cimens pr\u00e9cieux dans le nord du Mexique.<\/h2>\n<p>C\u2019est un fantastique champignon roi-l\u00e9zard pour les d\u00e9butants et il devient rapidement l\u2019un des favoris du personnel pour la randonn\u00e9e. Les rapports de Psychonauts d\u00e9crivent un voyage joyeux et \u00e9nergisant avec un corps d\u00e9tendu et des visuels puissants.<\/p>\n<p>Mes amis, permettez-moi de discuter avec vous des avantages potentiels de la prise de champignons magiques, parfois appel\u00e9s \u00ab Scooby Snacks \u00bb. Il a \u00e9t\u00e9 d\u00e9montr\u00e9 que l\u2019ingr\u00e9dient cl\u00e9 de ces champignons, la psilocybine, offre un certain nombre d\u2019avantages th\u00e9rapeutiques lorsqu\u2019il est utilis\u00e9 de mani\u00e8re judicieuse et sous la supervision d\u2019un professionnel de la sant\u00e9 fiable.<\/p>\n<p>Il a \u00e9t\u00e9 prouv\u00e9 dans des \u00e9tudes que des doses faibles \u00e0 mod\u00e9r\u00e9es de psilocybine am\u00e9liorent l&#039;humeur, diminuent l&#039;anxi\u00e9t\u00e9 et la d\u00e9pression et augmentent les sensations de bien-\u00eatre. De plus, cela peut \u00e9largir les perspectives des gens sur la vie et am\u00e9liorer leurs exp\u00e9riences spirituelles et cr\u00e9atives.<\/p>\n<p>Les effets de la psilocybine peuvent cependant \u00eatre puissants et diff\u00e9rer consid\u00e9rablement d\u2019une personne \u00e0 l\u2019autre. Il faut donc commencer par une dose modeste<\/p>","protected":false},"excerpt":{"rendered":"<p>Pr\u00e9venez-moi lorsque cette vari\u00e9t\u00e9 sera de nouveau en stock. La souche P. Cubensis, connue sous le nom de Lizard King Mushrooms LK, est originaire du nord du Mexique. L\u2019ethnomycologue mythique connu sous le nom de Roi L\u00e9zard a donn\u00e9 son nom \u00e0 ce champignon magique. On attribue \u00e0 LK la domestication de cette Psilocybin Cubensis et la d\u00e9couverte de nombreux autres sp\u00e9cimens pr\u00e9cieux dans le nord du Mexique. Ce \u2026<\/p>\n<p class=\"read-more\"> <a class=\"\" href=\"https:\/\/sunsetcity.co\/fr\/produit\/champignons-roi-lezard\/\"> <span class=\"screen-reader-text\">Champignons Roi L\u00e9zard<\/span> Lire la suite \u00bb<\/a><\/p>","protected":false},"featured_media":832,"comment_status":"closed","ping_status":"closed","template":"","meta":{"site-sidebar-layout":"no-sidebar","site-content-layout":"boxed-container","ast-global-header-display":"","ast-main-header-display":"","ast-hfb-above-header-display":"","ast-hfb-below-header-display":"","ast-hfb-mobile-header-display":"","site-post-title":"","ast-breadcrumbs-content":"","ast-featured-img":"","footer-sml-layout":"","theme-transparent-header-meta":"default","adv-header-id-meta":"","stick-header-meta":"","header-above-stick-meta":"","header-main-stick-meta":"","header-below-stick-meta":""},"product_brand":[],"product_cat":[29],"product_tag":[249,248,251,253,252,250],"class_list":{"0":"post-4702","1":"product","2":"type-product","3":"status-publish","4":"has-post-thumbnail","6":"product_cat-shroom","7":"product_tag-hill-billy-mushroom","8":"product_tag-hillbilly","9":"product_tag-hillybilly-cubensis","10":"product_tag-hillybilly-magic-mushroom","11":"product_tag-hillybilly-mushroom","12":"product_tag-hillybilly-mushrooms","14":"first","15":"outofstock","16":"sale","17":"shipping-taxable","18":"purchasable","19":"product-type-variable"},"_links":{"self":[{"href":"https:\/\/sunsetcity.co\/fr\/wp-json\/wp\/v2\/product\/4702","targetHints":{"allow":["GET"]}}],"collection":[{"href":"https:\/\/sunsetcity.co\/fr\/wp-json\/wp\/v2\/product"}],"about":[{"href":"https:\/\/sunsetcity.co\/fr\/wp-json\/wp\/v2\/types\/product"}],"replies":[{"embeddable":true,"href":"https:\/\/sunsetcity.co\/fr\/wp-json\/wp\/v2\/comments?post=4702"}],"wp:featuredmedia":[{"embeddable":true,"href":"https:\/\/sunsetcity.co\/fr\/wp-json\/wp\/v2\/media\/832"}],"wp:attachment":[{"href":"https:\/\/sunsetcity.co\/fr\/wp-json\/wp\/v2\/media?parent=4702"}],"wp:term":[{"taxonomy":"product_brand","embeddable":true,"href":"https:\/\/sunsetcity.co\/fr\/wp-json\/wp\/v2\/product_brand?post=4702"},{"taxonomy":"product_cat","embeddable":true,"href":"https:\/\/sunsetcity.co\/fr\/wp-json\/wp\/v2\/product_cat?post=4702"},{"taxonomy":"product_tag","embeddable":true,"href":"https:\/\/sunsetcity.co\/fr\/wp-json\/wp\/v2\/product_tag?post=4702"}],"curies":[{"name":"wp","href":"https:\/\/api.w.org\/{rel}","templated":true}]}}