{"id":4714,"date":"2023-02-11T10:18:27","date_gmt":"2023-02-11T17:18:27","guid":{"rendered":"https:\/\/www.sunsetcity.ca\/?post_type=product&#038;p=4714"},"modified":"2024-01-18T09:30:42","modified_gmt":"2024-01-18T16:30:42","slug":"thai-elephant-dung-magic-mushrooms","status":"publish","type":"product","link":"https:\/\/sunsetcity.co\/fr\/produit\/champignons-magiques-de-bouse-delephant-thailandais\/","title":{"rendered":"Champignons magiques de bouse d&#039;\u00e9l\u00e9phant tha\u00eflandais"},"content":{"rendered":"<p><strong>Pr\u00e9venez-moi lorsque cette vari\u00e9t\u00e9 sera de nouveau en stock.\u00a0<\/strong><\/p>\n<div class=\"wpforms-container\" id=\"wpforms-5017\"><form id=\"wpforms-form-5017\" class=\"wpforms-validate wpforms-form wpforms-ajax-form\" data-formid=\"5017\" method=\"post\" enctype=\"multipart\/form-data\" action=\"\/fr\/wp-json\/wp\/v2\/product\/4714\" data-token=\"336b3a64840d5bec5e44a952314bca28\" data-token-time=\"1776807570\" data-trp-original-action=\"\/fr\/wp-json\/wp\/v2\/product\/4714\"><noscript class=\"wpforms-error-noscript\">Veuillez activer JavaScript dans votre navigateur pour remplir ce formulaire.<\/noscript><div class=\"wpforms-field-container\"><div id=\"wpforms-5017-field_0-container\" class=\"wpforms-field wpforms-field-name\" data-field-id=\"0\"><label class=\"wpforms-field-label\" for=\"wpforms-5017-field_0\">Nom<\/label><input type=\"text\" id=\"wpforms-5017-field_0\" class=\"wpforms-field-medium\" name=\"wpforms[fields][0]\" ><\/div><div id=\"wpforms-5017-field_1-container\" class=\"wpforms-field wpforms-field-email\" data-field-id=\"1\"><label class=\"wpforms-field-label\" for=\"wpforms-5017-field_1\">E-mail <span class=\"wpforms-required-label\">*<\/span><\/label><input type=\"email\" id=\"wpforms-5017-field_1\" class=\"wpforms-field-medium wpforms-field-required\" name=\"wpforms[fields][1]\" spellcheck=\"false\" required><\/div><div id=\"wpforms-5017-field_2-container\" class=\"wpforms-field wpforms-field-textarea\" data-field-id=\"2\"><label class=\"wpforms-field-label\" for=\"wpforms-5017-field_2\">Commentaire ou message <span class=\"wpforms-required-label\">*<\/span><\/label><textarea id=\"wpforms-5017-field_2\" class=\"wpforms-field-medium wpforms-field-required\" name=\"wpforms[fields][2]\" required><\/textarea><\/div><\/div><!-- .wpforms-field-container --><div class=\"wpforms-submit-container\" ><input type=\"hidden\" name=\"wpforms[id]\" value=\"5017\"><input type=\"hidden\" name=\"page_title\" value=\"\"><input type=\"hidden\" name=\"page_url\" value=\"https:\/\/sunsetcity.co\/fr\/wp-json\/wp\/v2\/product\/4714\"><input type=\"hidden\" name=\"url_referer\" value=\"\"><button type=\"submit\" name=\"wpforms[submit]\" id=\"wpforms-submit-5017\" class=\"wpforms-submit\" data-alt-text=\"Sending...\" data-submit-text=\"Notify Me!\" aria-live=\"assertive\" value=\"wpforms-submit\">Pr\u00e9venez-moi!<\/button><img loading=\"lazy\" decoding=\"async\" src=\"https:\/\/sunsetcity.co\/wp-content\/plugins\/wpforms-lite\/assets\/images\/submit-spin.svg\" class=\"wpforms-submit-spinner\" style=\"display: none;\" width=\"26\" height=\"26\" alt=\"Chargement\"><\/div><input type=\"hidden\" name=\"trp-form-language\" value=\"fr\"\/><\/form><\/div>  <!-- .wpforms-container -->\n<p><strong>Nous ferons de notre mieux pour r\u00e9pondre \u00e0 votre demande ou vous r\u00e9f\u00e9rer \u00e0 des vari\u00e9t\u00e9s similaires\u00a0<\/strong><\/p>\n<p>Personnellement, j&#039;adore prendre ces champignons avec <a href=\"https:\/\/www.sunsetcity.ca\/product\/coca-leaf-cafe-tea-vancouver\/\" target=\"_blank\" rel=\"noopener\">Th\u00e9 aux feuilles de coca<\/a><\/p>\n<p>\u00ab Mes amis, avez-vous entendu parler de la bouse d&#039;\u00e9l\u00e9phant tha\u00eflandais, \u00e9galement connue sous le nom de TED, Thai cubensis ou Elephant Strain ? Il s\u2019agit d\u2019un champignon Psilocybe cubensis unique et exotique dont les origines sont un peu myst\u00e9rieuses. Certains disent qu&#039;il s&#039;agit du Psilocybe Samuiensis, \u00e9galement connu sous le nom de souche Allen, du nom de John Allen, un ethno-mycologue qui l&#039;a d\u00e9couvert dans les excr\u00e9ments de buffles d&#039;eau en 1991. D&#039;autres pensent que cela est d\u00fb \u00e0 l&#039;esp\u00e8ce psychoactive Panaeolus Cyanescens, alias Blue Meanies ou Pan. tropicalis, \u00e9galement connu sous le nom de \u00ab zoo doo \u00bb car ils se propagent \u00e0 travers le compost du zoo fabriqu\u00e9 \u00e0 partir de d\u00e9chets d&#039;\u00e9l\u00e9phants et d&#039;hippopotames.<\/p>\n<p>Malgr\u00e9 ces histoires, une chose est s\u00fbre, les champignons \u00e9l\u00e9phants tha\u00eflandais ne poussent que sur un seul type de fumier, le fumier tha\u00eflandais, que les Tha\u00eflandais consid\u00e8rent comme le \u00ab parfait alchimiste \u00bb qui transforme le fumier en \u00ab champignons de l&#039;illumination \u00bb. On dit que le substrat peut affecter la puissance des champignons, et en Tha\u00eflande, o\u00f9 le dieu hindou du d\u00e9part, Ganesha, est v\u00e9n\u00e9r\u00e9, il n&#039;est pas \u00e9tonnant que la souche Thai Elephant Dung soit glorifi\u00e9e.<\/p>\n<p>La Tha\u00eflande a une longue histoire de tourisme aux champignons magiques et poss\u00e9dait m\u00eame des restaurants proposant des omelettes et des shakes \u00e0 P. Subcubensis. Les indig\u00e8nes tha\u00eflandais l&#039;appelaient \u00abhed\u00bb, ce qui signifie \u00abchampignon qui appara\u00eet apr\u00e8s la d\u00e9f\u00e9cation du buffle d&#039;eau\u00bb. Aujourd&#039;hui, la souche Thai Elephant Dung a donn\u00e9 naissance \u00e0 des descendants comme la Koh Samui Super Strain et les Thai Ban Huan Magic Mushrooms, faisant de la Tha\u00eflande une plaque tournante du tourisme des champignons magiques.<\/p>\n<p>De nombreuses vari\u00e9t\u00e9s tha\u00eflandaises conviennent au microdosage et ont une puissance mod\u00e9r\u00e9e \u00e0 \u00e9lev\u00e9e, ce qui en fait un choix populaire pour les cultivateurs. Les critiques rapportent une exp\u00e9rience intense et euphorique avec une mont\u00e9e en puissance rapide et puissante, mais avec beaucoup de rires et une belle r\u00e9manence. Le niveau de psilocybine est affect\u00e9 par la qualit\u00e9 nutritionnelle du substrat de bouse d&#039;\u00e9l\u00e9phant, et c&#039;est pourquoi on dit que Thai cubensis a une puissance \u00e9lev\u00e9e.<\/p>\n<p>Donc, si vous \u00eates pr\u00eat \u00e0 vous lancer dans un voyage de d\u00e9couverte de vous-m\u00eame et \u00e0 vous abandonner aux pouvoirs magiques des excr\u00e9ments de Ganesh, alors la vari\u00e9t\u00e9 Thai Elephant Dung est faite pour vous. Il s&#039;agit d&#039;une vari\u00e9t\u00e9 robuste et \u00e0 croissance rapide qui r\u00e9siste \u00e0 la contamination et qui procure une exp\u00e9rience psychoactive \u00ab enivrante \u00bb et forte. Alors, attachez votre ceinture et pr\u00e9parez-vous pour une balade incroyable\u00a0!\u00a0\u00bb<\/p>","protected":false},"excerpt":{"rendered":"<p>Pr\u00e9venez-moi lorsque cette vari\u00e9t\u00e9 sera de nouveau en stock. Nous ferons de notre mieux pour r\u00e9pondre \u00e0 votre demande ou vous r\u00e9f\u00e9rer \u00e0 des vari\u00e9t\u00e9s similaires. Personnellement, j&#039;adore prendre ces champignons avec du th\u00e9 aux feuilles de Coca. \u00ab Les amis, avez-vous entendu parler de la bouse d&#039;\u00e9l\u00e9phant tha\u00eflandais, \u00e9galement connue sous le nom de TED, Thai cubensis ou souche d&#039;\u00e9l\u00e9phant. ? C&#039;est \u2026<\/p>\n<p class=\"read-more\"> <a class=\"\" href=\"https:\/\/sunsetcity.co\/fr\/produit\/champignons-magiques-de-bouse-delephant-thailandais\/\"> <span class=\"screen-reader-text\">Champignons magiques de bouse d&#039;\u00e9l\u00e9phant tha\u00eflandais<\/span> Lire la suite \u00bb<\/a><\/p>","protected":false},"featured_media":4719,"comment_status":"closed","ping_status":"closed","template":"","meta":{"site-sidebar-layout":"no-sidebar","site-content-layout":"boxed-container","ast-global-header-display":"","ast-main-header-display":"","ast-hfb-above-header-display":"","ast-hfb-below-header-display":"","ast-hfb-mobile-header-display":"","site-post-title":"","ast-breadcrumbs-content":"","ast-featured-img":"","footer-sml-layout":"","theme-transparent-header-meta":"default","adv-header-id-meta":"","stick-header-meta":"","header-above-stick-meta":"","header-main-stick-meta":"","header-below-stick-meta":""},"product_brand":[],"product_cat":[29],"product_tag":[261,264,263,262],"class_list":{"0":"post-4714","1":"product","2":"type-product","3":"status-publish","4":"has-post-thumbnail","6":"product_cat-shroom","7":"product_tag-thai-elephant","8":"product_tag-thai-elephant-dung","9":"product_tag-thai-elephant-mushroom","10":"product_tag-thai-elephant-shroom","12":"first","13":"outofstock","14":"sale","15":"shipping-taxable","16":"purchasable","17":"product-type-variable"},"_links":{"self":[{"href":"https:\/\/sunsetcity.co\/fr\/wp-json\/wp\/v2\/product\/4714","targetHints":{"allow":["GET"]}}],"collection":[{"href":"https:\/\/sunsetcity.co\/fr\/wp-json\/wp\/v2\/product"}],"about":[{"href":"https:\/\/sunsetcity.co\/fr\/wp-json\/wp\/v2\/types\/product"}],"replies":[{"embeddable":true,"href":"https:\/\/sunsetcity.co\/fr\/wp-json\/wp\/v2\/comments?post=4714"}],"wp:featuredmedia":[{"embeddable":true,"href":"https:\/\/sunsetcity.co\/fr\/wp-json\/wp\/v2\/media\/4719"}],"wp:attachment":[{"href":"https:\/\/sunsetcity.co\/fr\/wp-json\/wp\/v2\/media?parent=4714"}],"wp:term":[{"taxonomy":"product_brand","embeddable":true,"href":"https:\/\/sunsetcity.co\/fr\/wp-json\/wp\/v2\/product_brand?post=4714"},{"taxonomy":"product_cat","embeddable":true,"href":"https:\/\/sunsetcity.co\/fr\/wp-json\/wp\/v2\/product_cat?post=4714"},{"taxonomy":"product_tag","embeddable":true,"href":"https:\/\/sunsetcity.co\/fr\/wp-json\/wp\/v2\/product_tag?post=4714"}],"curies":[{"name":"wp","href":"https:\/\/api.w.org\/{rel}","templated":true}]}}