{"id":5144,"date":"2023-03-12T23:50:04","date_gmt":"2023-03-13T06:50:04","guid":{"rendered":"https:\/\/www.sunsetcity.ca\/?post_type=product&#038;p=5144"},"modified":"2023-03-12T23:54:30","modified_gmt":"2023-03-13T06:54:30","slug":"malabar-mushroom","status":"publish","type":"product","link":"https:\/\/sunsetcity.co\/fr\/produit\/champignon-malabar\/","title":{"rendered":"Champignon Malabar"},"content":{"rendered":"<h1>Champignon magique Malabar<\/h1>\n<p>Vari\u00e9t\u00e9 tr\u00e8s appr\u00e9ci\u00e9e, les champignons magiques malabar, alias champignon Malabar, sont r\u00e9put\u00e9s \u00e0 la fois pour leur excellent effet stimulant sur l&#039;humeur et leurs effets visuels puissants. Ces champignons ont un impact plus puissant que d\u2019habitude et conviennent aussi bien aux microdoses qu\u2019aux macrodoses. Avec des doses moindres, les utilisateurs se sentent souvent revigor\u00e9s et pleins d&#039;\u00e9nergie, ce qui peut \u00eatre tr\u00e8s utile pour soulager l&#039;anxi\u00e9t\u00e9. Cela pourrait \u00eatre appliqu\u00e9 \u00e0 la fois en priv\u00e9 et en public. On peut s&#039;attendre \u00e0 des rires interminables et \u00e0 des discussions profond\u00e9ment s\u00e9rieuses, selon la situation. Ces champignons ont des tiges de taille moyenne et un chapeau dont la couleur varie du brun clair au brun fonc\u00e9. Les champignons magiques Malabar sont souvent disponibles dans des tailles allant de moyennes \u00e0 g\u00e9antes.<\/p>","protected":false},"excerpt":{"rendered":"<p>Champignon magique Malabar Une vari\u00e9t\u00e9 tr\u00e8s appr\u00e9ci\u00e9e, les champignons magiques Malabar, alias champignon Malabar, sont r\u00e9put\u00e9s \u00e0 la fois pour leur excellente humeur et leurs puissants effets visuels. Ces champignons ont un impact plus puissant que d\u2019habitude et conviennent aussi bien aux microdoses qu\u2019aux macrodoses. Avec des doses moindres, les utilisateurs se sentent souvent revigor\u00e9s et pleins d\u2019\u00e9nergie, ce qui peut \u00eatre tr\u00e8s utile\u2026<\/p>\n<p class=\"read-more\"> <a class=\"\" href=\"https:\/\/sunsetcity.co\/fr\/produit\/champignon-malabar\/\"> <span class=\"screen-reader-text\">Champignon Malabar<\/span> Lire la suite \u00bb<\/a><\/p>","protected":false},"featured_media":5149,"comment_status":"closed","ping_status":"closed","template":"","meta":{"site-sidebar-layout":"no-sidebar","site-content-layout":"boxed-container","ast-global-header-display":"","ast-main-header-display":"","ast-hfb-above-header-display":"","ast-hfb-below-header-display":"","ast-hfb-mobile-header-display":"","site-post-title":"","ast-breadcrumbs-content":"","ast-featured-img":"","footer-sml-layout":"","theme-transparent-header-meta":"default","adv-header-id-meta":"","stick-header-meta":"","header-above-stick-meta":"","header-main-stick-meta":"","header-below-stick-meta":""},"product_brand":[],"product_cat":[29],"product_tag":[267,268,272,271,270,269],"class_list":{"0":"post-5144","1":"product","2":"type-product","3":"status-publish","4":"has-post-thumbnail","6":"product_cat-shroom","7":"product_tag-malabar","8":"product_tag-malabar-magic-mushrooms","9":"product_tag-malabar-mushroom","10":"product_tag-malabar-mushrooms","11":"product_tag-malabar-shroom","12":"product_tag-malabar-strain","14":"first","15":"instock","16":"sale","17":"shipping-taxable","18":"purchasable","19":"product-type-variable","20":"has-default-attributes"},"_links":{"self":[{"href":"https:\/\/sunsetcity.co\/fr\/wp-json\/wp\/v2\/product\/5144","targetHints":{"allow":["GET"]}}],"collection":[{"href":"https:\/\/sunsetcity.co\/fr\/wp-json\/wp\/v2\/product"}],"about":[{"href":"https:\/\/sunsetcity.co\/fr\/wp-json\/wp\/v2\/types\/product"}],"replies":[{"embeddable":true,"href":"https:\/\/sunsetcity.co\/fr\/wp-json\/wp\/v2\/comments?post=5144"}],"wp:featuredmedia":[{"embeddable":true,"href":"https:\/\/sunsetcity.co\/fr\/wp-json\/wp\/v2\/media\/5149"}],"wp:attachment":[{"href":"https:\/\/sunsetcity.co\/fr\/wp-json\/wp\/v2\/media?parent=5144"}],"wp:term":[{"taxonomy":"product_brand","embeddable":true,"href":"https:\/\/sunsetcity.co\/fr\/wp-json\/wp\/v2\/product_brand?post=5144"},{"taxonomy":"product_cat","embeddable":true,"href":"https:\/\/sunsetcity.co\/fr\/wp-json\/wp\/v2\/product_cat?post=5144"},{"taxonomy":"product_tag","embeddable":true,"href":"https:\/\/sunsetcity.co\/fr\/wp-json\/wp\/v2\/product_tag?post=5144"}],"curies":[{"name":"wp","href":"https:\/\/api.w.org\/{rel}","templated":true}]}}