{"id":5215,"date":"2023-03-14T20:41:30","date_gmt":"2023-03-15T03:41:30","guid":{"rendered":"https:\/\/www.sunsetcity.ca\/?post_type=product&#038;p=5215"},"modified":"2025-08-07T13:12:53","modified_gmt":"2025-08-07T20:12:53","slug":"aztec-god","status":"publish","type":"product","link":"https:\/\/sunsetcity.co\/fr\/produit\/dieu-azteque\/","title":{"rendered":"Dieu azt\u00e8que"},"content":{"rendered":"<h1>D\u00e9couvrez le Divin\u00a0: les champis divins azt\u00e8ques<\/h1>\n<p>Les champignons divins azt\u00e8ques sont une vari\u00e9t\u00e9 unique de <i>Psilocybe Cubensis<\/i>, originaire d&#039;Am\u00e9rique centrale et d&#039;Am\u00e9rique du Sud. Ces champignons magiques portent le nom des dieux azt\u00e8ques, cens\u00e9s poss\u00e9der des pouvoirs divins et une sagesse spirituelle.<\/p>\n<p>Les champignons magiques Aztec God ont une apparence visuellement frappante, avec des chapeaux larges et denses de couleur brun rouge\u00e2tre fonc\u00e9. Leurs tiges \u00e9paisses et robustes en font un favori parmi les psychonautes exp\u00e9riment\u00e9s \u00e0 la recherche d&#039;un <span style=\"background-color: #e1bee7;\">souche puissante<\/span>.<\/p>\n<p>Avec un niveau de puissance sup\u00e9rieur \u00e0 2%, les champis Aztec God sont parmi les vari\u00e9t\u00e9s les plus puissantes de <i>Psilocybe Cubensis<\/i>. Ils produisent une exp\u00e9rience hallucinante, avec d\u2019intenses hallucinations visuelles et auditives et un sentiment d\u2019\u00e9veil spirituel. Leurs niveaux de puissance en font un choix populaire pour les psychonautes exp\u00e9riment\u00e9s \u00e0 la recherche d\u2019un voyage profond et introspectif.<\/p>\n<p>En r\u00e9sum\u00e9, les champignons magiques Aztec God ont une apparence unique et un effet puissant et \u00e9poustouflant. Avec leur riche histoire et leur nom divin, ces champis sont les favoris des psychonautes exp\u00e9riment\u00e9s en qu\u00eate de croissance spirituelle et personnelle.<\/p>","protected":false},"excerpt":{"rendered":"<p>Faites l&#039;exp\u00e9rience du divin\u00a0: les champis divins azt\u00e8ques Les champis divins azt\u00e8ques sont une souche unique de Psilocybe Cubensis, originaire d&#039;Am\u00e9rique centrale et d&#039;Am\u00e9rique du Sud. Ces champignons magiques portent le nom des dieux azt\u00e8ques, cens\u00e9s poss\u00e9der des pouvoirs divins et une sagesse spirituelle. Les champignons magiques du Dieu azt\u00e8que ont une apparence visuellement saisissante, avec des chapeaux larges et denses avec un\u2026<\/p>\n<p class=\"read-more\"> <a class=\"\" href=\"https:\/\/sunsetcity.co\/fr\/produit\/dieu-azteque\/\"> <span class=\"screen-reader-text\">Dieu azt\u00e8que<\/span> Lire la suite \u00bb<\/a><\/p>","protected":false},"featured_media":5223,"comment_status":"closed","ping_status":"closed","template":"","meta":{"site-sidebar-layout":"no-sidebar","site-content-layout":"boxed-container","ast-global-header-display":"","ast-main-header-display":"","ast-hfb-above-header-display":"","ast-hfb-below-header-display":"","ast-hfb-mobile-header-display":"","site-post-title":"","ast-breadcrumbs-content":"","ast-featured-img":"","footer-sml-layout":"","theme-transparent-header-meta":"default","adv-header-id-meta":"","stick-header-meta":"","header-above-stick-meta":"","header-main-stick-meta":"","header-below-stick-meta":""},"product_brand":[],"product_cat":[29],"product_tag":[274,277,278,273,276,275],"class_list":{"0":"post-5215","1":"product","2":"type-product","3":"status-publish","4":"has-post-thumbnail","6":"product_cat-shroom","7":"product_tag-aztec-god","8":"product_tag-aztec-god-mushroom","9":"product_tag-aztec-god-mushrooms","10":"product_tag-aztec-gods","11":"product_tag-aztec-gods-mushroom","12":"product_tag-aztec-gods-shrooms","14":"first","15":"outofstock","16":"sale","17":"shipping-taxable","18":"purchasable","19":"product-type-variable","20":"has-default-attributes"},"_links":{"self":[{"href":"https:\/\/sunsetcity.co\/fr\/wp-json\/wp\/v2\/product\/5215","targetHints":{"allow":["GET"]}}],"collection":[{"href":"https:\/\/sunsetcity.co\/fr\/wp-json\/wp\/v2\/product"}],"about":[{"href":"https:\/\/sunsetcity.co\/fr\/wp-json\/wp\/v2\/types\/product"}],"replies":[{"embeddable":true,"href":"https:\/\/sunsetcity.co\/fr\/wp-json\/wp\/v2\/comments?post=5215"}],"wp:featuredmedia":[{"embeddable":true,"href":"https:\/\/sunsetcity.co\/fr\/wp-json\/wp\/v2\/media\/5223"}],"wp:attachment":[{"href":"https:\/\/sunsetcity.co\/fr\/wp-json\/wp\/v2\/media?parent=5215"}],"wp:term":[{"taxonomy":"product_brand","embeddable":true,"href":"https:\/\/sunsetcity.co\/fr\/wp-json\/wp\/v2\/product_brand?post=5215"},{"taxonomy":"product_cat","embeddable":true,"href":"https:\/\/sunsetcity.co\/fr\/wp-json\/wp\/v2\/product_cat?post=5215"},{"taxonomy":"product_tag","embeddable":true,"href":"https:\/\/sunsetcity.co\/fr\/wp-json\/wp\/v2\/product_tag?post=5215"}],"curies":[{"name":"wp","href":"https:\/\/api.w.org\/{rel}","templated":true}]}}