{"id":573,"date":"2021-10-06T18:15:36","date_gmt":"2021-10-07T01:15:36","guid":{"rendered":"https:\/\/www.sunsetcity.ca\/?post_type=product&#038;p=573"},"modified":"2023-12-29T16:51:18","modified_gmt":"2023-12-29T23:51:18","slug":"golden-teacher-magic-mushrooms","status":"publish","type":"product","link":"https:\/\/sunsetcity.co\/fr\/produit\/champignons-magiques-du-professeur-dor\/","title":{"rendered":"Champignon professeur d&#039;or 2.0"},"content":{"rendered":"<p><head><br \/>\n    <meta charset=\"UTF-8\"><br \/>\n    <meta name=\"viewport\" content=\"width=device-width, initial-scale=1.0\"><br \/>\n    <title>Vid\u00e9o r\u00e9active<\/title><\/p>\n<style>\n        body {\n            margin: 0;\n            padding: 0;\n        }\n        .video-container {\n            max-width: 800px; \/* Adjust this value as needed for desktop size *\/\n            margin: 0 auto; \/* Center the video container horizontally *\/\n            padding-top: 56.25%; \/* 16:9 aspect ratio (height:width) *\/\n            position: relative;\n        }\n        .video-container iframe {\n            position: absolute;\n            top: 0;\n            left: 0;\n            width: 100%;\n            height: 100%;\n        }\n    <\/style>\n<p><\/head><br \/>\n<body><\/p>\n<div class=\"video-container\">\n        <iframe src=\"https:\/\/player.vimeo.com\/video\/872992448?badge=0&amp;autopause=0&amp;quality_selector=1&amp;progress_bar=1&amp;player_id=0&amp;app_id=58479\" frameborder=\"0\" allow=\"autoplay; fullscreen; picture-in-picture\" title=\"Sunset City \ud83c\udf44 - Examen de l&#039;ambassadeur\"><\/iframe><\/p><\/div>\n<div class=\"video-container\">\n<iframe loading=\"lazy\" title=\"Lecteur vid\u00e9o YouTube\" src=\"https:\/\/www.youtube.com\/embed\/r7Vg8zD6VR8\" width=\"926\" height=\"521\" frameborder=\"0\" allowfullscreen=\"allowfullscreen\"><\/iframe>\n    <\/div>\n<p><\/body><br \/>\n<\/html><br \/>\nCanada Golden Teacher 2.0 est l&#039;une des vari\u00e9t\u00e9s de champignons psych\u00e9d\u00e9liques les plus \u00e9tonnantes. Cette vari\u00e9t\u00e9 populaire de champignons psilocybe cubensis est s\u00e9lectionn\u00e9e pour tous les niveaux d&#039;exp\u00e9rience et d&#039;intensit\u00e9, car le dosage peut varier en fonction du r\u00e9sultat souhait\u00e9.  <\/p>\n<p>Cette vari\u00e9t\u00e9 peut \u00e9galement \u00eatre utilis\u00e9e dans les th\u00e9s et en microdosage. Les champignons magiques Golden Teacher vous permettent d&#039;exprimer votre cr\u00e9ativit\u00e9 int\u00e9rieure et votre pleine conscience \u00e0 un autre niveau ! Les champis BC Golden Teacher (psilocybin cubensis) sont cultiv\u00e9s localement avec des pratiques biologiques pour garantir une puissance optimale ! La puissance du champignon Golden Teacher est consid\u00e9r\u00e9e comme \u00e9tant \u00e0 \u00e9chelle moyenne.<\/p>\n<p><img decoding=\"async\" src=\"https:\/\/magicmushroomscanada.co\/wp-content\/uploads\/2020\/11\/Dosage-Chart-revised.png\" alt=\"tester la puissance des champignons magiques\" \/><\/p>\n<p>Les champignons Golden Teacher sont consid\u00e9r\u00e9s comme relativement s\u00fbrs, sans surdose mortelle connue. Cependant, comme pour toute substance psychoactive, nous recommandons de consommer les champignons de mani\u00e8re responsable et dans un cadre s\u00fbr, et d&#039;\u00eatre conscient des risques potentiels.<\/p>\n<p>Comment consommer les champignons magiques\u00a0:<br \/>\nNous recommandons ces conseils pour \u00e9viter un bad trip lors de la prise d&#039;une forte dose de psilocybine\/champignons psilocine :<\/p>\n<p>     1. Commencez par consommer de la psilocybine \u00e0 une dose plus faible, par exemple 1 \u00e0 2 grammes, en particulier pour un d\u00e9butant cherchant \u00e0 se lancer dans les psych\u00e9d\u00e9liques.<br \/>\n     2. Demandez \u00e0 un gardien de voyage qui ne participe pas d&#039;\u00eatre l\u00e0 avec vous.<br \/>\n     3. Restez hydrat\u00e9.<\/p>\n<p><a href=\"https:\/\/www.sunsetcity.ca\/product\/trinity-magic-mushroom-premium\/\" target=\"_blank\" rel=\"noopener\">Champignons de la Trinit\u00e9<\/a> sont le niveau suivant si vous essayez une vari\u00e9t\u00e9 plus puissante de champignons \u00e0 psilocybine<\/p>\n<p><a href=\"https:\/\/doubleblindmag.com\/mushrooms\/types\/golden-teachers\/\" target=\"_blank\" rel=\"noopener\">Plus d&#039;infos sur les Professeurs d&#039;Or<\/a><br \/>\n<a href=\"https:\/\/www.sunsetcity.ca\/product\/vancouver-magic-mushroom-grow-kit-beginner-friendly\/\" target=\"_blank\" rel=\"noopener\">Kits de culture Golden Teacher<\/a> sont un excellent moyen de faire pousser les champignons magiques tout au long de leur cycle de vie<\/p>\n<p><img decoding=\"async\" src=\"https:\/\/www.sunsetcity.ca\/wp-content\/uploads\/2021\/11\/magic-mushroom-grow-kit-scaled.jpg\" alt=\"kits de culture de champignons magiques\" \/><\/p>\n<p><!--more--><\/p>\n<p>Les Golden Teacher Shrooms sont une souche de champignon psilocybine connue pour ses chapeaux distinctifs de couleur dor\u00e9e ou jaune lorsqu&#039;ils sont frais. Apr\u00e8s avoir d\u00e9shydrat\u00e9 les champignons magiques, ils deviennent cassants et il est pr\u00e9f\u00e9rable de les conserver dans un r\u00e9cipient scell\u00e9 tel qu&#039;un sac en mylar ou un pot avec un sachet de silice.<\/p>\n<p>Les effets des champignons Golden Teacher peuvent varier en fonction de la dose et de la personne qui les prend, mais en g\u00e9n\u00e9ral, ils produiraient une gamme d\u2019effets physiques et psychologiques.<\/p>\n<p>Les effets physiques peuvent inclure\u00a0:<\/p>\n<p>Dilatation des pupilles<br \/>\nRythme cardiaque augment\u00e9<br \/>\nPression art\u00e9rielle \u00e9lev\u00e9e<br \/>\nAugmentation de la temp\u00e9rature corporelle<\/p>\n<p>Les effets psychologiques peuvent inclure\u00a0:<\/p>\n<p>Euphorie<br \/>\nDes sens exacerb\u00e9s<br \/>\nCr\u00e9ativit\u00e9 accrue<br \/>\nSpiritualit\u00e9<br \/>\nVisuels yeux ouverts et ferm\u00e9s<br \/>\nUn sentiment d&#039;interconnexion avec l&#039;univers.<\/p>\n<blockquote class=\"twitter-tweet\" data-dnt=\"true\" data-theme=\"dark\">\n<p lang=\"en\" dir=\"ltr\">Depuis le 31 janvier 2023, les adultes de 18 ans et plus en Colombie-Britannique qui poss\u00e8dent 2,5 g ou moins de certaines drogues ill\u00e9gales pour leur usage personnel ne feront pas l&#039;objet d&#039;accusations criminelles. La Colombie-Britannique sera la premi\u00e8re province \u00e0 prendre cette mesure pour traiter la toxicomanie comme un probl\u00e8me de sant\u00e9 et non comme un probl\u00e8me de justice p\u00e9nale. <a href=\"https:\/\/t.co\/jAa8Ehmcqt\" target=\"_blank\">https:\/\/t.co\/jAa8Ehmcqt<\/a> <a href=\"https:\/\/t.co\/0yMqnvvp6k\" target=\"_blank\">pic.twitter.com\/0yMqnvvp6k<\/a><\/p>\n<p>\u2013 Nouvelles du gouvernement de la Colombie-Britannique (@BCGovNews) <a href=\"https:\/\/twitter.com\/BCGovNews\/status\/1618738316874231808?ref_src=twsrc%5Etfw\" target=\"_blank\" rel=\"noopener\">26 janvier 2023<\/a><\/p><\/blockquote>\n<p> <script async src=\"https:\/\/platform.twitter.com\/widgets.js\" charset=\"utf-8\"><\/script><\/p>","protected":false},"excerpt":{"rendered":"<p>Responsive Video Canada Golden Teacher 2.0 est l&#039;une des vari\u00e9t\u00e9s de champignons psych\u00e9d\u00e9liques les plus \u00e9tonnantes. Cette vari\u00e9t\u00e9 populaire de champignons psilocybe cubensis est s\u00e9lectionn\u00e9e pour tous les niveaux d&#039;exp\u00e9rience et d&#039;intensit\u00e9, car le dosage peut varier en fonction du r\u00e9sultat souhait\u00e9. Cette vari\u00e9t\u00e9 peut \u00e9galement \u00eatre utilis\u00e9e dans les th\u00e9s et en microdosage. Dor\u00e9 \u2026<\/p>\n<p class=\"read-more\"> <a class=\"\" href=\"https:\/\/sunsetcity.co\/fr\/produit\/champignons-magiques-du-professeur-dor\/\"> <span class=\"screen-reader-text\">Champignon professeur d&#039;or 2.0<\/span> Lire la suite \u00bb<\/a><\/p>","protected":false},"featured_media":1217,"comment_status":"open","ping_status":"closed","template":"","meta":{"site-sidebar-layout":"default","site-content-layout":"default","ast-global-header-display":"","ast-main-header-display":"","ast-hfb-above-header-display":"","ast-hfb-below-header-display":"","ast-hfb-mobile-header-display":"","site-post-title":"","ast-breadcrumbs-content":"","ast-featured-img":"","footer-sml-layout":"","theme-transparent-header-meta":"default","adv-header-id-meta":"","stick-header-meta":"","header-above-stick-meta":"","header-main-stick-meta":"","header-below-stick-meta":""},"product_brand":[],"product_cat":[29],"product_tag":[49,48,46,51,37,50,47],"class_list":{"0":"post-573","1":"product","2":"type-product","3":"status-publish","4":"has-post-thumbnail","6":"product_cat-shroom","7":"product_tag-bc-magic-mushrooms","8":"product_tag-cubensis","9":"product_tag-golden-teacher","10":"product_tag-gt","11":"product_tag-magic-mushroom","12":"product_tag-magic-mushrooms","13":"product_tag-magic-shrooms","15":"first","16":"instock","17":"shipping-taxable","18":"purchasable","19":"product-type-variable","20":"has-default-attributes"},"_links":{"self":[{"href":"https:\/\/sunsetcity.co\/fr\/wp-json\/wp\/v2\/product\/573","targetHints":{"allow":["GET"]}}],"collection":[{"href":"https:\/\/sunsetcity.co\/fr\/wp-json\/wp\/v2\/product"}],"about":[{"href":"https:\/\/sunsetcity.co\/fr\/wp-json\/wp\/v2\/types\/product"}],"replies":[{"embeddable":true,"href":"https:\/\/sunsetcity.co\/fr\/wp-json\/wp\/v2\/comments?post=573"}],"wp:featuredmedia":[{"embeddable":true,"href":"https:\/\/sunsetcity.co\/fr\/wp-json\/wp\/v2\/media\/1217"}],"wp:attachment":[{"href":"https:\/\/sunsetcity.co\/fr\/wp-json\/wp\/v2\/media?parent=573"}],"wp:term":[{"taxonomy":"product_brand","embeddable":true,"href":"https:\/\/sunsetcity.co\/fr\/wp-json\/wp\/v2\/product_brand?post=573"},{"taxonomy":"product_cat","embeddable":true,"href":"https:\/\/sunsetcity.co\/fr\/wp-json\/wp\/v2\/product_cat?post=573"},{"taxonomy":"product_tag","embeddable":true,"href":"https:\/\/sunsetcity.co\/fr\/wp-json\/wp\/v2\/product_tag?post=573"}],"curies":[{"name":"wp","href":"https:\/\/api.w.org\/{rel}","templated":true}]}}