{"id":578,"date":"2021-10-06T18:42:17","date_gmt":"2021-10-07T01:42:17","guid":{"rendered":"https:\/\/www.sunsetcity.ca\/?post_type=product&#038;p=578"},"modified":"2023-12-29T17:08:17","modified_gmt":"2023-12-30T00:08:17","slug":"trinity-magic-mushroom-premium","status":"publish","type":"product","link":"https:\/\/sunsetcity.co\/fr\/produit\/prime-aux-champignons-magiques-de-la-trinite\/","title":{"rendered":"Trinit\u00e9 (Premium)"},"content":{"rendered":"<p>Un hybride de sous-souche sp\u00e9cial de Penis Envy, Tidal Wave et Aztec God. Ce champignon a les effets de 3 vari\u00e9t\u00e9s diff\u00e9rentes combin\u00e9es pour vous offrir le meilleur de tous les mondes ! Vivez des \u00e9veils physiques et \u00e9motionnels en entrant dans le monde spirituel ! Ce champignon magique ne ressemble \u00e0 aucun autre et est un incontournable pour tous les niveaux. Peut \u00e9galement \u00eatre utilis\u00e9 dans les th\u00e9s aux champignons magiques et en microdose. Les champignons magiques de la Colombie-Britannique sont cultiv\u00e9s localement avec des pratiques naturelles pour garantir une puissance \u00e9lev\u00e9e\u00a0!<\/p>\n<p>Commencez votre aventure avec <a href=\"https:\/\/www.sunsetcity.ca\/product\/trinity-magic-mushroom-premium\/?add-to-cart=682\" target=\"_blank\" rel=\"noopener\">7 grammes de Trinit\u00e9<\/a> !<\/p>\n<blockquote class=\"instagram-media\" style=\"background: #FFF; border: 0; border-radius: 3px; box-shadow: 0 0 1px 0 rgba(0,0,0,0.5),0 1px 10px 0 rgba(0,0,0,0.15); margin: 1px; max-width: 540px; min-width: 326px; padding: 0; width: calc(100% - 2px);\" data-instgrm-captioned=\"\" data-instgrm-permalink=\"https:\/\/www.instagram.com\/p\/CVWoSfiLJmh\/?utm_source=ig_embed&amp;utm_campaign=loading\" data-instgrm-version=\"14\">\n<div style=\"padding: 16px;\">\n<p>&nbsp;<\/p>\n<div style=\"display: flex; flex-direction: row; align-items: center;\">\n<div style=\"background-color: #f4f4f4; border-radius: 50%; flex-grow: 0; height: 40px; margin-right: 14px; width: 40px;\"><\/div>\n<div style=\"display: flex; flex-direction: column; flex-grow: 1; justify-content: center;\">\n<div style=\"background-color: #f4f4f4; border-radius: 4px; flex-grow: 0; height: 14px; margin-bottom: 6px; width: 100px;\"><\/div>\n<div style=\"background-color: #f4f4f4; border-radius: 4px; flex-grow: 0; height: 14px; width: 60px;\"><\/div>\n<\/div>\n<\/div>\n<div style=\"padding: 19% 0;\"><\/div>\n<div style=\"display: block; height: 50px; margin: 0 auto 12px; width: 50px;\"><\/div>\n<div style=\"padding-top: 8px;\">\n<div style=\"color: #3897f0; font-family: Arial,sans-serif; font-size: 14px; font-style: normal; font-weight: 550; line-height: 18px;\">Voir cette publication sur Instagram<\/div>\n<\/div>\n<div style=\"padding: 12.5% 0;\"><\/div>\n<div style=\"display: flex; flex-direction: row; margin-bottom: 14px; align-items: center;\">\n<div>\n<div style=\"background-color: #f4f4f4; border-radius: 50%; height: 12.5px; width: 12.5px; transform: translateX(0px) translateY(7px);\"><\/div>\n<div style=\"background-color: #f4f4f4; height: 12.5px; transform: rotate(-45deg) translateX(3px) translateY(1px); width: 12.5px; flex-grow: 0; margin-right: 14px; margin-left: 2px;\"><\/div>\n<div style=\"background-color: #f4f4f4; border-radius: 50%; height: 12.5px; width: 12.5px; transform: translateX(9px) translateY(-18px);\"><\/div>\n<\/div>\n<div style=\"margin-left: 8px;\">\n<div style=\"background-color: #f4f4f4; border-radius: 50%; flex-grow: 0; height: 20px; width: 20px;\"><\/div>\n<div style=\"width: 0; height: 0; border-top: 2px solid transparent; border-left: 6px solid #f4f4f4; border-bottom: 2px solid transparent; transform: translateX(16px) translateY(-4px) rotate(30deg);\"><\/div>\n<\/div>\n<div style=\"margin-left: auto;\">\n<div style=\"width: 0px; border-top: 8px solid #F4F4F4; border-right: 8px solid transparent; transform: translateY(16px);\"><\/div>\n<div style=\"background-color: #f4f4f4; flex-grow: 0; height: 12px; width: 16px; transform: translateY(-4px);\"><\/div>\n<div style=\"width: 0; height: 0; border-top: 8px solid #F4F4F4; border-left: 8px solid transparent; transform: translateY(-4px) translateX(8px);\"><\/div>\n<\/div>\n<\/div>\n<div style=\"display: flex; flex-direction: column; flex-grow: 1; justify-content: center; margin-bottom: 24px;\">\n<div style=\"background-color: #f4f4f4; border-radius: 4px; flex-grow: 0; height: 14px; margin-bottom: 6px; width: 224px;\"><\/div>\n<div style=\"background-color: #f4f4f4; border-radius: 4px; flex-grow: 0; height: 14px; width: 144px;\"><\/div>\n<\/div>\n<p>&nbsp;<\/p>\n<p style=\"color: #c9c8cd; font-family: Arial,sans-serif; font-size: 14px; line-height: 17px; margin-bottom: 0; margin-top: 8px; overflow: hidden; padding: 8px 0 7px; text-align: center; text-overflow: ellipsis; white-space: nowrap;\"><a style=\"color: #c9c8cd; font-family: Arial,sans-serif; font-size: 14px; font-style: normal; font-weight: normal; line-height: 17px; text-decoration: none;\" href=\"https:\/\/www.instagram.com\/p\/CVWoSfiLJmh\/?utm_source=ig_embed&amp;utm_campaign=loading\" target=\"_blank\" rel=\"noopener\">Un post partag\u00e9 par Sunset City \ud83c\udf44 (@sunsetcityshroom)<\/a><\/p>\n<\/div>\n<\/blockquote>\n<p><script async src=\"\/\/www.instagram.com\/embed.js\"><\/script><\/p>\n<p>T\u00e9moignage client :<\/p>\n<p><em>\u00ab Ah, la magie des champignons, ils sont ma gr\u00e2ce salvatrice depuis un an et demi. La vie \u00e9tait un lourd fardeau avant que je commence le microdosage. Je prenais des m\u00e9dicaments qui me donnaient l&#039;impression d&#039;\u00eatre une coquille de moi-m\u00eame et la th\u00e9rapie ne suffisait pas. Mais ces m\u00e9dicaments sur ordonnance ne faisaient que m\u2019alourdir, m\u2019emp\u00eachant de vivre pleinement la vie. <\/em><\/p>\n<p><em>Mais ensuite, j&#039;ai d\u00e9couvert la solution naturelle. La beaut\u00e9 de ces petites merveilles est qu\u2019elles ne pr\u00e9sentent aucun effet secondaire ni besoin d\u2019ordonnance. Au d\u00e9but, je n&#039;ai pas ressenti beaucoup de diff\u00e9rence. Mais apr\u00e8s quelques mois, \u00e0 les prendre quotidiennement, j&#039;ai commenc\u00e9 \u00e0 ressentir une l\u00e9g\u00e8ret\u00e9, comme si un poids s&#039;enlevait de mes \u00e9paules. Ce n&#039;est pas un rem\u00e8de miracle, mais cela m&#039;a certainement aid\u00e9 \u00e0 mener une vie meilleure.<\/em><\/p>\n<p><script type=\"application\/ld+json\">{\n    \"@context\": \"https:\\\/\\\/schema.org\\\/\",\n    \"@type\": \"Product\",\n    \"brand\": {\n        \"@type\": \"Brand\",\n        \"name\": \"Sunset City\"\n    },\n    \"description\": \"A special sub strain hybrid of Penis envy, Tidal wave, and Aztec God. This mushroom has effects from 3 different strains combined together to bring you best of all worlds! Experience physical and emotional awakenings as you enter the spiritual world! This magic mushroom is like no other and is a MUST try for all levels. Can be used in magic mushroom teas and microdose as well. BC magic mushrooms \\\/ shrooms are grown locally with natural practices to ensure high potency!\",\n    \"sku\": \"9722241984758\",\n    \"mpn\": \"925272\",\n    \"image\": \"https:\\\/\\\/www.sunsetcity.ca\\\/wp-content\\\/uploads\\\/2021\\\/10\\\/trinitymagicmushroom-removebg-preview.png\",\n    \"name\": \"Trinity Mushroom\",\n    \"review\": [\n        {\n            \"@type\": \"Review\",\n            \"reviewRating\": {\n                \"@type\": \"Rating\",\n                \"ratingValue\": \"5\"\n            },\n            \"author\": {\n                \"@type\": \"Person\",\n                \"name\": \"Danny O.\"\n            }\n        },\n        {\n            \"@type\": \"Review\",\n            \"reviewRating\": {\n                \"@type\": \"Rating\",\n                \"ratingValue\": \"5\"\n            },\n            \"author\": {\n                \"@type\": \"Person\",\n                \"name\": \"Joey W.\"\n            }\n        }\n    ],\n    \"aggregateRating\": {\n        \"@type\": \"AggregateRating\",\n        \"ratingValue\": \"95\",\n        \"bestRating\": \"100\",\n        \"ratingCount\": \"2\"\n    },\n    \"offers\": {\n        \"@type\": \"Offer\",\n        \"url\": \"https:\\\/\\\/www.sunsetcity.ca\\\/product\\\/trinity-magic-mushroom-premium\\\/\",\n        \"priceCurrency\": \"CAD\",\n        \"price\": \"40\",\n        \"priceValidUntil\": \"2023-11-05\",\n        \"itemCondition\": \"https:\\\/\\\/schema.org\\\/NewCondition\",\n        \"availability\": \"https:\\\/\\\/schema.org\\\/InStock\",\n        \"seller\": {\n            \"@type\": \"Organization\",\n            \"name\": \"Sunset City\"\n        }\n    }\n}<\/script><\/p>","protected":false},"excerpt":{"rendered":"<p>Un hybride de sous-souche sp\u00e9cial de Penis Envy, Tidal Wave et Aztec God. Ce champignon a les effets de 3 vari\u00e9t\u00e9s diff\u00e9rentes combin\u00e9es pour vous offrir le meilleur de tous les mondes ! Vivez des \u00e9veils physiques et \u00e9motionnels en entrant dans le monde spirituel ! Ce champignon magique ne ressemble \u00e0 aucun autre et est un incontournable pour tous\u2026<\/p>\n<p class=\"read-more\"> <a class=\"\" href=\"https:\/\/sunsetcity.co\/fr\/produit\/prime-aux-champignons-magiques-de-la-trinite\/\"> <span class=\"screen-reader-text\">Trinit\u00e9 (Premium)<\/span> Lire la suite \u00bb<\/a><\/p>","protected":false},"featured_media":2966,"comment_status":"open","ping_status":"closed","template":"","meta":{"site-sidebar-layout":"default","site-content-layout":"default","ast-global-header-display":"","ast-main-header-display":"","ast-hfb-above-header-display":"","ast-hfb-below-header-display":"","ast-hfb-mobile-header-display":"","site-post-title":"","ast-breadcrumbs-content":"","ast-featured-img":"","footer-sml-layout":"","theme-transparent-header-meta":"default","adv-header-id-meta":"","stick-header-meta":"","header-above-stick-meta":"","header-main-stick-meta":"","header-below-stick-meta":""},"product_brand":[],"product_cat":[29],"product_tag":[37,36,112,117,118,116,113,114,115],"class_list":{"0":"post-578","1":"product","2":"type-product","3":"status-publish","4":"has-post-thumbnail","6":"product_cat-shroom","7":"product_tag-magic-mushroom","8":"product_tag-shroom","9":"product_tag-trinity","10":"product_tag-trinity-magic-mushroom","11":"product_tag-trinity-magic-shroom","12":"product_tag-trinity-mushroom-strain","13":"product_tag-trinity-mushrooms","14":"product_tag-trinity-shroom","15":"product_tag-trinity-strain","17":"first","18":"instock","19":"featured","20":"shipping-taxable","21":"purchasable","22":"product-type-variable","23":"has-default-attributes"},"_links":{"self":[{"href":"https:\/\/sunsetcity.co\/fr\/wp-json\/wp\/v2\/product\/578","targetHints":{"allow":["GET"]}}],"collection":[{"href":"https:\/\/sunsetcity.co\/fr\/wp-json\/wp\/v2\/product"}],"about":[{"href":"https:\/\/sunsetcity.co\/fr\/wp-json\/wp\/v2\/types\/product"}],"replies":[{"embeddable":true,"href":"https:\/\/sunsetcity.co\/fr\/wp-json\/wp\/v2\/comments?post=578"}],"wp:featuredmedia":[{"embeddable":true,"href":"https:\/\/sunsetcity.co\/fr\/wp-json\/wp\/v2\/media\/2966"}],"wp:attachment":[{"href":"https:\/\/sunsetcity.co\/fr\/wp-json\/wp\/v2\/media?parent=578"}],"wp:term":[{"taxonomy":"product_brand","embeddable":true,"href":"https:\/\/sunsetcity.co\/fr\/wp-json\/wp\/v2\/product_brand?post=578"},{"taxonomy":"product_cat","embeddable":true,"href":"https:\/\/sunsetcity.co\/fr\/wp-json\/wp\/v2\/product_cat?post=578"},{"taxonomy":"product_tag","embeddable":true,"href":"https:\/\/sunsetcity.co\/fr\/wp-json\/wp\/v2\/product_tag?post=578"}],"curies":[{"name":"wp","href":"https:\/\/api.w.org\/{rel}","templated":true}]}}