{"id":6288,"date":"2023-08-27T12:50:33","date_gmt":"2023-08-27T19:50:33","guid":{"rendered":"https:\/\/www.sunsetcity.ca\/?post_type=product&#038;p=6288"},"modified":"2024-03-16T14:28:48","modified_gmt":"2024-03-16T21:28:48","slug":"white-maeng-da-kratom","status":"publish","type":"product","link":"https:\/\/sunsetcity.co\/fr\/produit\/maeng-da-kratom-blanc\/","title":{"rendered":"Maeng Da Kratom Blanc"},"content":{"rendered":"<p>\u2022 Le kratom blanc Maeng Da contient des alcalo\u00efdes \u00e9lev\u00e9s en mitragynine et 7-hydroxymitragynine.<br \/>\n\u2022 Connu pour ses effets \u00e9nergisants et stimulants.<br \/>\n\u2022 Utilis\u00e9 comme substitut naturel de la caf\u00e9ine.<br \/>\n\u2022 Peut soulager l&#039;anxi\u00e9t\u00e9, le stress et am\u00e9liorer le bien-\u00eatre.<br \/>\n\u2022 Offre des effets longue dur\u00e9e, jusqu&#039;\u00e0 six heures.<br \/>\n\u2022 Convient aux horaires de travail exigeants et \u00e0 la concentration prolong\u00e9e.<\/p>\n<p>** Vendu \u00e0 des fins de recherche uniquement.<\/p>","protected":false},"excerpt":{"rendered":"<p>\u2022 Le kratom blanc Maeng Da contient des alcalo\u00efdes \u00e9lev\u00e9s en mitragynine et 7-hydroxymitragynine. \u2022 Connu pour ses effets \u00e9nergisants et stimulants. \u2022 Utilis\u00e9 comme substitut naturel de la caf\u00e9ine. \u2022 Peut soulager l&#039;anxi\u00e9t\u00e9, le stress et am\u00e9liorer le bien-\u00eatre. \u2022 Offre des effets longue dur\u00e9e, jusqu&#039;\u00e0 six heures. \u2022 Convient aux horaires de travail exigeants et \u00e0 la concentration prolong\u00e9e. ** Vendu \u00e0 des fins de recherche\u2026<\/p>\n<p class=\"read-more\"> <a class=\"\" href=\"https:\/\/sunsetcity.co\/fr\/produit\/maeng-da-kratom-blanc\/\"> <span class=\"screen-reader-text\">Maeng Da Kratom Blanc<\/span> Lire la suite \u00bb<\/a><\/p>","protected":false},"featured_media":6292,"comment_status":"open","ping_status":"closed","template":"","meta":{"site-sidebar-layout":"default","site-content-layout":"default","ast-global-header-display":"","ast-main-header-display":"","ast-hfb-above-header-display":"","ast-hfb-below-header-display":"","ast-hfb-mobile-header-display":"","site-post-title":"","ast-breadcrumbs-content":"","ast-featured-img":"","footer-sml-layout":"","theme-transparent-header-meta":"default","adv-header-id-meta":"","stick-header-meta":"","header-above-stick-meta":"","header-main-stick-meta":"","header-below-stick-meta":""},"product_brand":[],"product_cat":[15],"product_tag":[279],"class_list":{"0":"post-6288","1":"product","2":"type-product","3":"status-publish","4":"has-post-thumbnail","6":"product_cat-coca-tea","7":"product_tag-kratom","9":"first","10":"outofstock","11":"shipping-taxable","12":"purchasable","13":"product-type-variable","14":"has-default-attributes"},"_links":{"self":[{"href":"https:\/\/sunsetcity.co\/fr\/wp-json\/wp\/v2\/product\/6288","targetHints":{"allow":["GET"]}}],"collection":[{"href":"https:\/\/sunsetcity.co\/fr\/wp-json\/wp\/v2\/product"}],"about":[{"href":"https:\/\/sunsetcity.co\/fr\/wp-json\/wp\/v2\/types\/product"}],"replies":[{"embeddable":true,"href":"https:\/\/sunsetcity.co\/fr\/wp-json\/wp\/v2\/comments?post=6288"}],"wp:featuredmedia":[{"embeddable":true,"href":"https:\/\/sunsetcity.co\/fr\/wp-json\/wp\/v2\/media\/6292"}],"wp:attachment":[{"href":"https:\/\/sunsetcity.co\/fr\/wp-json\/wp\/v2\/media?parent=6288"}],"wp:term":[{"taxonomy":"product_brand","embeddable":true,"href":"https:\/\/sunsetcity.co\/fr\/wp-json\/wp\/v2\/product_brand?post=6288"},{"taxonomy":"product_cat","embeddable":true,"href":"https:\/\/sunsetcity.co\/fr\/wp-json\/wp\/v2\/product_cat?post=6288"},{"taxonomy":"product_tag","embeddable":true,"href":"https:\/\/sunsetcity.co\/fr\/wp-json\/wp\/v2\/product_tag?post=6288"}],"curies":[{"name":"wp","href":"https:\/\/api.w.org\/{rel}","templated":true}]}}