{"id":6349,"date":"2023-09-05T08:59:34","date_gmt":"2023-09-05T15:59:34","guid":{"rendered":"https:\/\/www.sunsetcity.ca\/?post_type=product&#038;p=6349"},"modified":"2025-03-26T17:17:48","modified_gmt":"2025-03-27T00:17:48","slug":"thrasher-mushroom-express-shipping-usa-shipping-limited-quantity-copy","status":"publish","type":"product","link":"https:\/\/sunsetcity.co\/fr\/produit\/thrasher-champignon-expedition-express-usa-expedition-copie-en-quantite-limitee\/","title":{"rendered":"Champignon Penis Envy (exp\u00e9dition express) \u2013 Exp\u00e9dition aux \u00c9tats-Unis \u2013 Quantit\u00e9 limit\u00e9e"},"content":{"rendered":"<p>Pour une dur\u00e9e limit\u00e9e, le Penis Envy est de retour en stock. Ce champignon est l&#039;une des vari\u00e9t\u00e9s les plus puissantes que nous proposons, et se classe parmi les plus puissantes\u00a0!<\/p>\n<p>Champignon Penis Envy (Livraison express). Exp\u00e9dition depuis les \u00c9tats-Unis uniquement. Livraison par USPS prioritaire, sans frais de douane.<br \/>\nEmball\u00e9 dans un sac herm\u00e9tique et scell\u00e9<\/p>","protected":false},"excerpt":{"rendered":"<p>Pour une dur\u00e9e limit\u00e9e, le champignon Penis Envy est de nouveau disponible. Ce champignon est l&#039;une des vari\u00e9t\u00e9s les plus puissantes que nous proposons et se classe parmi les plus puissantes\u00a0! Champignon Penis Envy (Livraison express). Exp\u00e9dition depuis les \u00c9tats-Unis uniquement. Exp\u00e9dition par USPS prioritaire, sans passer par les douanes. Conditionn\u00e9 sous blister\u2026<\/p>\n<p class=\"read-more\"> <a class=\"\" href=\"https:\/\/sunsetcity.co\/fr\/produit\/thrasher-champignon-expedition-express-usa-expedition-copie-en-quantite-limitee\/\"> <span class=\"screen-reader-text\">Champignon Penis Envy (exp\u00e9dition express) \u2013 Exp\u00e9dition aux \u00c9tats-Unis \u2013 Quantit\u00e9 limit\u00e9e<\/span> Lire la suite \u00bb<\/a><\/p>","protected":false},"featured_media":6352,"comment_status":"closed","ping_status":"closed","template":"","meta":{"site-sidebar-layout":"no-sidebar","site-content-layout":"boxed-container","ast-global-header-display":"","ast-main-header-display":"","ast-hfb-above-header-display":"","ast-hfb-below-header-display":"","ast-hfb-mobile-header-display":"","site-post-title":"","ast-breadcrumbs-content":"","ast-featured-img":"","footer-sml-layout":"","theme-transparent-header-meta":"default","adv-header-id-meta":"","stick-header-meta":"","header-above-stick-meta":"","header-main-stick-meta":"","header-below-stick-meta":""},"product_brand":[],"product_cat":[286],"product_tag":[],"class_list":{"0":"post-6349","1":"product","2":"type-product","3":"status-publish","4":"has-post-thumbnail","6":"product_cat-usmushies","8":"first","9":"instock","10":"shipping-taxable","11":"purchasable","12":"product-type-variable","13":"has-default-attributes"},"_links":{"self":[{"href":"https:\/\/sunsetcity.co\/fr\/wp-json\/wp\/v2\/product\/6349","targetHints":{"allow":["GET"]}}],"collection":[{"href":"https:\/\/sunsetcity.co\/fr\/wp-json\/wp\/v2\/product"}],"about":[{"href":"https:\/\/sunsetcity.co\/fr\/wp-json\/wp\/v2\/types\/product"}],"replies":[{"embeddable":true,"href":"https:\/\/sunsetcity.co\/fr\/wp-json\/wp\/v2\/comments?post=6349"}],"wp:featuredmedia":[{"embeddable":true,"href":"https:\/\/sunsetcity.co\/fr\/wp-json\/wp\/v2\/media\/6352"}],"wp:attachment":[{"href":"https:\/\/sunsetcity.co\/fr\/wp-json\/wp\/v2\/media?parent=6349"}],"wp:term":[{"taxonomy":"product_brand","embeddable":true,"href":"https:\/\/sunsetcity.co\/fr\/wp-json\/wp\/v2\/product_brand?post=6349"},{"taxonomy":"product_cat","embeddable":true,"href":"https:\/\/sunsetcity.co\/fr\/wp-json\/wp\/v2\/product_cat?post=6349"},{"taxonomy":"product_tag","embeddable":true,"href":"https:\/\/sunsetcity.co\/fr\/wp-json\/wp\/v2\/product_tag?post=6349"}],"curies":[{"name":"wp","href":"https:\/\/api.w.org\/{rel}","templated":true}]}}